{"id":7124,"date":"2025-11-01T19:43:43","date_gmt":"2025-11-01T19:43:43","guid":{"rendered":"https:\/\/modesthanim.com\/product\/mansetli-bol-kesim-ceket-gol-yesili\/"},"modified":"2025-12-25T23:23:40","modified_gmt":"2025-12-25T23:23:40","slug":"mansetli-bol-kesim-ceket-gol-yesili","status":"publish","type":"product","link":"https:\/\/mod.wisdar.net\/tr\/urun\/mansetli-bol-kesim-ceket-gol-yesili\/","title":{"rendered":"Man\u015fetli Bol Kesim Ceket \u2013 G\u00f6l Ye\u015fili"},"content":{"rendered":"<p>Bu bol kesim ceket, zarif man\u015fet detaylar\u0131 ile serbest bir siluet sunar ve g\u00fcnl\u00fck k\u0131yafetlere modern ve rahat bir dokunu\u015f katar. Hafif yap\u0131s\u0131, mevsim ge\u00e7i\u015fleri i\u00e7in ideal bir se\u00e7im yapar.<\/p>\n<p>Kuma\u015f \u0130\u00e7eri\u011fi: %100 Lyocell<br \/>\nDesen: D\u00fcz<br \/>\nYaka Tipi: Blazer Yaka<br \/>\nKol Tipi: Uzun Kol<br \/>\nCepli: Cepsiz<br \/>\nAstar: Astars\u0131z<br \/>\n\u00dcr\u00fcn Uzunlu\u011fu: 83 cm<br \/>\nKal\u0131p: Bol Kesim<br \/>\nModelin Giydi\u011fi Beden: 38<br \/>\nModel \u00d6l\u00e7\u00fcleri: Boy: 176 cm, G\u00f6\u011f\u00fcs: 86 cm, Bel: 61 cm, Kal\u00e7a: 90 cm<\/p>\n","protected":false},"excerpt":{"rendered":"<p>Bu bol kesim ceket, zarif man\u015fet detaylar\u0131 ile serbest bir siluet sunar ve g\u00fcnl\u00fck k\u0131yafetlere modern ve rahat bir dokunu\u015f katar. Hafif yap\u0131s\u0131, mevsim ge\u00e7i\u015fleri i\u00e7in ideal bir se\u00e7im yapar. Kuma\u015f \u0130\u00e7eri\u011fi: %100 Lyocell Desen: D\u00fcz Yaka Tipi: Blazer Yaka Kol Tipi: Uzun Kol Cepli: Cepsiz Astar: Astars\u0131z \u00dcr\u00fcn Uzunlu\u011fu: 83 cm Kal\u0131p: Bol Kesim [&hellip;]<\/p>\n","protected":false},"featured_media":0,"comment_status":"open","ping_status":"closed","template":"","meta":[],"product_brand":[],"product_cat":[1853],"product_tag":[3138,61,3150],"class_list":{"0":"post-7124","1":"product","2":"type-product","3":"status-publish","5":"product_cat-womens-fashion-ar","6":"product_tag-casual","7":"product_tag-fashion","8":"product_tag-lightweight","9":"pa_color-gol-yesili","11":"first","12":"instock","13":"sale","14":"shipping-taxable","15":"purchasable","16":"product-type-variable"},"_links":{"self":[{"href":"https:\/\/mod.wisdar.net\/tr\/wp-json\/wp\/v2\/product\/7124","targetHints":{"allow":["GET"]}}],"collection":[{"href":"https:\/\/mod.wisdar.net\/tr\/wp-json\/wp\/v2\/product"}],"about":[{"href":"https:\/\/mod.wisdar.net\/tr\/wp-json\/wp\/v2\/types\/product"}],"replies":[{"embeddable":true,"href":"https:\/\/mod.wisdar.net\/tr\/wp-json\/wp\/v2\/comments?post=7124"}],"wp:attachment":[{"href":"https:\/\/mod.wisdar.net\/tr\/wp-json\/wp\/v2\/media?parent=7124"}],"wp:term":[{"taxonomy":"product_brand","embeddable":true,"href":"https:\/\/mod.wisdar.net\/tr\/wp-json\/wp\/v2\/product_brand?post=7124"},{"taxonomy":"product_cat","embeddable":true,"href":"https:\/\/mod.wisdar.net\/tr\/wp-json\/wp\/v2\/product_cat?post=7124"},{"taxonomy":"product_tag","embeddable":true,"href":"https:\/\/mod.wisdar.net\/tr\/wp-json\/wp\/v2\/product_tag?post=7124"}],"curies":[{"name":"wp","href":"https:\/\/api.w.org\/{rel}","templated":true}]}}