{"id":71240,"date":"2026-01-16T10:03:22","date_gmt":"2026-01-16T10:03:22","guid":{"rendered":"https:\/\/modesthanim.com\/product\/dusuk-bel-jean-pantolon\/"},"modified":"2026-04-09T13:02:40","modified_gmt":"2026-04-09T13:02:40","slug":"dusuk-bel-jean-pantolon","status":"publish","type":"product","link":"https:\/\/mod.wisdar.net\/tr\/urun\/dusuk-bel-jean-pantolon\/","title":{"rendered":"D\u00fc\u015f\u00fck Bel Jean Pantolon"},"content":{"rendered":"<p>D\u00fc\u015f\u00fck bel uzun jean y\u0131kamal\u0131 pantolon, modern kesimi ve y\u0131kamal\u0131 g\u00f6r\u00fcn\u00fcm\u00fcyle dikkat \u00e7eker. Uzun pa\u00e7a formu bacak boyunu daha uzun g\u00f6sterirken rahat bir kullan\u0131m sunar. G\u00fcnl\u00fck ve \u015fehir stiline kolayca uyum sa\u011flar.<\/p>\n<p>\u2014 Technical Details \u2014<br \/>\nModel \u00d6l\u00e7\u00fcleri: 36 Beden \u2013 1,74cm \u2013 74\/60\/89<br \/>\nNumune Bedeni: 36<br \/>\n\u00dcr\u00fcn Grubu: Kad\u0131n Pantolon<br \/>\nMen\u015fei: TR<br \/>\nY\u0131kama Detay\u0131: Y\u0131kamal\u0131<br \/>\nRenk: Mavi \/ Koyu Mavi<br \/>\nCinsiyet: Kad\u0131n<br \/>\n\u0130\u00e7 Boy \u00d6l\u00e7\u00fcleri: 34-81 cm, 36-81 cm, 38-81 cm, 40-81 cm, 42-81 cm, 44-81 cm, 46-81 cm<\/p>\n","protected":false},"excerpt":{"rendered":"<p>D\u00fc\u015f\u00fck bel uzun jean y\u0131kamal\u0131 pantolon, modern kesimi ve y\u0131kamal\u0131 g\u00f6r\u00fcn\u00fcm\u00fcyle dikkat \u00e7eker. Uzun pa\u00e7a formu bacak boyunu daha uzun g\u00f6sterirken rahat bir kullan\u0131m sunar. G\u00fcnl\u00fck ve \u015fehir stiline kolayca uyum sa\u011flar. \u2014 Technical Details \u2014 Model \u00d6l\u00e7\u00fcleri: 36 Beden \u2013 1,74cm \u2013 74\/60\/89 Numune Bedeni: 36 \u00dcr\u00fcn Grubu: Kad\u0131n Pantolon Men\u015fei: TR Y\u0131kama Detay\u0131: [&hellip;]<\/p>\n","protected":false},"featured_media":71230,"comment_status":"open","ping_status":"closed","template":"","meta":[],"product_brand":[],"product_cat":[1882],"product_tag":[4905,6749],"class_list":{"0":"post-71240","1":"product","2":"type-product","3":"status-publish","4":"has-post-thumbnail","6":"product_cat-alt-giyim","7":"product_tag-blue","8":"product_tag-pantolon","9":"pa_brand-defacto","10":"pa_color-koyu-mavi","11":"pa_size-4698","12":"pa_size-4701","13":"pa_size-4706","14":"pa_size-4711","15":"pa_size-4713","16":"pa_size-4751","17":"pa_size-4749","19":"first","20":"instock","21":"shipping-taxable","22":"purchasable","23":"product-type-variable"},"_links":{"self":[{"href":"https:\/\/mod.wisdar.net\/tr\/wp-json\/wp\/v2\/product\/71240","targetHints":{"allow":["GET"]}}],"collection":[{"href":"https:\/\/mod.wisdar.net\/tr\/wp-json\/wp\/v2\/product"}],"about":[{"href":"https:\/\/mod.wisdar.net\/tr\/wp-json\/wp\/v2\/types\/product"}],"replies":[{"embeddable":true,"href":"https:\/\/mod.wisdar.net\/tr\/wp-json\/wp\/v2\/comments?post=71240"}],"wp:featuredmedia":[{"embeddable":true,"href":"https:\/\/mod.wisdar.net\/tr\/wp-json\/wp\/v2\/media\/71230"}],"wp:attachment":[{"href":"https:\/\/mod.wisdar.net\/tr\/wp-json\/wp\/v2\/media?parent=71240"}],"wp:term":[{"taxonomy":"product_brand","embeddable":true,"href":"https:\/\/mod.wisdar.net\/tr\/wp-json\/wp\/v2\/product_brand?post=71240"},{"taxonomy":"product_cat","embeddable":true,"href":"https:\/\/mod.wisdar.net\/tr\/wp-json\/wp\/v2\/product_cat?post=71240"},{"taxonomy":"product_tag","embeddable":true,"href":"https:\/\/mod.wisdar.net\/tr\/wp-json\/wp\/v2\/product_tag?post=71240"}],"curies":[{"name":"wp","href":"https:\/\/api.w.org\/{rel}","templated":true}]}}