{"id":71248,"date":"2026-01-16T10:03:23","date_gmt":"2026-01-16T10:03:23","guid":{"rendered":"https:\/\/modesthanim.com\/product\/dusuk-bel-uzun-jean-yikamali-pantolon\/"},"modified":"2026-03-28T18:41:24","modified_gmt":"2026-03-28T18:41:24","slug":"dusuk-bel-uzun-jean-yikamali-pantolon","status":"publish","type":"product","link":"https:\/\/mod.wisdar.net\/tr\/urun\/dusuk-bel-uzun-jean-yikamali-pantolon\/","title":{"rendered":"D\u00fc\u015f\u00fck Bel Uzun Jean Y\u0131kamal\u0131 Pantolon"},"content":{"rendered":"<p>D\u00fc\u015f\u00fck bel uzun jean y\u0131kamal\u0131 pantolon, modern kesimi ve y\u0131kamal\u0131 g\u00f6r\u00fcn\u00fcm\u00fcyle dikkat \u00e7eker. Uzun pa\u00e7a formu bacak boyunu daha uzun g\u00f6sterirken rahat bir kullan\u0131m sunar. G\u00fcnl\u00fck ve \u015fehir stiline kolayca uyum sa\u011flar.<\/p>\n<p>\u2014 Technical Details \u2014<br \/>\nmodel_measurements: 36 Beden \u2013 1,74cm \u2013 74\/60\/89<br \/>\nsample_size: 36<br \/>\nproduct_type: Pantolon<br \/>\ngender: Kad\u0131n<br \/>\nwashing_detail: Y\u0131kamal\u0131<br \/>\norigin: TR<br \/>\ninner_length: 81 cm<\/p>\n","protected":false},"excerpt":{"rendered":"<p>D\u00fc\u015f\u00fck bel uzun jean y\u0131kamal\u0131 pantolon, modern kesimi ve y\u0131kamal\u0131 g\u00f6r\u00fcn\u00fcm\u00fcyle dikkat \u00e7eker. Uzun pa\u00e7a formu bacak boyunu daha uzun g\u00f6sterirken rahat bir kullan\u0131m sunar. G\u00fcnl\u00fck ve \u015fehir stiline kolayca uyum sa\u011flar. \u2014 Technical Details \u2014 model_measurements: 36 Beden \u2013 1,74cm \u2013 74\/60\/89 sample_size: 36 product_type: Pantolon gender: Kad\u0131n washing_detail: Y\u0131kamal\u0131 origin: TR inner_length: 81 [&hellip;]<\/p>\n","protected":false},"featured_media":71231,"comment_status":"open","ping_status":"closed","template":"","meta":[],"product_brand":[],"product_cat":[1882],"product_tag":[4905],"class_list":{"0":"post-71248","1":"product","2":"type-product","3":"status-publish","4":"has-post-thumbnail","6":"product_cat-alt-giyim","7":"product_tag-blue","8":"pa_brand-defacto","9":"pa_color-mavi","10":"pa_size-4698","11":"pa_size-4701","12":"pa_size-4706","13":"pa_size-4711","14":"pa_size-4713","15":"pa_size-4751","16":"pa_size-4749","18":"first","19":"outofstock","20":"shipping-taxable","21":"product-type-variable"},"_links":{"self":[{"href":"https:\/\/mod.wisdar.net\/tr\/wp-json\/wp\/v2\/product\/71248","targetHints":{"allow":["GET"]}}],"collection":[{"href":"https:\/\/mod.wisdar.net\/tr\/wp-json\/wp\/v2\/product"}],"about":[{"href":"https:\/\/mod.wisdar.net\/tr\/wp-json\/wp\/v2\/types\/product"}],"replies":[{"embeddable":true,"href":"https:\/\/mod.wisdar.net\/tr\/wp-json\/wp\/v2\/comments?post=71248"}],"wp:featuredmedia":[{"embeddable":true,"href":"https:\/\/mod.wisdar.net\/tr\/wp-json\/wp\/v2\/media\/71231"}],"wp:attachment":[{"href":"https:\/\/mod.wisdar.net\/tr\/wp-json\/wp\/v2\/media?parent=71248"}],"wp:term":[{"taxonomy":"product_brand","embeddable":true,"href":"https:\/\/mod.wisdar.net\/tr\/wp-json\/wp\/v2\/product_brand?post=71248"},{"taxonomy":"product_cat","embeddable":true,"href":"https:\/\/mod.wisdar.net\/tr\/wp-json\/wp\/v2\/product_cat?post=71248"},{"taxonomy":"product_tag","embeddable":true,"href":"https:\/\/mod.wisdar.net\/tr\/wp-json\/wp\/v2\/product_tag?post=71248"}],"curies":[{"name":"wp","href":"https:\/\/api.w.org\/{rel}","templated":true}]}}