{"id":71305,"date":"2026-01-16T10:04:05","date_gmt":"2026-01-16T10:04:05","guid":{"rendered":"https:\/\/modesthanim.com\/product\/90lar-genis-paca-jean-pantolon\/"},"modified":"2026-03-22T11:00:47","modified_gmt":"2026-03-22T11:00:47","slug":"90lar-genis-paca-jean-pantolon","status":"publish","type":"product","link":"https:\/\/mod.wisdar.net\/tr\/urun\/90lar-genis-paca-jean-pantolon\/","title":{"rendered":"90&#8217;lar Geni\u015f Pa\u00e7a Jean Pantolon"},"content":{"rendered":"<p>90&#8217;lar geni\u015f pa\u00e7a y\u00fcksek bel d\u00fcz pa\u00e7a uzun jean y\u0131kamal\u0131 pantolon, retro esintili tasar\u0131m\u0131 ve bol kesimiyle \u00fcst\u00fcn konfor sunar. Y\u00fcksek bel ve y\u0131kamal\u0131 dokusu sayesinde hem \u015f\u0131k hem de vintage tarz\u0131 sevenler i\u00e7in ideal bir kombinasyon par\u00e7as\u0131d\u0131r.<\/p>\n","protected":false},"excerpt":{"rendered":"<p>90&#8217;lar geni\u015f pa\u00e7a y\u00fcksek bel d\u00fcz pa\u00e7a uzun jean y\u0131kamal\u0131 pantolon, retro esintili tasar\u0131m\u0131 ve bol kesimiyle \u00fcst\u00fcn konfor sunar. Y\u00fcksek bel ve y\u0131kamal\u0131 dokusu sayesinde hem \u015f\u0131k hem de vintage tarz\u0131 sevenler i\u00e7in ideal bir kombinasyon par\u00e7as\u0131d\u0131r.<\/p>\n","protected":false},"featured_media":71300,"comment_status":"open","ping_status":"closed","template":"","meta":[],"product_brand":[],"product_cat":[1882],"product_tag":[],"class_list":{"0":"post-71305","1":"product","2":"type-product","3":"status-publish","4":"has-post-thumbnail","6":"product_cat-alt-giyim","7":"pa_brand-defacto","8":"pa_color-gri","9":"pa_size-7846","10":"pa_size-4698","11":"pa_size-4701","12":"pa_size-4706","13":"pa_size-4711","14":"pa_size-4713","15":"pa_size-4751","17":"first","18":"outofstock","19":"shipping-taxable","20":"product-type-variable"},"_links":{"self":[{"href":"https:\/\/mod.wisdar.net\/tr\/wp-json\/wp\/v2\/product\/71305","targetHints":{"allow":["GET"]}}],"collection":[{"href":"https:\/\/mod.wisdar.net\/tr\/wp-json\/wp\/v2\/product"}],"about":[{"href":"https:\/\/mod.wisdar.net\/tr\/wp-json\/wp\/v2\/types\/product"}],"replies":[{"embeddable":true,"href":"https:\/\/mod.wisdar.net\/tr\/wp-json\/wp\/v2\/comments?post=71305"}],"wp:featuredmedia":[{"embeddable":true,"href":"https:\/\/mod.wisdar.net\/tr\/wp-json\/wp\/v2\/media\/71300"}],"wp:attachment":[{"href":"https:\/\/mod.wisdar.net\/tr\/wp-json\/wp\/v2\/media?parent=71305"}],"wp:term":[{"taxonomy":"product_brand","embeddable":true,"href":"https:\/\/mod.wisdar.net\/tr\/wp-json\/wp\/v2\/product_brand?post=71305"},{"taxonomy":"product_cat","embeddable":true,"href":"https:\/\/mod.wisdar.net\/tr\/wp-json\/wp\/v2\/product_cat?post=71305"},{"taxonomy":"product_tag","embeddable":true,"href":"https:\/\/mod.wisdar.net\/tr\/wp-json\/wp\/v2\/product_tag?post=71305"}],"curies":[{"name":"wp","href":"https:\/\/api.w.org\/{rel}","templated":true}]}}