{"id":71361,"date":"2026-01-16T10:14:01","date_gmt":"2026-01-16T10:14:01","guid":{"rendered":"https:\/\/modesthanim.com\/product\/slim-fit-cizgili-kazak\/"},"modified":"2026-04-09T13:03:54","modified_gmt":"2026-04-09T13:03:54","slug":"slim-fit-cizgili-kazak","status":"publish","type":"product","link":"https:\/\/mod.wisdar.net\/tr\/urun\/slim-fit-cizgili-kazak\/","title":{"rendered":"Slim Fit \u00c7izgili Kazak"},"content":{"rendered":"<p>Slim fit dar kesim bebe yaka \u00e7izgili kazak, v\u00fccuda oturan kesimiyle \u015f\u0131k ve modern bir g\u00f6r\u00fcn\u00fcm sunar. \u00c7izgili deseni ve bebe yaka detay\u0131 sayesinde kombinlere zarif bir hava katar.<\/p>\n","protected":false},"excerpt":{"rendered":"<p>Slim fit dar kesim bebe yaka \u00e7izgili kazak, v\u00fccuda oturan kesimiyle \u015f\u0131k ve modern bir g\u00f6r\u00fcn\u00fcm sunar. \u00c7izgili deseni ve bebe yaka detay\u0131 sayesinde kombinlere zarif bir hava katar.<\/p>\n","protected":false},"featured_media":71353,"comment_status":"open","ping_status":"closed","template":"","meta":[],"product_brand":[],"product_cat":[1927],"product_tag":[8110,5012,5013,7310],"class_list":{"0":"post-71361","1":"product","2":"type-product","3":"status-publish","4":"has-post-thumbnail","6":"product_cat-hoodies-sweatshirtler","7":"product_tag-bisiklet-yaka-2","8":"product_tag-elegant","9":"product_tag-modern","10":"product_tag-slim-fit","11":"pa_brand-defacto","12":"pa_color-kirik-beyaz","13":"pa_size-l","14":"pa_size-m","15":"pa_size-s","16":"pa_size-xl","18":"first","19":"instock","20":"shipping-taxable","21":"purchasable","22":"product-type-variable"},"_links":{"self":[{"href":"https:\/\/mod.wisdar.net\/tr\/wp-json\/wp\/v2\/product\/71361","targetHints":{"allow":["GET"]}}],"collection":[{"href":"https:\/\/mod.wisdar.net\/tr\/wp-json\/wp\/v2\/product"}],"about":[{"href":"https:\/\/mod.wisdar.net\/tr\/wp-json\/wp\/v2\/types\/product"}],"replies":[{"embeddable":true,"href":"https:\/\/mod.wisdar.net\/tr\/wp-json\/wp\/v2\/comments?post=71361"}],"wp:featuredmedia":[{"embeddable":true,"href":"https:\/\/mod.wisdar.net\/tr\/wp-json\/wp\/v2\/media\/71353"}],"wp:attachment":[{"href":"https:\/\/mod.wisdar.net\/tr\/wp-json\/wp\/v2\/media?parent=71361"}],"wp:term":[{"taxonomy":"product_brand","embeddable":true,"href":"https:\/\/mod.wisdar.net\/tr\/wp-json\/wp\/v2\/product_brand?post=71361"},{"taxonomy":"product_cat","embeddable":true,"href":"https:\/\/mod.wisdar.net\/tr\/wp-json\/wp\/v2\/product_cat?post=71361"},{"taxonomy":"product_tag","embeddable":true,"href":"https:\/\/mod.wisdar.net\/tr\/wp-json\/wp\/v2\/product_tag?post=71361"}],"curies":[{"name":"wp","href":"https:\/\/api.w.org\/{rel}","templated":true}]}}