{"id":71435,"date":"2026-01-16T10:14:42","date_gmt":"2026-01-16T10:14:42","guid":{"rendered":"https:\/\/modesthanim.com\/product\/slim-fit-triko-hirka-2\/"},"modified":"2026-04-09T13:04:20","modified_gmt":"2026-04-09T13:04:20","slug":"slim-fit-triko-hirka-2","status":"publish","type":"product","link":"https:\/\/mod.wisdar.net\/tr\/urun\/slim-fit-triko-hirka-2\/","title":{"rendered":"Slim Fit Triko H\u0131rka"},"content":{"rendered":"<p>Slim fit dar kesim ba\u011flama detayl\u0131 h\u0131rka, v\u00fccuda oturan formu ve \u015f\u0131k ba\u011flama detay\u0131yla zarif bir g\u00f6r\u00fcn\u00fcm sunar. Yumu\u015fak dokusu sayesinde g\u00fcn boyu konfor sa\u011flarken kombinlere modern bir dokunu\u015f katar.<\/p>\n<p>\u2014 Teknik Detaylar \u2014<br \/>\nModel \u00d6l\u00e7\u00fcleri: S Beden \u2013 1,75cm \u2013 84\/59\/89<br \/>\nNumune Bedeni: S<br \/>\nMarka: Defacto<br \/>\nMen\u015fei: TR<br \/>\n\u00dcr\u00fcn Grubu: Kad\u0131n H\u0131rka<br \/>\nCinsiyet: Kad\u0131n<br \/>\nRenk: Bordo<br \/>\nKal\u0131p: Slim Fit Dar Kesim<br \/>\nDantel Detay: Dantel Detayl\u0131<br \/>\n\u00dcr\u00fcn Uzunluk \u00d6l\u00e7\u00fcleri: Omuzdan Arka Boy: S-47 cm, M-48 cm, L-49 cm, Xl-50 cm<\/p>\n","protected":false},"excerpt":{"rendered":"<p>Slim fit dar kesim ba\u011flama detayl\u0131 h\u0131rka, v\u00fccuda oturan formu ve \u015f\u0131k ba\u011flama detay\u0131yla zarif bir g\u00f6r\u00fcn\u00fcm sunar. Yumu\u015fak dokusu sayesinde g\u00fcn boyu konfor sa\u011flarken kombinlere modern bir dokunu\u015f katar. \u2014 Teknik Detaylar \u2014 Model \u00d6l\u00e7\u00fcleri: S Beden \u2013 1,75cm \u2013 84\/59\/89 Numune Bedeni: S Marka: Defacto Men\u015fei: TR \u00dcr\u00fcn Grubu: Kad\u0131n H\u0131rka Cinsiyet: Kad\u0131n [&hellip;]<\/p>\n","protected":false},"featured_media":71427,"comment_status":"open","ping_status":"closed","template":"","meta":[],"product_brand":[],"product_cat":[1927],"product_tag":[7845],"class_list":{"0":"post-71435","1":"product","2":"type-product","3":"status-publish","4":"has-post-thumbnail","6":"product_cat-hoodies-sweatshirtler","7":"product_tag-kadin","8":"pa_brand-defacto","9":"pa_color-bordo","10":"pa_size-l","11":"pa_size-m","12":"pa_size-s","13":"pa_size-xl","15":"first","16":"instock","17":"shipping-taxable","18":"purchasable","19":"product-type-variable"},"_links":{"self":[{"href":"https:\/\/mod.wisdar.net\/tr\/wp-json\/wp\/v2\/product\/71435","targetHints":{"allow":["GET"]}}],"collection":[{"href":"https:\/\/mod.wisdar.net\/tr\/wp-json\/wp\/v2\/product"}],"about":[{"href":"https:\/\/mod.wisdar.net\/tr\/wp-json\/wp\/v2\/types\/product"}],"replies":[{"embeddable":true,"href":"https:\/\/mod.wisdar.net\/tr\/wp-json\/wp\/v2\/comments?post=71435"}],"wp:featuredmedia":[{"embeddable":true,"href":"https:\/\/mod.wisdar.net\/tr\/wp-json\/wp\/v2\/media\/71427"}],"wp:attachment":[{"href":"https:\/\/mod.wisdar.net\/tr\/wp-json\/wp\/v2\/media?parent=71435"}],"wp:term":[{"taxonomy":"product_brand","embeddable":true,"href":"https:\/\/mod.wisdar.net\/tr\/wp-json\/wp\/v2\/product_brand?post=71435"},{"taxonomy":"product_cat","embeddable":true,"href":"https:\/\/mod.wisdar.net\/tr\/wp-json\/wp\/v2\/product_cat?post=71435"},{"taxonomy":"product_tag","embeddable":true,"href":"https:\/\/mod.wisdar.net\/tr\/wp-json\/wp\/v2\/product_tag?post=71435"}],"curies":[{"name":"wp","href":"https:\/\/api.w.org\/{rel}","templated":true}]}}