{"id":71445,"date":"2026-01-16T10:14:47","date_gmt":"2026-01-16T10:14:47","guid":{"rendered":"https:\/\/modesthanim.com\/product\/fermuarli-cepli-tafta-ceket\/"},"modified":"2026-04-04T16:25:19","modified_gmt":"2026-04-04T16:25:19","slug":"fermuarli-cepli-tafta-ceket","status":"publish","type":"product","link":"https:\/\/mod.wisdar.net\/tr\/urun\/fermuarli-cepli-tafta-ceket\/","title":{"rendered":"Fermuarl\u0131 Cepli Tafta Ceket"},"content":{"rendered":"<p>Parlak tafta kuma\u015f\u0131yla dikkat \u00e7eken bu ceket, fermuarl\u0131 ve cepli tasar\u0131m\u0131yla hem \u015f\u0131k hem fonksiyonel bir g\u00f6r\u00fcn\u00fcm sunar. Hafif yap\u0131s\u0131yla mevsim ge\u00e7i\u015flerinde ideal bir tamamlay\u0131c\u0131d\u0131r.<\/p>\n<p>\u2014 Technical Details \u2014<br \/>\nmodel_measurements: 36 Beden \u2013 1,74cm \u2013 74\/60\/89<br \/>\nsample_size: 36<br \/>\ncountry_of_origin: TR<br \/>\nproduct_type: Ceket<br \/>\nclosure_detail: Fermuarl\u0131<br \/>\nsleeve_length: Uzun Kollu<br \/>\ncare_instructions: [&#8216;Kuru Temizleme Yap\u0131labilir Trikloretilen Hari\u00e7&#8217;, &#8216;D\u00fc\u015f\u00fck S\u0131cakl\u0131kta \u00dct\u00fcleyiniz&#8217;, &#8216;Tamburlu Kurutma Yapmay\u0131n\u0131z&#8217;, &#8216;Maksimum 30\u00b0C S\u0131cakl\u0131kta Hassas Y\u0131kama&#8217;, &#8216;A\u011fart\u0131c\u0131 Kullanmay\u0131n\u0131z&#8217;]<\/p>\n","protected":false},"excerpt":{"rendered":"<p>Parlak tafta kuma\u015f\u0131yla dikkat \u00e7eken bu ceket, fermuarl\u0131 ve cepli tasar\u0131m\u0131yla hem \u015f\u0131k hem fonksiyonel bir g\u00f6r\u00fcn\u00fcm sunar. Hafif yap\u0131s\u0131yla mevsim ge\u00e7i\u015flerinde ideal bir tamamlay\u0131c\u0131d\u0131r. \u2014 Technical Details \u2014 model_measurements: 36 Beden \u2013 1,74cm \u2013 74\/60\/89 sample_size: 36 country_of_origin: TR product_type: Ceket closure_detail: Fermuarl\u0131 sleeve_length: Uzun Kollu care_instructions: [&#8216;Kuru Temizleme Yap\u0131labilir Trikloretilen Hari\u00e7&#8217;, &#8216;D\u00fc\u015f\u00fck S\u0131cakl\u0131kta [&hellip;]<\/p>\n","protected":false},"featured_media":71434,"comment_status":"open","ping_status":"closed","template":"","meta":[],"product_brand":[],"product_cat":[2044],"product_tag":[6777,7309,6768],"class_list":{"0":"post-71445","1":"product","2":"type-product","3":"status-publish","4":"has-post-thumbnail","6":"product_cat-ceketler","7":"product_tag-antrasit","8":"product_tag-fermuarli","9":"product_tag-uzun-kol","10":"pa_brand-defacto","11":"pa_color-antrasit","12":"pa_size-4698","13":"pa_size-4701","14":"pa_size-4706","15":"pa_size-4711","16":"pa_size-4713","18":"first","19":"instock","20":"sale","21":"shipping-taxable","22":"purchasable","23":"product-type-variable"},"_links":{"self":[{"href":"https:\/\/mod.wisdar.net\/tr\/wp-json\/wp\/v2\/product\/71445","targetHints":{"allow":["GET"]}}],"collection":[{"href":"https:\/\/mod.wisdar.net\/tr\/wp-json\/wp\/v2\/product"}],"about":[{"href":"https:\/\/mod.wisdar.net\/tr\/wp-json\/wp\/v2\/types\/product"}],"replies":[{"embeddable":true,"href":"https:\/\/mod.wisdar.net\/tr\/wp-json\/wp\/v2\/comments?post=71445"}],"wp:featuredmedia":[{"embeddable":true,"href":"https:\/\/mod.wisdar.net\/tr\/wp-json\/wp\/v2\/media\/71434"}],"wp:attachment":[{"href":"https:\/\/mod.wisdar.net\/tr\/wp-json\/wp\/v2\/media?parent=71445"}],"wp:term":[{"taxonomy":"product_brand","embeddable":true,"href":"https:\/\/mod.wisdar.net\/tr\/wp-json\/wp\/v2\/product_brand?post=71445"},{"taxonomy":"product_cat","embeddable":true,"href":"https:\/\/mod.wisdar.net\/tr\/wp-json\/wp\/v2\/product_cat?post=71445"},{"taxonomy":"product_tag","embeddable":true,"href":"https:\/\/mod.wisdar.net\/tr\/wp-json\/wp\/v2\/product_tag?post=71445"}],"curies":[{"name":"wp","href":"https:\/\/api.w.org\/{rel}","templated":true}]}}