{"id":71514,"date":"2026-01-16T10:15:27","date_gmt":"2026-01-16T10:15:27","guid":{"rendered":"https:\/\/modesthanim.com\/product\/dad-fit-dik-yaka-fermuarli-suni-deri-ceket\/"},"modified":"2026-04-02T20:39:36","modified_gmt":"2026-04-02T20:39:36","slug":"dad-fit-dik-yaka-fermuarli-suni-deri-ceket","status":"publish","type":"product","link":"https:\/\/mod.wisdar.net\/tr\/urun\/dad-fit-dik-yaka-fermuarli-suni-deri-ceket\/","title":{"rendered":"Dad Fit Dik Yaka Fermuarl\u0131 Suni Deri Ceket"},"content":{"rendered":"<p>Dad fit kesimi ve dik yaka tasar\u0131m\u0131yla modern bir stil sunan fermuarl\u0131 suni deri ceket, \u015f\u0131k ve dayan\u0131kl\u0131 yap\u0131s\u0131yla g\u00fcnl\u00fck kombinlere haval\u0131 bir dokunu\u015f katar. Rahat kal\u0131b\u0131 sayesinde hareket \u00f6zg\u00fcrl\u00fc\u011f\u00fc sa\u011flar.<\/p>\n<p>\u2014 Teknik Detaylar \u2014<br \/>\nCinsiyet: Kad\u0131n<br \/>\nRenk: Siyah<br \/>\nYaka: Dik Yaka<br \/>\nD\u0131\u015f Giyim \u00dcr\u00fcn Grubu: Suni Deri Ceket<br \/>\nKal\u0131p: Dad Fit<br \/>\nKuma\u015f: Suni Deri<br \/>\n\u00dcr\u00fcn Tipi: Mont<br \/>\nMen\u015fei: CN<\/p>\n","protected":false},"excerpt":{"rendered":"<p>Dad fit kesimi ve dik yaka tasar\u0131m\u0131yla modern bir stil sunan fermuarl\u0131 suni deri ceket, \u015f\u0131k ve dayan\u0131kl\u0131 yap\u0131s\u0131yla g\u00fcnl\u00fck kombinlere haval\u0131 bir dokunu\u015f katar. Rahat kal\u0131b\u0131 sayesinde hareket \u00f6zg\u00fcrl\u00fc\u011f\u00fc sa\u011flar. \u2014 Teknik Detaylar \u2014 Cinsiyet: Kad\u0131n Renk: Siyah Yaka: Dik Yaka D\u0131\u015f Giyim \u00dcr\u00fcn Grubu: Suni Deri Ceket Kal\u0131p: Dad Fit Kuma\u015f: Suni Deri [&hellip;]<\/p>\n","protected":false},"featured_media":71504,"comment_status":"open","ping_status":"closed","template":"","meta":[],"product_brand":[],"product_cat":[2044],"product_tag":[7845],"class_list":{"0":"post-71514","1":"product","2":"type-product","3":"status-publish","4":"has-post-thumbnail","6":"product_cat-ceketler","7":"product_tag-kadin","8":"pa_brand-defacto","9":"pa_color-siyah","10":"pa_size-l","11":"pa_size-m","12":"pa_size-s","13":"pa_size-xl","14":"pa_size-xxl","16":"first","17":"outofstock","18":"shipping-taxable","19":"product-type-variable"},"_links":{"self":[{"href":"https:\/\/mod.wisdar.net\/tr\/wp-json\/wp\/v2\/product\/71514","targetHints":{"allow":["GET"]}}],"collection":[{"href":"https:\/\/mod.wisdar.net\/tr\/wp-json\/wp\/v2\/product"}],"about":[{"href":"https:\/\/mod.wisdar.net\/tr\/wp-json\/wp\/v2\/types\/product"}],"replies":[{"embeddable":true,"href":"https:\/\/mod.wisdar.net\/tr\/wp-json\/wp\/v2\/comments?post=71514"}],"wp:featuredmedia":[{"embeddable":true,"href":"https:\/\/mod.wisdar.net\/tr\/wp-json\/wp\/v2\/media\/71504"}],"wp:attachment":[{"href":"https:\/\/mod.wisdar.net\/tr\/wp-json\/wp\/v2\/media?parent=71514"}],"wp:term":[{"taxonomy":"product_brand","embeddable":true,"href":"https:\/\/mod.wisdar.net\/tr\/wp-json\/wp\/v2\/product_brand?post=71514"},{"taxonomy":"product_cat","embeddable":true,"href":"https:\/\/mod.wisdar.net\/tr\/wp-json\/wp\/v2\/product_cat?post=71514"},{"taxonomy":"product_tag","embeddable":true,"href":"https:\/\/mod.wisdar.net\/tr\/wp-json\/wp\/v2\/product_tag?post=71514"}],"curies":[{"name":"wp","href":"https:\/\/api.w.org\/{rel}","templated":true}]}}