{"id":71653,"date":"2026-01-16T10:29:44","date_gmt":"2026-01-16T10:29:44","guid":{"rendered":"https:\/\/modesthanim.com\/product\/regular-fit-suni-kurk-yaka-kusakli-kase-uzun-kaban\/"},"modified":"2026-04-05T20:11:47","modified_gmt":"2026-04-05T20:11:47","slug":"regular-fit-suni-kurk-yaka-kusakli-kase-uzun-kaban","status":"publish","type":"product","link":"https:\/\/mod.wisdar.net\/tr\/urun\/regular-fit-suni-kurk-yaka-kusakli-kase-uzun-kaban\/","title":{"rendered":"Regular Fit Suni K\u00fcrk Yaka Ku\u015fakl\u0131 Ka\u015fe Uzun Kaban"},"content":{"rendered":"<p>Regular Fit Suni K\u00fcrk Yaka Ku\u015fakl\u0131 Ka\u015fe Uzun Kaban, zarif ve feminen bir duru\u015f sunar. Suni k\u00fcrk yakas\u0131 l\u00fcks bir dokunu\u015f katarken, ku\u015fakl\u0131 bel detay\u0131 silueti dengeler ve \u015f\u0131kl\u0131\u011f\u0131 vurgular. Ka\u015fe kuma\u015f\u0131 ise so\u011fuk g\u00fcnlerde s\u0131cak tutar.<\/p>\n","protected":false},"excerpt":{"rendered":"<p>Regular Fit Suni K\u00fcrk Yaka Ku\u015fakl\u0131 Ka\u015fe Uzun Kaban, zarif ve feminen bir duru\u015f sunar. Suni k\u00fcrk yakas\u0131 l\u00fcks bir dokunu\u015f katarken, ku\u015fakl\u0131 bel detay\u0131 silueti dengeler ve \u015f\u0131kl\u0131\u011f\u0131 vurgular. Ka\u015fe kuma\u015f\u0131 ise so\u011fuk g\u00fcnlerde s\u0131cak tutar.<\/p>\n","protected":false},"featured_media":71633,"comment_status":"open","ping_status":"closed","template":"","meta":[],"product_brand":[],"product_cat":[2047],"product_tag":[8173,7668,7895,6312,7972,6313],"class_list":{"0":"post-71653","1":"product","2":"type-product","3":"status-publish","4":"has-post-thumbnail","6":"product_cat-paltolar","7":"product_tag-kasmir","8":"product_tag-kemerli","9":"product_tag-kis-modasi","10":"product_tag-long-coat","11":"product_tag-suni-kurk","12":"product_tag-womens-coat","13":"pa_brand-defacto","14":"pa_color-ekru","15":"pa_size-l","16":"pa_size-m","17":"pa_size-s","18":"pa_size-xl","20":"first","21":"instock","22":"sale","23":"shipping-taxable","24":"purchasable","25":"product-type-variable"},"_links":{"self":[{"href":"https:\/\/mod.wisdar.net\/tr\/wp-json\/wp\/v2\/product\/71653","targetHints":{"allow":["GET"]}}],"collection":[{"href":"https:\/\/mod.wisdar.net\/tr\/wp-json\/wp\/v2\/product"}],"about":[{"href":"https:\/\/mod.wisdar.net\/tr\/wp-json\/wp\/v2\/types\/product"}],"replies":[{"embeddable":true,"href":"https:\/\/mod.wisdar.net\/tr\/wp-json\/wp\/v2\/comments?post=71653"}],"wp:featuredmedia":[{"embeddable":true,"href":"https:\/\/mod.wisdar.net\/tr\/wp-json\/wp\/v2\/media\/71633"}],"wp:attachment":[{"href":"https:\/\/mod.wisdar.net\/tr\/wp-json\/wp\/v2\/media?parent=71653"}],"wp:term":[{"taxonomy":"product_brand","embeddable":true,"href":"https:\/\/mod.wisdar.net\/tr\/wp-json\/wp\/v2\/product_brand?post=71653"},{"taxonomy":"product_cat","embeddable":true,"href":"https:\/\/mod.wisdar.net\/tr\/wp-json\/wp\/v2\/product_cat?post=71653"},{"taxonomy":"product_tag","embeddable":true,"href":"https:\/\/mod.wisdar.net\/tr\/wp-json\/wp\/v2\/product_tag?post=71653"}],"curies":[{"name":"wp","href":"https:\/\/api.w.org\/{rel}","templated":true}]}}