{"id":71722,"date":"2026-01-16T10:30:30","date_gmt":"2026-01-16T10:30:30","guid":{"rendered":"https:\/\/modesthanim.com\/product\/yun-karisimli-cikarilabilir-atkili-relax-fit-dugmeli-kase-kaban\/"},"modified":"2026-01-16T10:30:48","modified_gmt":"2026-01-16T10:30:48","slug":"yun-karisimli-cikarilabilir-atkili-relax-fit-dugmeli-kase-kaban","status":"publish","type":"product","link":"https:\/\/mod.wisdar.net\/tr\/urun\/yun-karisimli-cikarilabilir-atkili-relax-fit-dugmeli-kase-kaban\/","title":{"rendered":"Y\u00fcn Kar\u0131\u015f\u0131ml\u0131 \u00c7\u0131kar\u0131labilir Atk\u0131l\u0131 Relax Fit D\u00fc\u011fmeli Ka\u015fe Kaban"},"content":{"rendered":"<p>Y\u00fcn kar\u0131\u015f\u0131ml\u0131 \u00e7\u0131kar\u0131labilir atk\u0131l\u0131 relax fit uzun ka\u015fe kaban, yumu\u015fak ve s\u0131cak yap\u0131s\u0131yla so\u011fuk havalarda konfor sa\u011flar. Relax fit kesimi ve uzun tasar\u0131m\u0131yla rahat bir siluet sunar. \u00c7\u0131kar\u0131labilir atk\u0131s\u0131 sayesinde farkl\u0131 stiller yaratman\u0131za olanak tan\u0131r.<\/p>\n","protected":false},"excerpt":{"rendered":"<p>Y\u00fcn kar\u0131\u015f\u0131ml\u0131 \u00e7\u0131kar\u0131labilir atk\u0131l\u0131 relax fit uzun ka\u015fe kaban, yumu\u015fak ve s\u0131cak yap\u0131s\u0131yla so\u011fuk havalarda konfor sa\u011flar. Relax fit kesimi ve uzun tasar\u0131m\u0131yla rahat bir siluet sunar. \u00c7\u0131kar\u0131labilir atk\u0131s\u0131 sayesinde farkl\u0131 stiller yaratman\u0131za olanak tan\u0131r.<\/p>\n","protected":false},"featured_media":71713,"comment_status":"open","ping_status":"closed","template":"","meta":[],"product_brand":[],"product_cat":[2047],"product_tag":[8177,6312,6882,6311,7980],"class_list":{"0":"post-71722","1":"product","2":"type-product","3":"status-publish","4":"has-post-thumbnail","6":"product_cat-paltolar","7":"product_tag-dugmeli-kaban-2","8":"product_tag-long-coat","9":"product_tag-rahat-kesim-2","10":"product_tag-winter-coat","11":"product_tag-yun-karisimli-kaban","12":"pa_brand-defacto","13":"pa_color-ekru","14":"pa_size-l","15":"pa_size-m","16":"pa_size-s","17":"pa_size-xl","19":"first","20":"instock","21":"sale","22":"shipping-taxable","23":"purchasable","24":"product-type-variable"},"_links":{"self":[{"href":"https:\/\/mod.wisdar.net\/tr\/wp-json\/wp\/v2\/product\/71722","targetHints":{"allow":["GET"]}}],"collection":[{"href":"https:\/\/mod.wisdar.net\/tr\/wp-json\/wp\/v2\/product"}],"about":[{"href":"https:\/\/mod.wisdar.net\/tr\/wp-json\/wp\/v2\/types\/product"}],"replies":[{"embeddable":true,"href":"https:\/\/mod.wisdar.net\/tr\/wp-json\/wp\/v2\/comments?post=71722"}],"wp:featuredmedia":[{"embeddable":true,"href":"https:\/\/mod.wisdar.net\/tr\/wp-json\/wp\/v2\/media\/71713"}],"wp:attachment":[{"href":"https:\/\/mod.wisdar.net\/tr\/wp-json\/wp\/v2\/media?parent=71722"}],"wp:term":[{"taxonomy":"product_brand","embeddable":true,"href":"https:\/\/mod.wisdar.net\/tr\/wp-json\/wp\/v2\/product_brand?post=71722"},{"taxonomy":"product_cat","embeddable":true,"href":"https:\/\/mod.wisdar.net\/tr\/wp-json\/wp\/v2\/product_cat?post=71722"},{"taxonomy":"product_tag","embeddable":true,"href":"https:\/\/mod.wisdar.net\/tr\/wp-json\/wp\/v2\/product_tag?post=71722"}],"curies":[{"name":"wp","href":"https:\/\/api.w.org\/{rel}","templated":true}]}}