{"id":71747,"date":"2026-01-16T10:30:37","date_gmt":"2026-01-16T10:30:37","guid":{"rendered":"https:\/\/modesthanim.com\/product\/afra-x-defacto-cikarilabilir-suni-kurk-yaka-regular-fit-dugmeli-cepli-uzun-kase-kaban\/"},"modified":"2026-04-12T20:22:12","modified_gmt":"2026-04-12T20:22:12","slug":"afra-x-defacto-cikarilabilir-suni-kurk-yaka-regular-fit-dugmeli-cepli-uzun-kase-kaban","status":"publish","type":"product","link":"https:\/\/mod.wisdar.net\/tr\/urun\/afra-x-defacto-cikarilabilir-suni-kurk-yaka-regular-fit-dugmeli-cepli-uzun-kase-kaban\/","title":{"rendered":"Afra x DeFacto \u00c7\u0131kar\u0131labilir Suni K\u00fcrk Yaka Regular Fit D\u00fc\u011fmeli Cepli Uzun Ka\u015fe Kaban"},"content":{"rendered":"<p>Zamans\u0131z \u015f\u0131kl\u0131\u011f\u0131 modern detaylarla bulu\u015fturan bu uzun ka\u015fe kaban, \u00e7\u0131kar\u0131labilir suni k\u00fcrk yakas\u0131yla farkl\u0131 stiller yaratman\u0131za olanak tan\u0131r. D\u00fc\u011fmeli ve cepli tasar\u0131m\u0131yla hem i\u015flevsel hem de \u015f\u0131k bir g\u00f6r\u00fcn\u00fcm sunar. Regular fit kesimiyle her kombine rahat\u00e7a uyum sa\u011flar.<\/p>\n","protected":false},"excerpt":{"rendered":"<p>Zamans\u0131z \u015f\u0131kl\u0131\u011f\u0131 modern detaylarla bulu\u015fturan bu uzun ka\u015fe kaban, \u00e7\u0131kar\u0131labilir suni k\u00fcrk yakas\u0131yla farkl\u0131 stiller yaratman\u0131za olanak tan\u0131r. D\u00fc\u011fmeli ve cepli tasar\u0131m\u0131yla hem i\u015flevsel hem de \u015f\u0131k bir g\u00f6r\u00fcn\u00fcm sunar. Regular fit kesimiyle her kombine rahat\u00e7a uyum sa\u011flar.<\/p>\n","protected":false},"featured_media":71721,"comment_status":"open","ping_status":"closed","template":"","meta":[],"product_brand":[],"product_cat":[2047],"product_tag":[8177,7972,6776,6311],"class_list":{"0":"post-71747","1":"product","2":"type-product","3":"status-publish","4":"has-post-thumbnail","6":"product_cat-paltolar","7":"product_tag-dugmeli-kaban-2","8":"product_tag-suni-kurk","9":"product_tag-trenckot","10":"product_tag-winter-coat","11":"pa_brand-defacto","12":"pa_color-kahve","13":"pa_size-l","14":"pa_size-m","15":"pa_size-s","17":"first","18":"instock","19":"sale","20":"shipping-taxable","21":"purchasable","22":"product-type-variable"},"_links":{"self":[{"href":"https:\/\/mod.wisdar.net\/tr\/wp-json\/wp\/v2\/product\/71747","targetHints":{"allow":["GET"]}}],"collection":[{"href":"https:\/\/mod.wisdar.net\/tr\/wp-json\/wp\/v2\/product"}],"about":[{"href":"https:\/\/mod.wisdar.net\/tr\/wp-json\/wp\/v2\/types\/product"}],"replies":[{"embeddable":true,"href":"https:\/\/mod.wisdar.net\/tr\/wp-json\/wp\/v2\/comments?post=71747"}],"wp:featuredmedia":[{"embeddable":true,"href":"https:\/\/mod.wisdar.net\/tr\/wp-json\/wp\/v2\/media\/71721"}],"wp:attachment":[{"href":"https:\/\/mod.wisdar.net\/tr\/wp-json\/wp\/v2\/media?parent=71747"}],"wp:term":[{"taxonomy":"product_brand","embeddable":true,"href":"https:\/\/mod.wisdar.net\/tr\/wp-json\/wp\/v2\/product_brand?post=71747"},{"taxonomy":"product_cat","embeddable":true,"href":"https:\/\/mod.wisdar.net\/tr\/wp-json\/wp\/v2\/product_cat?post=71747"},{"taxonomy":"product_tag","embeddable":true,"href":"https:\/\/mod.wisdar.net\/tr\/wp-json\/wp\/v2\/product_tag?post=71747"}],"curies":[{"name":"wp","href":"https:\/\/api.w.org\/{rel}","templated":true}]}}