{"id":71847,"date":"2026-01-16T10:31:34","date_gmt":"2026-01-16T10:31:34","guid":{"rendered":"https:\/\/modesthanim.com\/product\/yun-karisimli-cikarilabilir-atkili-relax-fit-uzun-kase-kaban\/"},"modified":"2026-04-12T20:32:18","modified_gmt":"2026-04-12T20:32:18","slug":"yun-karisimli-cikarilabilir-atkili-relax-fit-uzun-kase-kaban","status":"publish","type":"product","link":"https:\/\/mod.wisdar.net\/tr\/urun\/yun-karisimli-cikarilabilir-atkili-relax-fit-uzun-kase-kaban\/","title":{"rendered":"Y\u00fcn Kar\u0131\u015f\u0131ml\u0131 \u00c7\u0131kar\u0131labilir Atk\u0131l\u0131 Relax Fit Uzun Ka\u015fe Kaban"},"content":{"rendered":"<p>Y\u00fcn kar\u0131\u015f\u0131ml\u0131 \u00e7\u0131kar\u0131labilir atk\u0131l\u0131 relax fit uzun ka\u015fe kaban, yumu\u015fak ve s\u0131cak yap\u0131s\u0131yla so\u011fuk havalarda konfor sa\u011flar. Relax fit kesimi ve uzun tasar\u0131m\u0131yla rahat bir siluet sunar. \u00c7\u0131kar\u0131labilir atk\u0131s\u0131 sayesinde farkl\u0131 stiller yaratman\u0131za olanak tan\u0131r.<\/p>\n<p>\u2014 Technical Details \u2014<br \/>\nmodel_measurements: M Beden \u2013 1,74cm \u2013 74\/60\/89<br \/>\nsample_size: M<br \/>\ngender: Kad\u0131n<br \/>\nfit: Relax Fit<br \/>\ncountry_of_origin: MM<br \/>\nproduct_group: Kad\u0131n Kaban \/ Parka<br \/>\nlength_measurements: {&#8216;XS&#8217;: 116, &#8216;S&#8217;: 117, &#8216;M&#8217;: 118, &#8216;L&#8217;: 119, &#8216;XL&#8217;: 120, &#8216;XXL&#8217;: 121}<\/p>\n","protected":false},"excerpt":{"rendered":"<p>Y\u00fcn kar\u0131\u015f\u0131ml\u0131 \u00e7\u0131kar\u0131labilir atk\u0131l\u0131 relax fit uzun ka\u015fe kaban, yumu\u015fak ve s\u0131cak yap\u0131s\u0131yla so\u011fuk havalarda konfor sa\u011flar. Relax fit kesimi ve uzun tasar\u0131m\u0131yla rahat bir siluet sunar. \u00c7\u0131kar\u0131labilir atk\u0131s\u0131 sayesinde farkl\u0131 stiller yaratman\u0131za olanak tan\u0131r. \u2014 Technical Details \u2014 model_measurements: M Beden \u2013 1,74cm \u2013 74\/60\/89 sample_size: M gender: Kad\u0131n fit: Relax Fit country_of_origin: MM [&hellip;]<\/p>\n","protected":false},"featured_media":71829,"comment_status":"open","ping_status":"closed","template":"","meta":[],"product_brand":[],"product_cat":[2047],"product_tag":[7328,6882,6313],"class_list":{"0":"post-71847","1":"product","2":"type-product","3":"status-publish","4":"has-post-thumbnail","6":"product_cat-paltolar","7":"product_tag-kahverengi","8":"product_tag-rahat-kesim-2","9":"product_tag-womens-coat","10":"pa_brand-defacto","11":"pa_color-kahve","12":"pa_size-l","13":"pa_size-m","14":"pa_size-s","15":"pa_size-xl","16":"pa_size-xs","17":"pa_size-xxl","19":"first","20":"outofstock","21":"shipping-taxable","22":"product-type-variable"},"_links":{"self":[{"href":"https:\/\/mod.wisdar.net\/tr\/wp-json\/wp\/v2\/product\/71847","targetHints":{"allow":["GET"]}}],"collection":[{"href":"https:\/\/mod.wisdar.net\/tr\/wp-json\/wp\/v2\/product"}],"about":[{"href":"https:\/\/mod.wisdar.net\/tr\/wp-json\/wp\/v2\/types\/product"}],"replies":[{"embeddable":true,"href":"https:\/\/mod.wisdar.net\/tr\/wp-json\/wp\/v2\/comments?post=71847"}],"wp:featuredmedia":[{"embeddable":true,"href":"https:\/\/mod.wisdar.net\/tr\/wp-json\/wp\/v2\/media\/71829"}],"wp:attachment":[{"href":"https:\/\/mod.wisdar.net\/tr\/wp-json\/wp\/v2\/media?parent=71847"}],"wp:term":[{"taxonomy":"product_brand","embeddable":true,"href":"https:\/\/mod.wisdar.net\/tr\/wp-json\/wp\/v2\/product_brand?post=71847"},{"taxonomy":"product_cat","embeddable":true,"href":"https:\/\/mod.wisdar.net\/tr\/wp-json\/wp\/v2\/product_cat?post=71847"},{"taxonomy":"product_tag","embeddable":true,"href":"https:\/\/mod.wisdar.net\/tr\/wp-json\/wp\/v2\/product_tag?post=71847"}],"curies":[{"name":"wp","href":"https:\/\/api.w.org\/{rel}","templated":true}]}}