{"id":71888,"date":"2026-01-16T10:32:00","date_gmt":"2026-01-16T10:32:00","guid":{"rendered":"https:\/\/modesthanim.com\/product\/regular-fit-dugmeli-kase-uzun-kaban\/"},"modified":"2026-04-02T20:29:23","modified_gmt":"2026-04-02T20:29:23","slug":"regular-fit-dugmeli-kase-uzun-kaban","status":"publish","type":"product","link":"https:\/\/mod.wisdar.net\/tr\/urun\/regular-fit-dugmeli-kase-uzun-kaban\/","title":{"rendered":"Regular Fit D\u00fc\u011fmeli Ka\u015fe Uzun Kaban"},"content":{"rendered":"<p>Regular fit kesimi ve d\u00fc\u011fmeli tasar\u0131m\u0131yla bu ka\u015fe uzun kaban, klasik ve zarif bir g\u00f6r\u00fcn\u00fcm sunar. So\u011fuk havalarda s\u0131cakl\u0131k ve \u015f\u0131kl\u0131\u011f\u0131 bir arada sa\u011flar.<\/p>\n","protected":false},"excerpt":{"rendered":"<p>Regular fit kesimi ve d\u00fc\u011fmeli tasar\u0131m\u0131yla bu ka\u015fe uzun kaban, klasik ve zarif bir g\u00f6r\u00fcn\u00fcm sunar. So\u011fuk havalarda s\u0131cakl\u0131k ve \u015f\u0131kl\u0131\u011f\u0131 bir arada sa\u011flar.<\/p>\n","protected":false},"featured_media":71872,"comment_status":"open","ping_status":"closed","template":"","meta":[],"product_brand":[],"product_cat":[2047],"product_tag":[6142,6141,6144,6143],"class_list":{"0":"post-71888","1":"product","2":"type-product","3":"status-publish","4":"has-post-thumbnail","6":"product_cat-paltolar","7":"product_tag-gray-regular-fit-buttoned-cashmere-long-coat","8":"product_tag-gray-women-regular-fit-buttoned-cashmere-long-coat","9":"product_tag-regular-fit-buttoned-cashmere-long-coat","10":"product_tag-women-regular-fit-buttoned-cashmere-long-coat","11":"pa_brand-defacto","12":"pa_color-gri","13":"pa_size-l","14":"pa_size-m","15":"pa_size-s","16":"pa_size-xl","17":"pa_size-xs","19":"first","20":"outofstock","21":"shipping-taxable","22":"product-type-variable"},"_links":{"self":[{"href":"https:\/\/mod.wisdar.net\/tr\/wp-json\/wp\/v2\/product\/71888","targetHints":{"allow":["GET"]}}],"collection":[{"href":"https:\/\/mod.wisdar.net\/tr\/wp-json\/wp\/v2\/product"}],"about":[{"href":"https:\/\/mod.wisdar.net\/tr\/wp-json\/wp\/v2\/types\/product"}],"replies":[{"embeddable":true,"href":"https:\/\/mod.wisdar.net\/tr\/wp-json\/wp\/v2\/comments?post=71888"}],"wp:featuredmedia":[{"embeddable":true,"href":"https:\/\/mod.wisdar.net\/tr\/wp-json\/wp\/v2\/media\/71872"}],"wp:attachment":[{"href":"https:\/\/mod.wisdar.net\/tr\/wp-json\/wp\/v2\/media?parent=71888"}],"wp:term":[{"taxonomy":"product_brand","embeddable":true,"href":"https:\/\/mod.wisdar.net\/tr\/wp-json\/wp\/v2\/product_brand?post=71888"},{"taxonomy":"product_cat","embeddable":true,"href":"https:\/\/mod.wisdar.net\/tr\/wp-json\/wp\/v2\/product_cat?post=71888"},{"taxonomy":"product_tag","embeddable":true,"href":"https:\/\/mod.wisdar.net\/tr\/wp-json\/wp\/v2\/product_tag?post=71888"}],"curies":[{"name":"wp","href":"https:\/\/api.w.org\/{rel}","templated":true}]}}