{"id":71950,"date":"2026-01-16T10:32:33","date_gmt":"2026-01-16T10:32:33","guid":{"rendered":"https:\/\/modesthanim.com\/product\/regular-fit-kapusonlu-fermuarli-kisa-sisme-mont\/"},"modified":"2026-03-17T17:12:44","modified_gmt":"2026-03-17T17:12:44","slug":"regular-fit-kapusonlu-fermuarli-kisa-sisme-mont","status":"publish","type":"product","link":"https:\/\/mod.wisdar.net\/tr\/urun\/regular-fit-kapusonlu-fermuarli-kisa-sisme-mont\/","title":{"rendered":"Regular Fit Kap\u00fc\u015fonlu Fermuarl\u0131 K\u0131sa \u015ei\u015fme Mont"},"content":{"rendered":"<p>So\u011fuk havalarda s\u0131cak kalman\u0131 sa\u011flayan bu regular fit kap\u00fc\u015fonlu k\u0131sa \u015fi\u015fme mont, hafif yap\u0131s\u0131 ve fermuarl\u0131 tasar\u0131m\u0131yla hem konforlu hem de modern bir g\u00f6r\u00fcn\u00fcm sunar.<\/p>\n<p>\u2014 Technical Details \u2014<br \/>\nyaka: Kap\u00fc\u015fonlu<br \/>\nd\u0131\u015f_giyim_\u00fcr\u00fcn_grubu: Mont<br \/>\nkuma\u015f_kal\u0131nl\u0131k_bilgisi: Kal\u0131n<br \/>\n\u00fcr\u00fcn_tipi: Mont<br \/>\ncinsiyet: Kad\u0131n<br \/>\nkal\u0131p: Regular Fit<br \/>\nrenk: Ekru<br \/>\nsu_iticilik: Su \u0130tici Kuma\u015f<br \/>\nmodel_\u00f6l\u00e7\u00fcleri: S Beden \u2013 1,79cm \u2013 81\/59\/88<br \/>\nnumune_bedeni: S<br \/>\nmen\u015fei: MM<br \/>\n\u00fcr\u00fcn_grubu: Kad\u0131n Mont<\/p>\n","protected":false},"excerpt":{"rendered":"<p>So\u011fuk havalarda s\u0131cak kalman\u0131 sa\u011flayan bu regular fit kap\u00fc\u015fonlu k\u0131sa \u015fi\u015fme mont, hafif yap\u0131s\u0131 ve fermuarl\u0131 tasar\u0131m\u0131yla hem konforlu hem de modern bir g\u00f6r\u00fcn\u00fcm sunar. \u2014 Technical Details \u2014 yaka: Kap\u00fc\u015fonlu d\u0131\u015f_giyim_\u00fcr\u00fcn_grubu: Mont kuma\u015f_kal\u0131nl\u0131k_bilgisi: Kal\u0131n \u00fcr\u00fcn_tipi: Mont cinsiyet: Kad\u0131n kal\u0131p: Regular Fit renk: Ekru su_iticilik: Su \u0130tici Kuma\u015f model_\u00f6l\u00e7\u00fcleri: S Beden \u2013 1,79cm \u2013 81\/59\/88 [&hellip;]<\/p>\n","protected":false},"featured_media":71933,"comment_status":"open","ping_status":"closed","template":"","meta":[],"product_brand":[],"product_cat":[2044],"product_tag":[6757,7421],"class_list":{"0":"post-71950","1":"product","2":"type-product","3":"status-publish","4":"has-post-thumbnail","6":"product_cat-ceketler","7":"product_tag-ekru","8":"product_tag-kapusonlu","9":"pa_brand-defacto","10":"pa_color-ekru","11":"pa_size-l","12":"pa_size-m","13":"pa_size-s","14":"pa_size-xl","15":"pa_size-xs","17":"first","18":"outofstock","19":"shipping-taxable","20":"product-type-variable"},"_links":{"self":[{"href":"https:\/\/mod.wisdar.net\/tr\/wp-json\/wp\/v2\/product\/71950","targetHints":{"allow":["GET"]}}],"collection":[{"href":"https:\/\/mod.wisdar.net\/tr\/wp-json\/wp\/v2\/product"}],"about":[{"href":"https:\/\/mod.wisdar.net\/tr\/wp-json\/wp\/v2\/types\/product"}],"replies":[{"embeddable":true,"href":"https:\/\/mod.wisdar.net\/tr\/wp-json\/wp\/v2\/comments?post=71950"}],"wp:featuredmedia":[{"embeddable":true,"href":"https:\/\/mod.wisdar.net\/tr\/wp-json\/wp\/v2\/media\/71933"}],"wp:attachment":[{"href":"https:\/\/mod.wisdar.net\/tr\/wp-json\/wp\/v2\/media?parent=71950"}],"wp:term":[{"taxonomy":"product_brand","embeddable":true,"href":"https:\/\/mod.wisdar.net\/tr\/wp-json\/wp\/v2\/product_brand?post=71950"},{"taxonomy":"product_cat","embeddable":true,"href":"https:\/\/mod.wisdar.net\/tr\/wp-json\/wp\/v2\/product_cat?post=71950"},{"taxonomy":"product_tag","embeddable":true,"href":"https:\/\/mod.wisdar.net\/tr\/wp-json\/wp\/v2\/product_tag?post=71950"}],"curies":[{"name":"wp","href":"https:\/\/api.w.org\/{rel}","templated":true}]}}