{"id":71985,"date":"2026-01-16T10:32:53","date_gmt":"2026-01-16T10:32:53","guid":{"rendered":"https:\/\/modesthanim.com\/product\/su-itici-regular-fit-kapusonlu-sisme-parka-mont\/"},"modified":"2026-03-22T07:11:40","modified_gmt":"2026-03-22T07:11:40","slug":"su-itici-regular-fit-kapusonlu-sisme-parka-mont","status":"publish","type":"product","link":"https:\/\/mod.wisdar.net\/tr\/urun\/su-itici-regular-fit-kapusonlu-sisme-parka-mont\/","title":{"rendered":"Su \u0130tici Regular Fit Kap\u00fc\u015fonlu \u015ei\u015fme Parka Mont"},"content":{"rendered":"<p>Su itici d\u0131\u015f y\u00fczeyi ve kap\u00fc\u015fonlu tasar\u0131m\u0131yla bu \u015fi\u015fme parka, regular fit kesimiyle konforlu bir kullan\u0131m sunar. So\u011fuk ve ya\u011f\u0131\u015fl\u0131 havalarda s\u0131cakl\u0131k ve \u015f\u0131kl\u0131\u011f\u0131 bir arada sa\u011flar.<\/p>\n<p>\u2014 Technical Details \u2014<br \/>\nModelin \u00d6l\u00e7\u00fcleri: M Beden \u2013 1,79cm \u2013 92\/72\/93<br \/>\nNumune Bedeni: M<br \/>\nAna Kuma\u015f \u0130\u00e7eri\u011fi: Poliester 100%<br \/>\nMarka: Defacto<br \/>\nMen\u015fei: MM<br \/>\n\u00dcr\u00fcn Grubu: Kad\u0131n Kaban \/ Parka<br \/>\nRenk: Siyah<br \/>\nYaka: Kap\u00fc\u015fonlu<br \/>\nD\u0131\u015f Giyim \u00dcr\u00fcn Grubu: Parka<br \/>\nKal\u0131p: Regular Fit<br \/>\n\u00dcr\u00fcn Uzunluk \u00d6l\u00e7\u00fcleri: Omuzdan Arka Boy: S-79 cm, M-80 cm, L-81 cm, Xl-82 cm, Xxl-83 cm<\/p>\n","protected":false},"excerpt":{"rendered":"<p>Su itici d\u0131\u015f y\u00fczeyi ve kap\u00fc\u015fonlu tasar\u0131m\u0131yla bu \u015fi\u015fme parka, regular fit kesimiyle konforlu bir kullan\u0131m sunar. So\u011fuk ve ya\u011f\u0131\u015fl\u0131 havalarda s\u0131cakl\u0131k ve \u015f\u0131kl\u0131\u011f\u0131 bir arada sa\u011flar. \u2014 Technical Details \u2014 Modelin \u00d6l\u00e7\u00fcleri: M Beden \u2013 1,79cm \u2013 92\/72\/93 Numune Bedeni: M Ana Kuma\u015f \u0130\u00e7eri\u011fi: Poliester 100% Marka: Defacto Men\u015fei: MM \u00dcr\u00fcn Grubu: Kad\u0131n Kaban [&hellip;]<\/p>\n","protected":false},"featured_media":71966,"comment_status":"open","ping_status":"closed","template":"","meta":[],"product_brand":[],"product_cat":[2047],"product_tag":[],"class_list":{"0":"post-71985","1":"product","2":"type-product","3":"status-publish","4":"has-post-thumbnail","6":"product_cat-paltolar","7":"pa_brand-defacto","8":"pa_color-siyah","9":"pa_size-l","10":"pa_size-m","11":"pa_size-s","12":"pa_size-xl","13":"pa_size-xxl","15":"first","16":"outofstock","17":"shipping-taxable","18":"product-type-variable"},"_links":{"self":[{"href":"https:\/\/mod.wisdar.net\/tr\/wp-json\/wp\/v2\/product\/71985","targetHints":{"allow":["GET"]}}],"collection":[{"href":"https:\/\/mod.wisdar.net\/tr\/wp-json\/wp\/v2\/product"}],"about":[{"href":"https:\/\/mod.wisdar.net\/tr\/wp-json\/wp\/v2\/types\/product"}],"replies":[{"embeddable":true,"href":"https:\/\/mod.wisdar.net\/tr\/wp-json\/wp\/v2\/comments?post=71985"}],"wp:featuredmedia":[{"embeddable":true,"href":"https:\/\/mod.wisdar.net\/tr\/wp-json\/wp\/v2\/media\/71966"}],"wp:attachment":[{"href":"https:\/\/mod.wisdar.net\/tr\/wp-json\/wp\/v2\/media?parent=71985"}],"wp:term":[{"taxonomy":"product_brand","embeddable":true,"href":"https:\/\/mod.wisdar.net\/tr\/wp-json\/wp\/v2\/product_brand?post=71985"},{"taxonomy":"product_cat","embeddable":true,"href":"https:\/\/mod.wisdar.net\/tr\/wp-json\/wp\/v2\/product_cat?post=71985"},{"taxonomy":"product_tag","embeddable":true,"href":"https:\/\/mod.wisdar.net\/tr\/wp-json\/wp\/v2\/product_tag?post=71985"}],"curies":[{"name":"wp","href":"https:\/\/api.w.org\/{rel}","templated":true}]}}