{"id":72044,"date":"2026-01-17T12:07:23","date_gmt":"2026-01-17T12:07:23","guid":{"rendered":"https:\/\/modesthanim.com\/product\/batik-desenli-spor-ikili-takim-aci-kahve\/"},"modified":"2026-02-20T14:45:45","modified_gmt":"2026-02-20T14:45:45","slug":"batik-desenli-spor-ikili-takim-aci-kahve","status":"publish","type":"product","link":"https:\/\/mod.wisdar.net\/tr\/urun\/batik-desenli-spor-ikili-takim-aci-kahve\/","title":{"rendered":"Batik Desenli Spor \u0130kili Tak\u0131m Ac\u0131 Kahve"},"content":{"rendered":"<p>MEYSADESIGN TREND G\u0130Y\u0130M VE AKSESUAR<\/p>\n<p>1-2 BEDEN<br \/>\n\u00dcst 80 cm<br \/>\nAlt 100 cm<br \/>\n\u0130ki ipliktir<\/p>\n<p>MODEL \u00d6L\u00c7\u00dcLER\u0130<\/p>\n<p>Boy: 168 cm<\/p>\n<p>Kilo: 60 kg<\/p>\n<p>Model \u00dczerindeki \u00dcr\u00fcn\u00fcn Bedeni: 1 Beden Giydi<\/p>\n<p>Y\u0131kama Talimat\u0131<\/p>\n<p>\u00dcr\u00fcn\u00fcn\u00fcz\u00fc Tercihen D\u00fc\u015f\u00fck S\u0131cakl\u0131kta (15\/30) Ters \u00c7evirerek Y\u0131kayabilirsiniz Bu Sayede Kullan\u0131m \u00d6mr\u00fcn\u00fc Uzatabilirsiniz.<\/p>\n<p>Sererek Kurutmal\u0131, Katlayarak Muhafaza Etmelisiniz.<\/p>\n<p>Kurutma makinesi kullanmay\u0131n\u0131z.<\/p>\n<p>Meysadesign Olarak Sizlere En \u0130yi Hizmeti Verebilmek \u0130\u00e7in ve G\u00fczel Yorumlar\u0131n\u0131z\u0131 G\u00f6rebilmek \u0130\u00e7in Gece G\u00fcnd\u00fcz En Verimli \u015eekilde \u00c7al\u0131\u015fmaktay\u0131z.<\/p>\n<p>\u00dcr\u00fcnler Belirtilen Bedenlerde ve \u00d6zenle Paketlenerek Sizlere Ula\u015fmaktad\u0131r.<\/p>\n<p>Kendi Bedeninizle Kar\u015f\u0131la\u015ft\u0131r\u0131p \u00c7a\u011fr\u0131\u015f\u0131m Yapabilmeniz \u0130\u00e7in ve \u00dcr\u00fcn Bilgilerini Detayl\u0131 G\u00f6zrebilmeniz \u0130\u00e7in Gerekli Olan \u00dcr\u00fcn-Manken \u00d6l\u00e7\u00fcleri ve Kuma\u015f T\u00fcr\u00fc Yukar\u0131daki Gibidir.<\/p>\n","protected":false},"excerpt":{"rendered":"<p>MEYSADESIGN TREND G\u0130Y\u0130M VE AKSESUAR 1-2 BEDEN \u00dcst 80 cm Alt 100 cm \u0130ki ipliktir MODEL \u00d6L\u00c7\u00dcLER\u0130 Boy: 168 cm Kilo: 60 kg Model \u00dczerindeki \u00dcr\u00fcn\u00fcn Bedeni: 1 Beden Giydi Y\u0131kama Talimat\u0131 \u00dcr\u00fcn\u00fcn\u00fcz\u00fc Tercihen D\u00fc\u015f\u00fck S\u0131cakl\u0131kta (15\/30) Ters \u00c7evirerek Y\u0131kayabilirsiniz Bu Sayede Kullan\u0131m \u00d6mr\u00fcn\u00fc Uzatabilirsiniz. Sererek Kurutmal\u0131, Katlayarak Muhafaza Etmelisiniz. Kurutma makinesi kullanmay\u0131n\u0131z. Meysadesign Olarak [&hellip;]<\/p>\n","protected":false},"featured_media":72036,"comment_status":"open","ping_status":"closed","template":"","meta":[],"product_brand":[],"product_cat":[1900],"product_tag":[7426,6840],"class_list":{"0":"post-72044","1":"product","2":"type-product","3":"status-publish","4":"has-post-thumbnail","6":"product_cat-koordinatlar-setler","7":"product_tag-gunluk-giyim-3","8":"product_tag-kahve-rengi","9":"pa_brand-meysadesign","10":"pa_size-1-beden36-38","11":"pa_size-2-beden40-44","13":"first","14":"outofstock","15":"shipping-taxable","16":"product-type-variable"},"_links":{"self":[{"href":"https:\/\/mod.wisdar.net\/tr\/wp-json\/wp\/v2\/product\/72044","targetHints":{"allow":["GET"]}}],"collection":[{"href":"https:\/\/mod.wisdar.net\/tr\/wp-json\/wp\/v2\/product"}],"about":[{"href":"https:\/\/mod.wisdar.net\/tr\/wp-json\/wp\/v2\/types\/product"}],"replies":[{"embeddable":true,"href":"https:\/\/mod.wisdar.net\/tr\/wp-json\/wp\/v2\/comments?post=72044"}],"wp:featuredmedia":[{"embeddable":true,"href":"https:\/\/mod.wisdar.net\/tr\/wp-json\/wp\/v2\/media\/72036"}],"wp:attachment":[{"href":"https:\/\/mod.wisdar.net\/tr\/wp-json\/wp\/v2\/media?parent=72044"}],"wp:term":[{"taxonomy":"product_brand","embeddable":true,"href":"https:\/\/mod.wisdar.net\/tr\/wp-json\/wp\/v2\/product_brand?post=72044"},{"taxonomy":"product_cat","embeddable":true,"href":"https:\/\/mod.wisdar.net\/tr\/wp-json\/wp\/v2\/product_cat?post=72044"},{"taxonomy":"product_tag","embeddable":true,"href":"https:\/\/mod.wisdar.net\/tr\/wp-json\/wp\/v2\/product_tag?post=72044"}],"curies":[{"name":"wp","href":"https:\/\/api.w.org\/{rel}","templated":true}]}}