{"id":72407,"date":"2026-01-17T12:10:53","date_gmt":"2026-01-17T12:10:53","guid":{"rendered":"https:\/\/modesthanim.com\/product\/simli-serit-detayli-bol-paca-tasli-jean-pantolon-loose-straight-fit-jean\/"},"modified":"2026-03-22T05:12:07","modified_gmt":"2026-03-22T05:12:07","slug":"simli-serit-detayli-bol-paca-tasli-jean-pantolon-loose-straight-fit-jean","status":"publish","type":"product","link":"https:\/\/mod.wisdar.net\/tr\/urun\/simli-serit-detayli-bol-paca-tasli-jean-pantolon-loose-straight-fit-jean\/","title":{"rendered":"Simli \u015eerit Detayl\u0131 Bol Pa\u00e7a Ta\u015fl\u0131 Jean Pantolon \u2013 Loose Straight Fit Jean"},"content":{"rendered":"<p>Ta\u015fl\u0131 jean pantolon, modern ve \u015f\u0131k tasar\u0131m\u0131yla dikkat \u00e7ekiyor. Pamuktan \u00fcretilen kuma\u015f\u0131, g\u00fcn boyu konfor sunarken rahat bir sil\u00fcet yarat\u0131yor. Ta\u015f detaylar\u0131, pantolona zarif bir dokunu\u015f kat\u0131yor ve sade tasar\u0131m\u0131n\u0131 daha \u00e7arp\u0131c\u0131 hale getiriyor. Standart bel yap\u0131s\u0131 sayesinde hem ti\u015f\u00f6rt hem de bluzlarla m\u00fckemmel bir uyum sa\u011fl\u0131yor. Jean pantolon \u00f6zel g\u00fcnlerde veya g\u00fcnl\u00fck giyimlerde stillere zarafet ve \u015f\u0131kl\u0131k kat\u0131yor.<\/p>\n<p>Stil \u00d6nerisi<br \/>\nJean pantolonu, deri ceket ve topuklu botlarla kombinleyerek hem \u015f\u0131k hem de rahat bir g\u00f6r\u00fcn\u00fcm elde edebilirsiniz. G\u00fcnl\u00fck kullan\u0131m i\u00e7in basic bir ti\u015f\u00f6rt ve botlarla tamamlayarak spor fakat \u015f\u0131k bir stil yakalayabilirsiniz. Aksesuar olarak ise zarif bir \u00e7anta ve minimal tak\u0131lar ile tarz\u0131n\u0131z\u0131 zenginle\u015ftirerek g\u00f6z al\u0131c\u0131 bir g\u00f6r\u00fcn\u00fcm elde edebilirsiniz.<\/p>\n<p>\u00dcr\u00fcn \u00d6zellikleri<br \/>\nKuma\u015f: %100 Pamuk<br \/>\nFit: Bol Kal\u0131p<br \/>\nBel Tipi: Normal Bel<br \/>\nPa\u00e7a Tipi: Geni\u015f Pa\u00e7a<br \/>\nKullan\u0131m Alan\u0131: G\u00fcnl\u00fck Giyim, \u00d6zel G\u00fcnler<\/p>\n<p>Koton\u2019un zarif pantolon tasar\u0131m\u0131 ile stilinize modern bir hava kat\u0131n. \u015e\u0131kl\u0131k ve rahatl\u0131k sunan bu pantolon ile kombinlerinizi m\u00fckemmelle\u015ftirin! Koton\u2019un geni\u015f pantolon koleksiyonunu ke\u015ffedin!<\/p>\n<p>Bu \u00fcr\u00fcn pul, boncuk, payet, ta\u015f ve nak\u0131\u015f gibi \u00f6zel detaylara sahiptir. D\u0131\u015f kaynakl\u0131 fiziksel deformasyonlara (\u00e7ekme, tak\u0131lma, s\u00fcrtme vb.) kar\u015f\u0131 \u00fcr\u00fcn\u00fcn\u00fcz\u00fc dikkatli ve hassas kullanman\u0131z\u0131 \u00f6neririz.<\/p>\n<p>\u2014 Technical Details \u2014<br \/>\nKuma\u015f: %100 PAMUK<br \/>\nSil\u00fcet: Loose<br \/>\nBel Y\u00fcksekli\u011fi: Standart Bel<br \/>\nBoy: 32<br \/>\n\u00dcr\u00fcn Tipi \/ Stil: Loose<br \/>\n\u00dcr\u00fcn\u00fcn Alt Markas\u0131: Koton jeans<br \/>\nSat\u0131c\u0131\/\u0130malat\u00e7\u0131\/\u0130thalat\u00e7\u0131 \u0130smi: Koton Ma\u011fazac\u0131l\u0131k Tekstil Sanayi ve Ticaret A.\u015e.<br \/>\nPosta Adresi: Ayaza\u011fa Mah. Maslak Ayaza\u011fa Cad. No:3 \u0130\u00e7 Kap\u0131 No:5 Sar\u0131yer\/\u0130stanbul<br \/>\nE-Posta Adresi: mim@koton.com<\/p>\n","protected":false},"excerpt":{"rendered":"<p>Ta\u015fl\u0131 jean pantolon, modern ve \u015f\u0131k tasar\u0131m\u0131yla dikkat \u00e7ekiyor. Pamuktan \u00fcretilen kuma\u015f\u0131, g\u00fcn boyu konfor sunarken rahat bir sil\u00fcet yarat\u0131yor. Ta\u015f detaylar\u0131, pantolona zarif bir dokunu\u015f kat\u0131yor ve sade tasar\u0131m\u0131n\u0131 daha \u00e7arp\u0131c\u0131 hale getiriyor. Standart bel yap\u0131s\u0131 sayesinde hem ti\u015f\u00f6rt hem de bluzlarla m\u00fckemmel bir uyum sa\u011fl\u0131yor. Jean pantolon \u00f6zel g\u00fcnlerde veya g\u00fcnl\u00fck giyimlerde stillere [&hellip;]<\/p>\n","protected":false},"featured_media":72397,"comment_status":"open","ping_status":"closed","template":"","meta":[],"product_brand":[],"product_cat":[1882],"product_tag":[7844,6749],"class_list":{"0":"post-72407","1":"product","2":"type-product","3":"status-publish","4":"has-post-thumbnail","6":"product_cat-alt-giyim","7":"product_tag-denim","8":"product_tag-pantolon","9":"pa_brand-koton","10":"pa_color-siyah","11":"pa_size-10734","12":"pa_size-7843","13":"pa_size-10735","14":"pa_size-7841","15":"pa_size-7842","16":"pa_size-10738","17":"pa_size-7846","19":"first","20":"outofstock","21":"shipping-taxable","22":"product-type-variable"},"_links":{"self":[{"href":"https:\/\/mod.wisdar.net\/tr\/wp-json\/wp\/v2\/product\/72407","targetHints":{"allow":["GET"]}}],"collection":[{"href":"https:\/\/mod.wisdar.net\/tr\/wp-json\/wp\/v2\/product"}],"about":[{"href":"https:\/\/mod.wisdar.net\/tr\/wp-json\/wp\/v2\/types\/product"}],"replies":[{"embeddable":true,"href":"https:\/\/mod.wisdar.net\/tr\/wp-json\/wp\/v2\/comments?post=72407"}],"wp:featuredmedia":[{"embeddable":true,"href":"https:\/\/mod.wisdar.net\/tr\/wp-json\/wp\/v2\/media\/72397"}],"wp:attachment":[{"href":"https:\/\/mod.wisdar.net\/tr\/wp-json\/wp\/v2\/media?parent=72407"}],"wp:term":[{"taxonomy":"product_brand","embeddable":true,"href":"https:\/\/mod.wisdar.net\/tr\/wp-json\/wp\/v2\/product_brand?post=72407"},{"taxonomy":"product_cat","embeddable":true,"href":"https:\/\/mod.wisdar.net\/tr\/wp-json\/wp\/v2\/product_cat?post=72407"},{"taxonomy":"product_tag","embeddable":true,"href":"https:\/\/mod.wisdar.net\/tr\/wp-json\/wp\/v2\/product_tag?post=72407"}],"curies":[{"name":"wp","href":"https:\/\/api.w.org\/{rel}","templated":true}]}}