{"id":72446,"date":"2026-01-17T12:11:11","date_gmt":"2026-01-17T12:11:11","guid":{"rendered":"https:\/\/modesthanim.com\/product\/zincir-kemer-detayli-normal-bel-yikamali-ispanyol-paca-jean-pantolon-flare-jeans\/"},"modified":"2026-02-14T23:02:26","modified_gmt":"2026-02-14T23:02:26","slug":"zincir-kemer-detayli-normal-bel-yikamali-ispanyol-paca-jean-pantolon-flare-jeans","status":"publish","type":"product","link":"https:\/\/mod.wisdar.net\/tr\/urun\/zincir-kemer-detayli-normal-bel-yikamali-ispanyol-paca-jean-pantolon-flare-jeans\/","title":{"rendered":"Zincir Kemer Detayl\u0131 Normal Bel Y\u0131kamal\u0131 \u0130spanyol Pa\u00e7a Jean Pantolon \u2013 Flare Jeans"},"content":{"rendered":"<p>Pamuklu, rahat kal\u0131p, \u0130spanyol pa\u00e7a pantolon, konforu ve stili bir araya getiriyor. Pamuk kuma\u015f\u0131 sayesinde nefes alabilir bir yap\u0131ya sahip olan pantolon, g\u00fcnl\u00fck kullan\u0131mda y\u00fcksek konfor sunuyor. Normal bel yap\u0131s\u0131 ve 5 cep detay\u0131 ile fonksiyonellik kazan\u0131yor. \u0130spanyol pa\u00e7a kesimi, pantolona modern ve \u015f\u0131k bir hava katarken, kombinlerinize zarif bir dokunu\u015f ekliyor. Stil \u00d6nerisi \u0130spanyol pa\u00e7a pantolonu, basic ti\u015f\u00f6rtler ve deri ceketlerle kombinleyerek g\u00fcndelik tarz\u0131n\u0131z\u0131 \u015f\u0131k ve rahat bir hale getirebilirsiniz. So\u011fuk havalarda, kal\u0131n kazaklar ve botlar ile tarz\u0131n\u0131z\u0131 tamamlayarak hem s\u0131cak kalabilir hem de stil sahibi olabilirsiniz. \u00dcr\u00fcn \u00d6zellikleri Kuma\u015f: %100 Pamuk Bel Tipi: Normal Bel Cep Tipi: 5 Cep Fit Tipi: Rahat Kal\u0131p Pa\u00e7a Tipi: \u0130spanyol Pa\u00e7a Detay: Kemerli Kullan\u0131m Alan\u0131: G\u00fcnl\u00fck Giyim Koton&#8217;un ispanyol pa\u00e7a pantolonuyla gard\u0131robunuza modern bir dokunu\u015f kat\u0131n. \u015e\u0131kl\u0131k ve konforun bulu\u015ftu\u011fu bu pantolon, t\u00fcm kombinlerinizi y\u00fckseltiyor!<\/p>\n<p>\u2014 Technical Details \u2014<br \/>\nKuma\u015f: %100 PAMUK<br \/>\nSil\u00fcet: Flare<br \/>\nBel Y\u00fcksekli\u011fi: Standart Bel<br \/>\nBoy: 32<br \/>\n\u00dcr\u00fcn Tipi \/ Stil: Flare<br \/>\n\u00dcr\u00fcn\u00fcn Alt Markas\u0131: Koton jeans<br \/>\nSat\u0131c\u0131\/\u0130malat\u00e7\u0131\/\u0130thalat\u00e7\u0131 \u0130smi: Koton Ma\u011fazac\u0131l\u0131k Tekstil Sanayi ve Ticaret A.\u015e.<br \/>\nPosta Adresi: Ayaza\u011fa Mah. Maslak Ayaza\u011fa Cad. No:3 \u0130\u00e7 Kap\u0131 No:5 Sar\u0131yer\/\u0130stanbul<br \/>\nE-Posta Adresi: mim@koton.com<\/p>\n","protected":false},"excerpt":{"rendered":"<p>Pamuklu, rahat kal\u0131p, \u0130spanyol pa\u00e7a pantolon, konforu ve stili bir araya getiriyor. Pamuk kuma\u015f\u0131 sayesinde nefes alabilir bir yap\u0131ya sahip<\/p>\n","protected":false},"featured_media":72444,"comment_status":"open","ping_status":"closed","template":"","meta":[],"product_brand":[],"product_cat":[12977],"product_tag":[],"class_list":{"0":"post-72446","1":"product","2":"type-product","3":"status-publish","4":"has-post-thumbnail","6":"product_cat-accessories-men","8":"first","9":"instock","10":"shipping-taxable","11":"purchasable","12":"product-type-variable"},"_links":{"self":[{"href":"https:\/\/mod.wisdar.net\/tr\/wp-json\/wp\/v2\/product\/72446","targetHints":{"allow":["GET"]}}],"collection":[{"href":"https:\/\/mod.wisdar.net\/tr\/wp-json\/wp\/v2\/product"}],"about":[{"href":"https:\/\/mod.wisdar.net\/tr\/wp-json\/wp\/v2\/types\/product"}],"replies":[{"embeddable":true,"href":"https:\/\/mod.wisdar.net\/tr\/wp-json\/wp\/v2\/comments?post=72446"}],"version-history":[{"count":0,"href":"https:\/\/mod.wisdar.net\/tr\/wp-json\/wp\/v2\/product\/72446\/revisions"}],"wp:featuredmedia":[{"embeddable":true,"href":"https:\/\/mod.wisdar.net\/tr\/wp-json\/wp\/v2\/media\/72444"}],"wp:attachment":[{"href":"https:\/\/mod.wisdar.net\/tr\/wp-json\/wp\/v2\/media?parent=72446"}],"wp:term":[{"taxonomy":"product_brand","embeddable":true,"href":"https:\/\/mod.wisdar.net\/tr\/wp-json\/wp\/v2\/product_brand?post=72446"},{"taxonomy":"product_cat","embeddable":true,"href":"https:\/\/mod.wisdar.net\/tr\/wp-json\/wp\/v2\/product_cat?post=72446"},{"taxonomy":"product_tag","embeddable":true,"href":"https:\/\/mod.wisdar.net\/tr\/wp-json\/wp\/v2\/product_tag?post=72446"}],"curies":[{"name":"wp","href":"https:\/\/api.w.org\/{rel}","templated":true}]}}