{"id":7252,"date":"2025-11-01T19:47:16","date_gmt":"2025-11-01T19:47:16","guid":{"rendered":"https:\/\/modesthanim.com\/product\/baglama-detayli-cizgili-kimono-bej\/"},"modified":"2026-04-02T20:55:12","modified_gmt":"2026-04-02T20:55:12","slug":"baglama-detayli-cizgili-kimono-bej","status":"publish","type":"product","link":"https:\/\/mod.wisdar.net\/tr\/urun\/baglama-detayli-cizgili-kimono-bej\/","title":{"rendered":"Ba\u011flama Detayl\u0131 \u00c7izgili Kimono \u2013 Bej"},"content":{"rendered":"<p>\u00c7izgi deseniyle dinamizm kazanan bu kimono, ba\u011flama detay\u0131yla v\u00fccuda zarif bir form kazand\u0131r\u0131r. Katmanl\u0131 g\u00f6r\u00fcn\u00fcmler i\u00e7in ideal ve stil sahibi bir tamamlay\u0131c\u0131d\u0131r.<\/p>\n<p>\u2014 Technical Details \u2014<br \/>\nDesen: \u00c7izgili<br \/>\nYaka Tipi: Blazer Yaka<br \/>\nKol Tipi: D\u00fc\u015f\u00fck Kol<br \/>\nCep: Cepsiz<br \/>\nAstar: Astars\u0131z<br \/>\n\u00dcr\u00fcn Boyu: 85 cm<br \/>\nKal\u0131p Tipi: Normal Kal\u0131p<br \/>\nMankenin Giydi\u011fi Beden: 38<br \/>\nManken \u00d6l\u00e7\u00fcleri: {&#8216;Boy&#8217;: &#8216;176 cm&#8217;, &#8216;G\u00f6\u011f\u00fcs&#8217;: &#8217;80 cm&#8217;, &#8216;Bel&#8217;: &#8217;60 cm&#8217;, &#8216;Basen&#8217;: &#8217;90 cm&#8217;}<br \/>\nBeden \u00d6l\u00e7\u00fcleri: {&#8217;01&#8217;: {&#8216;Omuz&#8217;: 50, &#8216;G\u00f6\u011f\u00fcs&#8217;: 112, &#8216;Boy&#8217;: 85, &#8216;Kol Boyu&#8217;: 54}, &#8217;02&#8217;: {&#8216;Omuz&#8217;: 51, &#8216;G\u00f6\u011f\u00fcs&#8217;: 116, &#8216;Boy&#8217;: 85.5, &#8216;Kol Boyu&#8217;: 54.5}, &#8217;03&#8217;: {&#8216;Omuz&#8217;: 52, &#8216;G\u00f6\u011f\u00fcs&#8217;: 120, &#8216;Boy&#8217;: 86, &#8216;Kol Boyu&#8217;: 55}}<\/p>\n","protected":false},"excerpt":{"rendered":"<p>\u00c7izgi deseniyle dinamizm kazanan bu kimono, ba\u011flama detay\u0131yla v\u00fccuda zarif bir form kazand\u0131r\u0131r. Katmanl\u0131 g\u00f6r\u00fcn\u00fcmler i\u00e7in ideal ve stil sahibi bir tamamlay\u0131c\u0131d\u0131r. \u2014 Technical Details \u2014 Desen: \u00c7izgili Yaka Tipi: Blazer Yaka Kol Tipi: D\u00fc\u015f\u00fck Kol Cep: Cepsiz Astar: Astars\u0131z \u00dcr\u00fcn Boyu: 85 cm Kal\u0131p Tipi: Normal Kal\u0131p Mankenin Giydi\u011fi Beden: 38 Manken \u00d6l\u00e7\u00fcleri: {&#8216;Boy&#8217;: [&hellip;]<\/p>\n","protected":false},"featured_media":0,"comment_status":"open","ping_status":"closed","template":"","meta":[],"product_brand":[],"product_cat":[1909],"product_tag":[7912,5012],"class_list":{"0":"post-7252","1":"product","2":"type-product","3":"status-publish","5":"product_cat-bluzlar-ve-gomlekler","6":"product_tag-cizgili","7":"product_tag-elegant","8":"pa_brand-tugba","9":"pa_color-bej","10":"pa_size-4444","11":"pa_size-4460","12":"pa_size-4681","14":"first","15":"instock","16":"sale","17":"shipping-taxable","18":"purchasable","19":"product-type-variable"},"_links":{"self":[{"href":"https:\/\/mod.wisdar.net\/tr\/wp-json\/wp\/v2\/product\/7252","targetHints":{"allow":["GET"]}}],"collection":[{"href":"https:\/\/mod.wisdar.net\/tr\/wp-json\/wp\/v2\/product"}],"about":[{"href":"https:\/\/mod.wisdar.net\/tr\/wp-json\/wp\/v2\/types\/product"}],"replies":[{"embeddable":true,"href":"https:\/\/mod.wisdar.net\/tr\/wp-json\/wp\/v2\/comments?post=7252"}],"wp:attachment":[{"href":"https:\/\/mod.wisdar.net\/tr\/wp-json\/wp\/v2\/media?parent=7252"}],"wp:term":[{"taxonomy":"product_brand","embeddable":true,"href":"https:\/\/mod.wisdar.net\/tr\/wp-json\/wp\/v2\/product_brand?post=7252"},{"taxonomy":"product_cat","embeddable":true,"href":"https:\/\/mod.wisdar.net\/tr\/wp-json\/wp\/v2\/product_cat?post=7252"},{"taxonomy":"product_tag","embeddable":true,"href":"https:\/\/mod.wisdar.net\/tr\/wp-json\/wp\/v2\/product_tag?post=7252"}],"curies":[{"name":"wp","href":"https:\/\/api.w.org\/{rel}","templated":true}]}}