{"id":72761,"date":"2026-01-17T12:23:46","date_gmt":"2026-01-17T12:23:46","guid":{"rendered":"https:\/\/modesthanim.com\/product\/uzun-kollu-fermuarli-cepli-pelus-yaka-deri-gorunumlu-biker-ceket\/"},"modified":"2026-04-02T08:24:28","modified_gmt":"2026-04-02T08:24:28","slug":"uzun-kollu-fermuarli-cepli-pelus-yaka-deri-gorunumlu-biker-ceket","status":"publish","type":"product","link":"https:\/\/mod.wisdar.net\/tr\/urun\/uzun-kollu-fermuarli-cepli-pelus-yaka-deri-gorunumlu-biker-ceket\/","title":{"rendered":"Uzun Kollu Fermuarl\u0131 Cepli Pelu\u015f Yaka Deri G\u00f6r\u00fcn\u00fcml\u00fc Biker Ceket"},"content":{"rendered":"<p>Deri g\u00f6r\u00fcn\u00fcml\u00fc biker ceket, trend bir stil yarat\u0131yor. Pelu\u015f yaka ve man\u015fet detaylar\u0131 cekete hem s\u0131cakl\u0131k hem de \u015f\u0131kl\u0131k kat\u0131yor. \u0130\u00e7 y\u00fczeydeki yumu\u015fak astar\u0131, so\u011fuk havalarda konfor sa\u011fl\u0131yor. Fermuarl\u0131 cepleri sayesinde pratik bir kullan\u0131m yarat\u0131yor. Rahat kesimi ile farkl\u0131 kombinler yaratman\u0131za olanak tan\u0131yan ceket, \u00f6zellikle casual \u015f\u0131kl\u0131k arayanlar i\u00e7in ideal bir se\u00e7im sunuyor.<br \/>\nStil \u00d6nerisi<br \/>\nFermuarl\u0131 pelu\u015f yaka deri g\u00f6r\u00fcn\u00fcml\u00fc ceket, skinny jean ve botlarla kombinlenerek g\u00fcnl\u00fck \u015f\u0131kl\u0131\u011f\u0131 yakalaman\u0131za yard\u0131mc\u0131 oluyor. \u0130nce bir kazak ile rahat ve s\u0131cak kalabilirsiniz. So\u011fuk g\u00fcnlerde g\u00f6r\u00fcn\u00fcm\u00fcn\u00fcze trend bir atk\u0131 ekleyerek stilinizi tamamlayabilirsiniz. Minimal aksesuarlarla ceketinizin \u015f\u0131k tasar\u0131m\u0131n\u0131 \u00f6n plana \u00e7\u0131karabilirsiniz.<br \/>\n\u00dcr\u00fcn \u00d6zellikleri<br \/>\nKol Tipi: Uzun Kol<br \/>\nYaka Tipi: Pelu\u015f Yaka<br \/>\nDetay: Fermuar Detayl\u0131, Cepli<br \/>\nFit: Regular<br \/>\nKullan\u0131m Alan\u0131: G\u00fcnl\u00fck Giyim<br \/>\nKoton&#8217;un g\u00f6z al\u0131c\u0131 ceket koleksiyonu ile stilinize s\u0131cakl\u0131k kat\u0131n. Her mevsime uygun tasar\u0131mlar\u0131 ke\u015ffedin!<br \/>\nBu \u00fcr\u00fcn \u00f6zel boyar maddeler ile renklendirilmi\u015ftir. \u00dcr\u00fcn\u00fcn \u00f6zelli\u011fi gere\u011fi kullan\u0131m esnas\u0131nda s\u00fcrt\u00fcnmeye maruz kalan giysilerinizde bir miktar boya verebilir. Kullan\u0131m sonras\u0131nda bak\u0131m talimatlara uyulmal\u0131d\u0131r.<\/p>\n<p>\u2014 Technical Details \u2014<br \/>\nModel \u00d6l\u00e7\u00fcleri: Boy: 171 \/ Bel: 58 \/ G\u00f6\u011f\u00fcs: 73 \/ Kal\u00e7a: 87<br \/>\nModel Bedeni: Jean: 27\/32 \/ Modelin Bedeni: S<br \/>\nKuma\u015f: %100 POL\u0130ESTER<br \/>\nKol Boyu: Uzun Kol<br \/>\nKol Tipi: D\u00fc\u015f\u00fck Omuz<br \/>\nYaka Tipi: Pelu\u015f Yaka<br \/>\nAstar: %100 POL\u0130ESTER<br \/>\nSil\u00fcet: Biker<br \/>\n\u00dcr\u00fcn Tipi\/Stil: Biker<br \/>\n\u00dcr\u00fcn Alt Markas\u0131: City fashion<\/p>\n","protected":false},"excerpt":{"rendered":"<p>Deri g\u00f6r\u00fcn\u00fcml\u00fc biker ceket, trend bir stil yarat\u0131yor. Pelu\u015f yaka ve man\u015fet detaylar\u0131 cekete hem s\u0131cakl\u0131k hem de \u015f\u0131kl\u0131k kat\u0131yor. \u0130\u00e7 y\u00fczeydeki yumu\u015fak astar\u0131, so\u011fuk havalarda konfor sa\u011fl\u0131yor. Fermuarl\u0131 cepleri sayesinde pratik bir kullan\u0131m yarat\u0131yor. Rahat kesimi ile farkl\u0131 kombinler yaratman\u0131za olanak tan\u0131yan ceket, \u00f6zellikle casual \u015f\u0131kl\u0131k arayanlar i\u00e7in ideal bir se\u00e7im sunuyor. Stil \u00d6nerisi [&hellip;]<\/p>\n","protected":false},"featured_media":72744,"comment_status":"open","ping_status":"closed","template":"","meta":[],"product_brand":[],"product_cat":[2044],"product_tag":[7973,8303,7354,7021,6768],"class_list":{"0":"post-72761","1":"product","2":"type-product","3":"status-publish","4":"has-post-thumbnail","6":"product_cat-ceketler","7":"product_tag-biker-ceket","8":"product_tag-dusuk-omuz","9":"product_tag-gunluk-giyim-2","10":"product_tag-polyester","11":"product_tag-uzun-kol","12":"pa_brand-koton","13":"pa_color-kahverengi","14":"pa_size-4698","15":"pa_size-4701","16":"pa_size-4706","17":"pa_size-4711","18":"pa_size-4713","20":"first","21":"instock","22":"sale","23":"shipping-taxable","24":"purchasable","25":"product-type-variable"},"_links":{"self":[{"href":"https:\/\/mod.wisdar.net\/tr\/wp-json\/wp\/v2\/product\/72761","targetHints":{"allow":["GET"]}}],"collection":[{"href":"https:\/\/mod.wisdar.net\/tr\/wp-json\/wp\/v2\/product"}],"about":[{"href":"https:\/\/mod.wisdar.net\/tr\/wp-json\/wp\/v2\/types\/product"}],"replies":[{"embeddable":true,"href":"https:\/\/mod.wisdar.net\/tr\/wp-json\/wp\/v2\/comments?post=72761"}],"wp:featuredmedia":[{"embeddable":true,"href":"https:\/\/mod.wisdar.net\/tr\/wp-json\/wp\/v2\/media\/72744"}],"wp:attachment":[{"href":"https:\/\/mod.wisdar.net\/tr\/wp-json\/wp\/v2\/media?parent=72761"}],"wp:term":[{"taxonomy":"product_brand","embeddable":true,"href":"https:\/\/mod.wisdar.net\/tr\/wp-json\/wp\/v2\/product_brand?post=72761"},{"taxonomy":"product_cat","embeddable":true,"href":"https:\/\/mod.wisdar.net\/tr\/wp-json\/wp\/v2\/product_cat?post=72761"},{"taxonomy":"product_tag","embeddable":true,"href":"https:\/\/mod.wisdar.net\/tr\/wp-json\/wp\/v2\/product_tag?post=72761"}],"curies":[{"name":"wp","href":"https:\/\/api.w.org\/{rel}","templated":true}]}}