{"id":72842,"date":"2026-01-17T12:25:21","date_gmt":"2026-01-17T12:25:21","guid":{"rendered":"https:\/\/modesthanim.com\/product\/beli-bagcikli-uzun-kollu-cepli-su-itici-kapusonlu-kapitone-sisme-mont\/"},"modified":"2026-04-09T12:40:51","modified_gmt":"2026-04-09T12:40:51","slug":"beli-bagcikli-uzun-kollu-cepli-su-itici-kapusonlu-kapitone-sisme-mont","status":"publish","type":"product","link":"https:\/\/mod.wisdar.net\/tr\/urun\/beli-bagcikli-uzun-kollu-cepli-su-itici-kapusonlu-kapitone-sisme-mont\/","title":{"rendered":"Beli Ba\u011fc\u0131kl\u0131 Uzun Kollu Cepli Su \u0130tici Kap\u00fc\u015fonlu Kapitone \u015ei\u015fme Mont"},"content":{"rendered":"<p>Kapitone \u015fi\u015fme mont, kaliteli ve trend tasar\u0131m\u0131yla \u00f6n plana \u00e7\u0131k\u0131yor. Uzun kol yap\u0131s\u0131 ve kap\u00fc\u015fonlu yaka detay\u0131 sayesinde so\u011fuk havalarda ekstra koruma sa\u011fl\u0131yor. Beli ba\u011fc\u0131kl\u0131 tasar\u0131m\u0131 ile ki\u015fisel tarz\u0131n\u0131z\u0131 yans\u0131t\u0131yor ve konfor sunuyor. Polar astarl\u0131 \u00e7ift cep tasar\u0131m\u0131 pratik bir kullan\u0131m avantaj\u0131 sunuyor. \u015ei\u015fme mont uzun boyu ve rahat kal\u0131b\u0131yla gard\u0131robunuzun vazge\u00e7ilmez par\u00e7alar\u0131ndan biri olmaya aday.<\/p>\n<p>Stil \u00d6nerisi<br \/>\nKapitone \u015fi\u015fme mont, g\u00fcnl\u00fck ve sportif kombinlerde m\u00fckemmel bir tamamlay\u0131c\u0131 olarak \u00f6ne \u00e7\u0131k\u0131yor. \u0130\u00e7ine giyece\u011finiz bir kazak veya sweatshirt ile so\u011fuk g\u00fcnlerde ideal bir se\u00e7im sunuyor. Alt\u0131na giyece\u011finiz skinny jean ve spor ayakkab\u0131larla hem rahat hem de \u015f\u0131k bir tarz yaratabilirsiniz. Ayr\u0131ca montu daha klasik tarzlarda kullanmak i\u00e7in dar kesim bir pantolon ve botlarla kombinleyebilirsiniz. B\u00fcy\u00fck \u00e7antalar ve minimal aksesuarlarla kombininizi zenginle\u015ftirerek, \u015fehir hayat\u0131na uyum sa\u011flayan modern bir g\u00f6r\u00fcn\u00fcm elde edebilirsiniz.<\/p>\n<p>\u00dcr\u00fcn \u00d6zellikleri<br \/>\nKol Tipi: Uzun Kol<br \/>\nYaka Tipi: Kap\u00fc\u015fonlu Yaka<br \/>\nDetay: Polar Cepli, Beli Ba\u011fc\u0131kl\u0131<br \/>\nFit: Regular Fit<br \/>\nKullan\u0131m Alan\u0131: G\u00fcnl\u00fck Giyim, Spor Giyim<\/p>\n<p>Koton&#8217;un \u015f\u0131k ve fonksiyonel mont tasar\u0131m\u0131yla so\u011fuk hava \u015f\u0131kl\u0131\u011f\u0131na merhaba deyin. Koton&#8217;un yenilik\u00e7i koleksiyonlar\u0131 ile stilinizi \u00f6ne \u00e7\u0131kar\u0131n!<\/p>\n<p>Respect Life \u2013 Ya\u015fama Sayg\u0131 | Bu \u00fcr\u00fcn geri d\u00f6n\u00fc\u015ft\u00fcr\u00fclm\u00fc\u015f iplikten \u00fcretilmi\u015ftir. Koton&#8217;un insana ve topluma de\u011fer katma, gelecek nesillere daha ya\u015fan\u0131labilir bir d\u00fcnya b\u0131rakma duyarl\u0131l\u0131\u011f\u0131yla haz\u0131rlad\u0131\u011f\u0131 koleksiyonu ke\u015ffedin.<\/p>\n<p>\u2014 Technical Details \u2014<br \/>\nKol Tipi: Uzun Kol<br \/>\nYaka Tipi: Kap\u00fc\u015fonlu<br \/>\nDetay: Polar Cepli, Beli Ba\u011fc\u0131kl\u0131<br \/>\nFit: Regular Fit<br \/>\nKullan\u0131m Alan\u0131: G\u00fcnl\u00fck Giyim, Spor Giyim<br \/>\nSil\u00fcet: Klasik<br \/>\n\u00dcr\u00fcn Tipi \/ Stil: Klasik<br \/>\n\u00dcr\u00fcn\u00fcn Alt Markas\u0131: City fashion<\/p>\n","protected":false},"excerpt":{"rendered":"<p>Kapitone \u015fi\u015fme mont, kaliteli ve trend tasar\u0131m\u0131yla \u00f6n plana \u00e7\u0131k\u0131yor. Uzun kol yap\u0131s\u0131 ve kap\u00fc\u015fonlu yaka detay\u0131 sayesinde so\u011fuk havalarda ekstra koruma sa\u011fl\u0131yor. Beli ba\u011fc\u0131kl\u0131 tasar\u0131m\u0131 ile ki\u015fisel tarz\u0131n\u0131z\u0131 yans\u0131t\u0131yor ve konfor sunuyor. Polar astarl\u0131 \u00e7ift cep tasar\u0131m\u0131 pratik bir kullan\u0131m avantaj\u0131 sunuyor. \u015ei\u015fme mont uzun boyu ve rahat kal\u0131b\u0131yla gard\u0131robunuzun vazge\u00e7ilmez par\u00e7alar\u0131ndan biri olmaya [&hellip;]<\/p>\n","protected":false},"featured_media":72830,"comment_status":"open","ping_status":"closed","template":"","meta":[],"product_brand":[],"product_cat":[2044],"product_tag":[8281,8338,8320,7985,7424,7696,6311],"class_list":{"0":"post-72842","1":"product","2":"type-product","3":"status-publish","4":"has-post-thumbnail","6":"product_cat-ceketler","7":"product_tag-bagcikli-bel","8":"product_tag-gunluk-dis-giyim","9":"product_tag-kapitone-mont","10":"product_tag-kapusonlu-mont","11":"product_tag-spor-giyim","12":"product_tag-su-itici","13":"product_tag-winter-coat","14":"pa_brand-koton","15":"pa_color-haki","16":"pa_size-4698","17":"pa_size-4701","18":"pa_size-4706","19":"pa_size-4711","20":"pa_size-4713","21":"pa_size-4751","23":"first","24":"outofstock","25":"shipping-taxable","26":"product-type-variable"},"_links":{"self":[{"href":"https:\/\/mod.wisdar.net\/tr\/wp-json\/wp\/v2\/product\/72842","targetHints":{"allow":["GET"]}}],"collection":[{"href":"https:\/\/mod.wisdar.net\/tr\/wp-json\/wp\/v2\/product"}],"about":[{"href":"https:\/\/mod.wisdar.net\/tr\/wp-json\/wp\/v2\/types\/product"}],"replies":[{"embeddable":true,"href":"https:\/\/mod.wisdar.net\/tr\/wp-json\/wp\/v2\/comments?post=72842"}],"wp:featuredmedia":[{"embeddable":true,"href":"https:\/\/mod.wisdar.net\/tr\/wp-json\/wp\/v2\/media\/72830"}],"wp:attachment":[{"href":"https:\/\/mod.wisdar.net\/tr\/wp-json\/wp\/v2\/media?parent=72842"}],"wp:term":[{"taxonomy":"product_brand","embeddable":true,"href":"https:\/\/mod.wisdar.net\/tr\/wp-json\/wp\/v2\/product_brand?post=72842"},{"taxonomy":"product_cat","embeddable":true,"href":"https:\/\/mod.wisdar.net\/tr\/wp-json\/wp\/v2\/product_cat?post=72842"},{"taxonomy":"product_tag","embeddable":true,"href":"https:\/\/mod.wisdar.net\/tr\/wp-json\/wp\/v2\/product_tag?post=72842"}],"curies":[{"name":"wp","href":"https:\/\/api.w.org\/{rel}","templated":true}]}}