{"id":72934,"date":"2026-01-17T12:27:13","date_gmt":"2026-01-17T12:27:13","guid":{"rendered":"https:\/\/modesthanim.com\/product\/uzun-kollu-cepli-dugmeli-kruvaze-kemerli-uzun-kase-kaban\/"},"modified":"2026-04-09T12:35:50","modified_gmt":"2026-04-09T12:35:50","slug":"uzun-kollu-cepli-dugmeli-kruvaze-kemerli-uzun-kase-kaban","status":"publish","type":"product","link":"https:\/\/mod.wisdar.net\/tr\/urun\/uzun-kollu-cepli-dugmeli-kruvaze-kemerli-uzun-kase-kaban\/","title":{"rendered":"Uzun Kollu Cepli D\u00fc\u011fmeli Kruvaze Kemerli Uzun Ka\u015fe Kaban"},"content":{"rendered":"<p>Uzun ka\u015fe kaban, zarif bir g\u00f6r\u00fcn\u00fcm sunarak \u015f\u0131kl\u0131\u011f\u0131n\u0131z\u0131 tamaml\u0131yor. Kruvaze tasar\u0131m\u0131 ve kemerli yap\u0131s\u0131 ile zamans\u0131z bir stil yarat\u0131yor. Uzun boyu so\u011fuk havalarda ekstra s\u0131cakl\u0131k sa\u011flarken cepli detay\u0131 sayesinde i\u015flevsellik sunuyor. \u0130\u00e7 astar\u0131 konforlu bir giyim deneyimi sunarken uzun kollu tasar\u0131m\u0131yla so\u011fuk g\u00fcnlerde ideal bir koruma sa\u011fl\u0131yor. Trend ve zarif hatlar\u0131yla dikkat \u00e7eken kaban, sezonun vazge\u00e7ilmez par\u00e7alar\u0131ndan biri olmaya aday.<br \/>\nStil \u00d6nerisi<br \/>\nUzun ka\u015fe kaban, \u015f\u0131k bir pantolon ve topuklu botlarla kombinlendi\u011finde zarif bir g\u00f6r\u00fcn\u00fcm sa\u011fl\u0131yor. Bo\u011fazl\u0131 kazak ile kombinleyerek so\u011fuk k\u0131\u015f g\u00fcnlerinde hem s\u0131cak hem de stil sahibi bir g\u00f6r\u00fcn\u00fcm elde edebilirsiniz. Minimal aksesuarlar ve bir portf\u00f6y \u00e7antayla kombin tamamland\u0131\u011f\u0131nda, davetler veya toplant\u0131lar i\u00e7in m\u00fckemmel stiller yaratabilirsiniz.<br \/>\n\u00dcr\u00fcn \u00d6zellikleri<br \/>\nKol Tipi: Uzun Kol<br \/>\nDetay: Cepli, Kemerli<br \/>\nFit: Regular<br \/>\nKuma\u015f: %10 Viskoz, %90 Polyester<br \/>\nKullan\u0131m Alan\u0131: G\u00fcnl\u00fck Giyim, Ofis Giyim<br \/>\nKoton&#8217;un stil sahibi kabanlar\u0131 ile fark yarat\u0131n. Her kombine uyum sa\u011flayan \u015f\u0131k tasar\u0131mlarla dikkatlerinizi \u00fczerinize \u00e7ekin!<br \/>\nRespect Life \u2013 Ya\u015fama Sayg\u0131 | Bu \u00fcr\u00fcn geri d\u00f6n\u00fc\u015ft\u00fcr\u00fclm\u00fc\u015f iplikten \u00fcretilmi\u015ftir. Koton&#8217;un insana ve topluma de\u011fer katma, gelecek nesillere daha ya\u015fan\u0131labilir bir d\u00fcnya b\u0131rakma duyarl\u0131l\u0131\u011f\u0131yla haz\u0131rlad\u0131\u011f\u0131 koleksiyonu ke\u015ffedin.<\/p>\n<p>\u2014 Technical Details \u2014<br \/>\nkol_tipi: Uzun Kol<br \/>\nkol_tipi_detay: Balon Kol<br \/>\nyaka_tipi: Kruvaze yaka<br \/>\nsiluet: Kruvaze<br \/>\nurun_tipi_stil: Kruvaze<br \/>\nalt_marka: City fashion<\/p>\n","protected":false},"excerpt":{"rendered":"<p>Uzun ka\u015fe kaban, zarif bir g\u00f6r\u00fcn\u00fcm sunarak \u015f\u0131kl\u0131\u011f\u0131n\u0131z\u0131 tamaml\u0131yor. Kruvaze tasar\u0131m\u0131 ve kemerli yap\u0131s\u0131 ile zamans\u0131z bir stil yarat\u0131yor. Uzun boyu so\u011fuk havalarda ekstra s\u0131cakl\u0131k sa\u011flarken cepli detay\u0131 sayesinde i\u015flevsellik sunuyor. \u0130\u00e7 astar\u0131 konforlu bir giyim deneyimi sunarken uzun kollu tasar\u0131m\u0131yla so\u011fuk g\u00fcnlerde ideal bir koruma sa\u011fl\u0131yor. Trend ve zarif hatlar\u0131yla dikkat \u00e7eken kaban, sezonun [&hellip;]<\/p>\n","protected":false},"featured_media":72922,"comment_status":"open","ping_status":"closed","template":"","meta":[],"product_brand":[],"product_cat":[2047],"product_tag":[6312,6754,6311],"class_list":{"0":"post-72934","1":"product","2":"type-product","3":"status-publish","4":"has-post-thumbnail","6":"product_cat-paltolar","7":"product_tag-long-coat","8":"product_tag-ofis-kiyafeti","9":"product_tag-winter-coat","10":"pa_brand-koton","11":"pa_color-antrasit","12":"pa_size-4698","13":"pa_size-4701","14":"pa_size-4706","15":"pa_size-4711","16":"pa_size-4713","17":"pa_size-4751","19":"first","20":"instock","21":"sale","22":"shipping-taxable","23":"purchasable","24":"product-type-variable"},"_links":{"self":[{"href":"https:\/\/mod.wisdar.net\/tr\/wp-json\/wp\/v2\/product\/72934","targetHints":{"allow":["GET"]}}],"collection":[{"href":"https:\/\/mod.wisdar.net\/tr\/wp-json\/wp\/v2\/product"}],"about":[{"href":"https:\/\/mod.wisdar.net\/tr\/wp-json\/wp\/v2\/types\/product"}],"replies":[{"embeddable":true,"href":"https:\/\/mod.wisdar.net\/tr\/wp-json\/wp\/v2\/comments?post=72934"}],"wp:featuredmedia":[{"embeddable":true,"href":"https:\/\/mod.wisdar.net\/tr\/wp-json\/wp\/v2\/media\/72922"}],"wp:attachment":[{"href":"https:\/\/mod.wisdar.net\/tr\/wp-json\/wp\/v2\/media?parent=72934"}],"wp:term":[{"taxonomy":"product_brand","embeddable":true,"href":"https:\/\/mod.wisdar.net\/tr\/wp-json\/wp\/v2\/product_brand?post=72934"},{"taxonomy":"product_cat","embeddable":true,"href":"https:\/\/mod.wisdar.net\/tr\/wp-json\/wp\/v2\/product_cat?post=72934"},{"taxonomy":"product_tag","embeddable":true,"href":"https:\/\/mod.wisdar.net\/tr\/wp-json\/wp\/v2\/product_tag?post=72934"}],"curies":[{"name":"wp","href":"https:\/\/api.w.org\/{rel}","templated":true}]}}