{"id":72985,"date":"2026-01-17T20:59:54","date_gmt":"2026-01-17T20:59:54","guid":{"rendered":"https:\/\/modesthanim.com\/product\/sevilay-etek-lacivert\/"},"modified":"2026-04-09T12:26:14","modified_gmt":"2026-04-09T12:26:14","slug":"sevilay-etek-lacivert","status":"publish","type":"product","link":"https:\/\/mod.wisdar.net\/tr\/urun\/sevilay-etek-lacivert\/","title":{"rendered":"Sevilay Etek Lacivert"},"content":{"rendered":"<p>Etek 1. S\u0131n\u0131f pamuk malzemeden \u00fcretilmi\u015ftir.<br \/>\nEtek ekose detaylara sahiptir.<br \/>\nEtek bel k\u0131sm\u0131 lastikli tasarlanm\u0131\u015ft\u0131r.<br \/>\nEtek geni\u015f formda kesilmi\u015ftir.<br \/>\nEtek boyu: 86 cm<br \/>\nEtek bel \u00f6l\u00e7\u00fcs\u00fc: 38 cm<\/p>\n","protected":false},"excerpt":{"rendered":"<p>Etek 1. S\u0131n\u0131f pamuk malzemeden \u00fcretilmi\u015ftir. Etek ekose detaylara sahiptir. Etek bel k\u0131sm\u0131 lastikli tasarlanm\u0131\u015ft\u0131r. Etek geni\u015f formda kesilmi\u015ftir. Etek boyu: 86 cm Etek bel \u00f6l\u00e7\u00fcs\u00fc: 38 cm<\/p>\n","protected":false},"featured_media":72982,"comment_status":"open","ping_status":"closed","template":"","meta":[],"product_brand":[],"product_cat":[1969],"product_tag":[],"class_list":{"0":"post-72985","1":"product","2":"type-product","3":"status-publish","4":"has-post-thumbnail","6":"product_cat-etekler","7":"pa_brand-butikkolik","8":"pa_color-lacivert","9":"pa_size-std-38-48","11":"first","12":"instock","13":"shipping-taxable","14":"purchasable","15":"product-type-variable"},"_links":{"self":[{"href":"https:\/\/mod.wisdar.net\/tr\/wp-json\/wp\/v2\/product\/72985","targetHints":{"allow":["GET"]}}],"collection":[{"href":"https:\/\/mod.wisdar.net\/tr\/wp-json\/wp\/v2\/product"}],"about":[{"href":"https:\/\/mod.wisdar.net\/tr\/wp-json\/wp\/v2\/types\/product"}],"replies":[{"embeddable":true,"href":"https:\/\/mod.wisdar.net\/tr\/wp-json\/wp\/v2\/comments?post=72985"}],"wp:featuredmedia":[{"embeddable":true,"href":"https:\/\/mod.wisdar.net\/tr\/wp-json\/wp\/v2\/media\/72982"}],"wp:attachment":[{"href":"https:\/\/mod.wisdar.net\/tr\/wp-json\/wp\/v2\/media?parent=72985"}],"wp:term":[{"taxonomy":"product_brand","embeddable":true,"href":"https:\/\/mod.wisdar.net\/tr\/wp-json\/wp\/v2\/product_brand?post=72985"},{"taxonomy":"product_cat","embeddable":true,"href":"https:\/\/mod.wisdar.net\/tr\/wp-json\/wp\/v2\/product_cat?post=72985"},{"taxonomy":"product_tag","embeddable":true,"href":"https:\/\/mod.wisdar.net\/tr\/wp-json\/wp\/v2\/product_tag?post=72985"}],"curies":[{"name":"wp","href":"https:\/\/api.w.org\/{rel}","templated":true}]}}