{"id":73029,"date":"2026-01-17T21:03:01","date_gmt":"2026-01-17T21:03:01","guid":{"rendered":"https:\/\/modesthanim.com\/product\/burcu-etek-taba\/"},"modified":"2026-02-14T18:25:20","modified_gmt":"2026-02-14T18:25:20","slug":"burcu-etek-taba","status":"publish","type":"product","link":"https:\/\/mod.wisdar.net\/tr\/urun\/burcu-etek-taba\/","title":{"rendered":"Burcu Etek Taba"},"content":{"rendered":"<p>Etek 1.S\u0131n\u0131f Deri Kuma\u015ft\u0131r<br \/>\nEtek Yandan Fermuarl\u0131d\u0131r<br \/>\nEtek Par\u00e7al\u0131d\u0131r<br \/>\nEtek Boy 91cm Bel 36cm<\/p>\n","protected":false},"excerpt":{"rendered":"<p>Etek 1.S\u0131n\u0131f Deri Kuma\u015ft\u0131r Etek Yandan Fermuarl\u0131d\u0131r Etek Par\u00e7al\u0131d\u0131r Etek Boy 91cm Bel 36cm<\/p>\n","protected":false},"featured_media":73026,"comment_status":"open","ping_status":"closed","template":"","meta":[],"product_brand":[],"product_cat":[1969],"product_tag":[6753,7547],"class_list":{"0":"post-73029","1":"product","2":"type-product","3":"status-publish","4":"has-post-thumbnail","6":"product_cat-etekler","7":"product_tag-bej","8":"product_tag-kadin-giyim","9":"pa_brand-butikkolik","10":"pa_color-taba","11":"pa_size-l-40-42","12":"pa_size-m-38-40","13":"pa_size-s-36-38","14":"pa_size-xl-42-44","16":"first","17":"instock","18":"sale","19":"shipping-taxable","20":"purchasable","21":"product-type-variable"},"_links":{"self":[{"href":"https:\/\/mod.wisdar.net\/tr\/wp-json\/wp\/v2\/product\/73029","targetHints":{"allow":["GET"]}}],"collection":[{"href":"https:\/\/mod.wisdar.net\/tr\/wp-json\/wp\/v2\/product"}],"about":[{"href":"https:\/\/mod.wisdar.net\/tr\/wp-json\/wp\/v2\/types\/product"}],"replies":[{"embeddable":true,"href":"https:\/\/mod.wisdar.net\/tr\/wp-json\/wp\/v2\/comments?post=73029"}],"wp:featuredmedia":[{"embeddable":true,"href":"https:\/\/mod.wisdar.net\/tr\/wp-json\/wp\/v2\/media\/73026"}],"wp:attachment":[{"href":"https:\/\/mod.wisdar.net\/tr\/wp-json\/wp\/v2\/media?parent=73029"}],"wp:term":[{"taxonomy":"product_brand","embeddable":true,"href":"https:\/\/mod.wisdar.net\/tr\/wp-json\/wp\/v2\/product_brand?post=73029"},{"taxonomy":"product_cat","embeddable":true,"href":"https:\/\/mod.wisdar.net\/tr\/wp-json\/wp\/v2\/product_cat?post=73029"},{"taxonomy":"product_tag","embeddable":true,"href":"https:\/\/mod.wisdar.net\/tr\/wp-json\/wp\/v2\/product_tag?post=73029"}],"curies":[{"name":"wp","href":"https:\/\/api.w.org\/{rel}","templated":true}]}}