{"id":7303,"date":"2025-11-01T19:48:43","date_gmt":"2025-11-01T19:48:43","guid":{"rendered":"https:\/\/modesthanim.com\/product\/kemerli-uzun-kaban-gri\/"},"modified":"2026-04-10T14:52:26","modified_gmt":"2026-04-10T14:52:26","slug":"kemerli-uzun-kaban-gri","status":"publish","type":"product","link":"https:\/\/mod.wisdar.net\/tr\/urun\/kemerli-uzun-kaban-gri\/","title":{"rendered":"Kemerli Uzun Kaban \u2013 Gri"},"content":{"rendered":"<p>Bu uzun kaban, kemer detay\u0131 ile silueti zarif bir \u015fekilde vurgular ve sade tasar\u0131m\u0131yla \u015f\u0131kl\u0131\u011f\u0131 \u00f6n plana \u00e7\u0131kar\u0131r. Klasik ve modern k\u0131yafetlerle kolayca uyum sa\u011flar, mevsim ge\u00e7i\u015flerinde tarz\u0131n\u0131z\u0131 tamamlayan g\u00fc\u00e7l\u00fc bir par\u00e7ad\u0131r.<br \/>\nKuma\u015f \u0130\u00e7eri\u011fi: %88 Modal, %12 Polyester<br \/>\nDesen: D\u00fcz<br \/>\nYaka Tipi: \u00c7apraz Yaka<br \/>\nKol Tipi: Uzun Kol<br \/>\nCep: D\u00fcnya Cebi<br \/>\nAstar: Astars\u0131z<br \/>\n\u00dcr\u00fcn Uzunlu\u011fu: 110 cm<br \/>\nKal\u0131p: Normal Kal\u0131p<br \/>\nModelin Giydi\u011fi Beden: 38<br \/>\nModel \u00d6l\u00e7\u00fcleri: Boy: 176 cm, G\u00f6\u011f\u00fcs: 80 cm, Bel: 60 cm, Kal\u00e7a: 90 cm<\/p>\n<p>\u2014 Teknik Detaylar \u2014<br \/>\nDesen: D\u00fcz<br \/>\nYaka Tipi: \u00c7apraz Yaka<br \/>\nKol Tipi: Uzun Kol<br \/>\nCep: D\u00fcnya Cebi<br \/>\nAstar: Astars\u0131z<br \/>\n\u00dcr\u00fcn Uzunlu\u011fu: 110 cm<br \/>\nKal\u0131p: Normal Kal\u0131p<\/p>\n","protected":false},"excerpt":{"rendered":"<p>Bu uzun kaban, kemer detay\u0131 ile silueti zarif bir \u015fekilde vurgular ve sade tasar\u0131m\u0131yla \u015f\u0131kl\u0131\u011f\u0131 \u00f6n plana \u00e7\u0131kar\u0131r. Klasik ve modern k\u0131yafetlerle kolayca uyum sa\u011flar, mevsim ge\u00e7i\u015flerinde tarz\u0131n\u0131z\u0131 tamamlayan g\u00fc\u00e7l\u00fc bir par\u00e7ad\u0131r. Kuma\u015f \u0130\u00e7eri\u011fi: %88 Modal, %12 Polyester Desen: D\u00fcz Yaka Tipi: \u00c7apraz Yaka Kol Tipi: Uzun Kol Cep: D\u00fcnya Cebi Astar: Astars\u0131z \u00dcr\u00fcn Uzunlu\u011fu: [&hellip;]<\/p>\n","protected":false},"featured_media":0,"comment_status":"open","ping_status":"closed","template":"","meta":[],"product_brand":[],"product_cat":[2044],"product_tag":[5010,5012,7668,8399],"class_list":{"0":"post-7303","1":"product","2":"type-product","3":"status-publish","5":"product_cat-ceketler","6":"product_tag-coat","7":"product_tag-elegant","8":"product_tag-kemerli","9":"product_tag-sik-2","10":"pa_brand-tugba","11":"pa_color-gri","12":"pa_size-4706","13":"pa_size-4711","14":"pa_size-4713","15":"pa_size-4751","16":"pa_size-4749","17":"pa_size-4747","19":"first","20":"instock","21":"sale","22":"shipping-taxable","23":"purchasable","24":"product-type-variable"},"_links":{"self":[{"href":"https:\/\/mod.wisdar.net\/tr\/wp-json\/wp\/v2\/product\/7303","targetHints":{"allow":["GET"]}}],"collection":[{"href":"https:\/\/mod.wisdar.net\/tr\/wp-json\/wp\/v2\/product"}],"about":[{"href":"https:\/\/mod.wisdar.net\/tr\/wp-json\/wp\/v2\/types\/product"}],"replies":[{"embeddable":true,"href":"https:\/\/mod.wisdar.net\/tr\/wp-json\/wp\/v2\/comments?post=7303"}],"wp:attachment":[{"href":"https:\/\/mod.wisdar.net\/tr\/wp-json\/wp\/v2\/media?parent=7303"}],"wp:term":[{"taxonomy":"product_brand","embeddable":true,"href":"https:\/\/mod.wisdar.net\/tr\/wp-json\/wp\/v2\/product_brand?post=7303"},{"taxonomy":"product_cat","embeddable":true,"href":"https:\/\/mod.wisdar.net\/tr\/wp-json\/wp\/v2\/product_cat?post=7303"},{"taxonomy":"product_tag","embeddable":true,"href":"https:\/\/mod.wisdar.net\/tr\/wp-json\/wp\/v2\/product_tag?post=7303"}],"curies":[{"name":"wp","href":"https:\/\/api.w.org\/{rel}","templated":true}]}}