{"id":73037,"date":"2026-01-17T21:02:57","date_gmt":"2026-01-17T21:02:57","guid":{"rendered":"https:\/\/modesthanim.com\/product\/burcu-krem-etek\/"},"modified":"2026-04-09T12:27:28","modified_gmt":"2026-04-09T12:27:28","slug":"burcu-krem-etek","status":"publish","type":"product","link":"https:\/\/mod.wisdar.net\/tr\/urun\/burcu-krem-etek\/","title":{"rendered":"Burcu Krem Etek"},"content":{"rendered":"<p>Etek 1. S\u0131n\u0131f deri kuma\u015ftan \u00fcretilmi\u015ftir.<br \/>\nEtek yan fermuarl\u0131 tasar\u0131ma sahiptir.<br \/>\nPar\u00e7al\u0131 kesim ile modern bir g\u00f6r\u00fcn\u00fcm sunar.<br \/>\nEtek boyu: 91 cm, bel \u00f6l\u00e7\u00fcs\u00fc: 36 cm.<\/p>\n","protected":false},"excerpt":{"rendered":"<p>Etek 1. S\u0131n\u0131f deri kuma\u015ftan \u00fcretilmi\u015ftir. Etek yan fermuarl\u0131 tasar\u0131ma sahiptir. Par\u00e7al\u0131 kesim ile modern bir g\u00f6r\u00fcn\u00fcm sunar. Etek boyu: 91 cm, bel \u00f6l\u00e7\u00fcs\u00fc: 36 cm.<\/p>\n","protected":false},"featured_media":73034,"comment_status":"open","ping_status":"closed","template":"","meta":[],"product_brand":[],"product_cat":[1969],"product_tag":[],"class_list":{"0":"post-73037","1":"product","2":"type-product","3":"status-publish","4":"has-post-thumbnail","6":"product_cat-etekler","7":"pa_brand-butikkolik","8":"pa_color-krem","9":"pa_size-l-40-42","10":"pa_size-m-38-40","11":"pa_size-s-36-38","12":"pa_size-xl-42-44","14":"first","15":"instock","16":"sale","17":"shipping-taxable","18":"purchasable","19":"product-type-variable"},"_links":{"self":[{"href":"https:\/\/mod.wisdar.net\/tr\/wp-json\/wp\/v2\/product\/73037","targetHints":{"allow":["GET"]}}],"collection":[{"href":"https:\/\/mod.wisdar.net\/tr\/wp-json\/wp\/v2\/product"}],"about":[{"href":"https:\/\/mod.wisdar.net\/tr\/wp-json\/wp\/v2\/types\/product"}],"replies":[{"embeddable":true,"href":"https:\/\/mod.wisdar.net\/tr\/wp-json\/wp\/v2\/comments?post=73037"}],"wp:featuredmedia":[{"embeddable":true,"href":"https:\/\/mod.wisdar.net\/tr\/wp-json\/wp\/v2\/media\/73034"}],"wp:attachment":[{"href":"https:\/\/mod.wisdar.net\/tr\/wp-json\/wp\/v2\/media?parent=73037"}],"wp:term":[{"taxonomy":"product_brand","embeddable":true,"href":"https:\/\/mod.wisdar.net\/tr\/wp-json\/wp\/v2\/product_brand?post=73037"},{"taxonomy":"product_cat","embeddable":true,"href":"https:\/\/mod.wisdar.net\/tr\/wp-json\/wp\/v2\/product_cat?post=73037"},{"taxonomy":"product_tag","embeddable":true,"href":"https:\/\/mod.wisdar.net\/tr\/wp-json\/wp\/v2\/product_tag?post=73037"}],"curies":[{"name":"wp","href":"https:\/\/api.w.org\/{rel}","templated":true}]}}