{"id":73059,"date":"2026-01-17T21:03:17","date_gmt":"2026-01-17T21:03:17","guid":{"rendered":"https:\/\/modesthanim.com\/product\/binnur-etek-kahverengi\/"},"modified":"2026-03-22T04:50:41","modified_gmt":"2026-03-22T04:50:41","slug":"binnur-etek-kahverengi","status":"publish","type":"product","link":"https:\/\/mod.wisdar.net\/tr\/urun\/binnur-etek-kahverengi\/","title":{"rendered":"Binnur Etek Kahverengi"},"content":{"rendered":"<p>Bu etek, 1. S\u0131n\u0131f \u015fifon kuma\u015ftan \u00fcretilmi\u015ftir.<br \/>\nEte\u011fin i\u00e7i astarl\u0131d\u0131r.<br \/>\nBel k\u0131sm\u0131 lastikli tasar\u0131m\u0131 ile rahat bir kullan\u0131m sunar.<br \/>\nAsimetrik detaylara sahip \u015f\u0131k bir modeldir.<br \/>\nBoy: 101 cm<br \/>\nBel: 32 cm<\/p>\n","protected":false},"excerpt":{"rendered":"<p>Bu etek, 1. S\u0131n\u0131f \u015fifon kuma\u015ftan \u00fcretilmi\u015ftir. Ete\u011fin i\u00e7i astarl\u0131d\u0131r. Bel k\u0131sm\u0131 lastikli tasar\u0131m\u0131 ile rahat bir kullan\u0131m sunar. Asimetrik detaylara sahip \u015f\u0131k bir modeldir. Boy: 101 cm Bel: 32 cm<\/p>\n","protected":false},"featured_media":73057,"comment_status":"open","ping_status":"closed","template":"","meta":[],"product_brand":[],"product_cat":[1969],"product_tag":[],"class_list":{"0":"post-73059","1":"product","2":"type-product","3":"status-publish","4":"has-post-thumbnail","6":"product_cat-etekler","7":"pa_brand-butikkolik","8":"pa_color-kahverengi","9":"pa_size-std-38-42","11":"first","12":"outofstock","13":"shipping-taxable","14":"product-type-variable"},"_links":{"self":[{"href":"https:\/\/mod.wisdar.net\/tr\/wp-json\/wp\/v2\/product\/73059","targetHints":{"allow":["GET"]}}],"collection":[{"href":"https:\/\/mod.wisdar.net\/tr\/wp-json\/wp\/v2\/product"}],"about":[{"href":"https:\/\/mod.wisdar.net\/tr\/wp-json\/wp\/v2\/types\/product"}],"replies":[{"embeddable":true,"href":"https:\/\/mod.wisdar.net\/tr\/wp-json\/wp\/v2\/comments?post=73059"}],"wp:featuredmedia":[{"embeddable":true,"href":"https:\/\/mod.wisdar.net\/tr\/wp-json\/wp\/v2\/media\/73057"}],"wp:attachment":[{"href":"https:\/\/mod.wisdar.net\/tr\/wp-json\/wp\/v2\/media?parent=73059"}],"wp:term":[{"taxonomy":"product_brand","embeddable":true,"href":"https:\/\/mod.wisdar.net\/tr\/wp-json\/wp\/v2\/product_brand?post=73059"},{"taxonomy":"product_cat","embeddable":true,"href":"https:\/\/mod.wisdar.net\/tr\/wp-json\/wp\/v2\/product_cat?post=73059"},{"taxonomy":"product_tag","embeddable":true,"href":"https:\/\/mod.wisdar.net\/tr\/wp-json\/wp\/v2\/product_tag?post=73059"}],"curies":[{"name":"wp","href":"https:\/\/api.w.org\/{rel}","templated":true}]}}