{"id":73083,"date":"2026-01-17T21:03:24","date_gmt":"2026-01-17T21:03:24","guid":{"rendered":"https:\/\/modesthanim.com\/product\/burcu-etek-siyah\/"},"modified":"2026-01-17T21:03:39","modified_gmt":"2026-01-17T21:03:39","slug":"burcu-etek-siyah","status":"publish","type":"product","link":"https:\/\/mod.wisdar.net\/tr\/urun\/burcu-etek-siyah\/","title":{"rendered":"Burcu Etek Siyah"},"content":{"rendered":"<p>Etek 1.S\u0131n\u0131f Deri Kuma\u015ft\u0131r<br \/>\nEtek Yandan Fermuarl\u0131d\u0131r<br \/>\nEtek Par\u00e7al\u0131d\u0131r<br \/>\nEtek Boy 91cm Bel 36cm<\/p>\n","protected":false},"excerpt":{"rendered":"<p>Etek 1.S\u0131n\u0131f Deri Kuma\u015ft\u0131r Etek Yandan Fermuarl\u0131d\u0131r Etek Par\u00e7al\u0131d\u0131r Etek Boy 91cm Bel 36cm<\/p>\n","protected":false},"featured_media":73080,"comment_status":"open","ping_status":"closed","template":"","meta":[],"product_brand":[],"product_cat":[1969],"product_tag":[7622],"class_list":{"0":"post-73083","1":"product","2":"type-product","3":"status-publish","4":"has-post-thumbnail","6":"product_cat-etekler","7":"product_tag-siyah-etek","8":"pa_brand-butikkolik","9":"pa_color-siyah","10":"pa_size-l-40-42","11":"pa_size-m-38-40","12":"pa_size-s-36-38","13":"pa_size-xl-42-44","15":"first","16":"instock","17":"sale","18":"shipping-taxable","19":"purchasable","20":"product-type-variable"},"_links":{"self":[{"href":"https:\/\/mod.wisdar.net\/tr\/wp-json\/wp\/v2\/product\/73083","targetHints":{"allow":["GET"]}}],"collection":[{"href":"https:\/\/mod.wisdar.net\/tr\/wp-json\/wp\/v2\/product"}],"about":[{"href":"https:\/\/mod.wisdar.net\/tr\/wp-json\/wp\/v2\/types\/product"}],"replies":[{"embeddable":true,"href":"https:\/\/mod.wisdar.net\/tr\/wp-json\/wp\/v2\/comments?post=73083"}],"wp:featuredmedia":[{"embeddable":true,"href":"https:\/\/mod.wisdar.net\/tr\/wp-json\/wp\/v2\/media\/73080"}],"wp:attachment":[{"href":"https:\/\/mod.wisdar.net\/tr\/wp-json\/wp\/v2\/media?parent=73083"}],"wp:term":[{"taxonomy":"product_brand","embeddable":true,"href":"https:\/\/mod.wisdar.net\/tr\/wp-json\/wp\/v2\/product_brand?post=73083"},{"taxonomy":"product_cat","embeddable":true,"href":"https:\/\/mod.wisdar.net\/tr\/wp-json\/wp\/v2\/product_cat?post=73083"},{"taxonomy":"product_tag","embeddable":true,"href":"https:\/\/mod.wisdar.net\/tr\/wp-json\/wp\/v2\/product_tag?post=73083"}],"curies":[{"name":"wp","href":"https:\/\/api.w.org\/{rel}","templated":true}]}}