{"id":73196,"date":"2026-01-17T21:53:09","date_gmt":"2026-01-17T21:53:09","guid":{"rendered":"https:\/\/modesthanim.com\/product\/regular-fit-uc-iplik-uzun-kollu-polo-yaka-sweatshirt\/"},"modified":"2026-03-22T05:31:09","modified_gmt":"2026-03-22T05:31:09","slug":"regular-fit-uc-iplik-uzun-kollu-polo-yaka-sweatshirt","status":"publish","type":"product","link":"https:\/\/mod.wisdar.net\/tr\/urun\/regular-fit-uc-iplik-uzun-kollu-polo-yaka-sweatshirt\/","title":{"rendered":"Regular Fit \u00dc\u00e7 \u0130plik Uzun Kollu Polo Yaka Sweatshirt"},"content":{"rendered":"<p>Regular fit tasar\u0131m\u0131 ve uzun kollu yap\u0131s\u0131yla \u00f6ne \u00e7\u0131kan polo yaka sweatshirt rahatl\u0131k sunuyor. \u00dc\u00e7 iplik kuma\u015f dokusuyla konforu ve \u015f\u0131kl\u0131\u011f\u0131 bir araya getiriyor. Geni\u015f polo yaka detay\u0131yla spor ve casual kombinler i\u00e7in ideal bir se\u00e7im sunuyor. Standart boy uzunlu\u011fu ve esnek yap\u0131s\u0131 sayesinde g\u00fcnl\u00fck kullan\u0131ma uygun se\u00e7enek yarat\u0131yor. Pamuk kar\u0131\u015f\u0131ml\u0131 kuma\u015f\u0131 sayesinde hem nefes alabilir hem de dayan\u0131kl\u0131 bir yap\u0131 sunuyor. Sweatshirt, spor giyimden g\u00fcnl\u00fck stilinize kadar her tarz\u0131 tamaml\u0131yor.<\/p>\n","protected":false},"excerpt":{"rendered":"<p>Regular fit tasar\u0131m\u0131 ve uzun kollu yap\u0131s\u0131yla \u00f6ne \u00e7\u0131kan polo yaka sweatshirt rahatl\u0131k sunuyor. \u00dc\u00e7 iplik kuma\u015f dokusuyla konforu ve \u015f\u0131kl\u0131\u011f\u0131 bir araya getiriyor. Geni\u015f polo yaka detay\u0131yla spor ve casual kombinler i\u00e7in ideal bir se\u00e7im sunuyor. Standart boy uzunlu\u011fu ve esnek yap\u0131s\u0131 sayesinde g\u00fcnl\u00fck kullan\u0131ma uygun se\u00e7enek yarat\u0131yor. Pamuk kar\u0131\u015f\u0131ml\u0131 kuma\u015f\u0131 sayesinde hem nefes [&hellip;]<\/p>\n","protected":false},"featured_media":73190,"comment_status":"open","ping_status":"closed","template":"","meta":[],"product_brand":[],"product_cat":[1927],"product_tag":[7426,7425,7424,7422,6768],"class_list":{"0":"post-73196","1":"product","2":"type-product","3":"status-publish","4":"has-post-thumbnail","6":"product_cat-hoodies-sweatshirtler","7":"product_tag-gunluk-giyim-3","8":"product_tag-pamuk-karisimi","9":"product_tag-spor-giyim","10":"product_tag-sweatshirt","11":"product_tag-uzun-kol","12":"pa_brand-koton","13":"pa_color-bordo","14":"pa_size-l","15":"pa_size-m","16":"pa_size-s","17":"pa_size-xl","19":"first","20":"instock","21":"sale","22":"shipping-taxable","23":"purchasable","24":"product-type-variable"},"_links":{"self":[{"href":"https:\/\/mod.wisdar.net\/tr\/wp-json\/wp\/v2\/product\/73196","targetHints":{"allow":["GET"]}}],"collection":[{"href":"https:\/\/mod.wisdar.net\/tr\/wp-json\/wp\/v2\/product"}],"about":[{"href":"https:\/\/mod.wisdar.net\/tr\/wp-json\/wp\/v2\/types\/product"}],"replies":[{"embeddable":true,"href":"https:\/\/mod.wisdar.net\/tr\/wp-json\/wp\/v2\/comments?post=73196"}],"wp:featuredmedia":[{"embeddable":true,"href":"https:\/\/mod.wisdar.net\/tr\/wp-json\/wp\/v2\/media\/73190"}],"wp:attachment":[{"href":"https:\/\/mod.wisdar.net\/tr\/wp-json\/wp\/v2\/media?parent=73196"}],"wp:term":[{"taxonomy":"product_brand","embeddable":true,"href":"https:\/\/mod.wisdar.net\/tr\/wp-json\/wp\/v2\/product_brand?post=73196"},{"taxonomy":"product_cat","embeddable":true,"href":"https:\/\/mod.wisdar.net\/tr\/wp-json\/wp\/v2\/product_cat?post=73196"},{"taxonomy":"product_tag","embeddable":true,"href":"https:\/\/mod.wisdar.net\/tr\/wp-json\/wp\/v2\/product_tag?post=73196"}],"curies":[{"name":"wp","href":"https:\/\/api.w.org\/{rel}","templated":true}]}}