{"id":73366,"date":"2026-01-17T21:56:38","date_gmt":"2026-01-17T21:56:38","guid":{"rendered":"https:\/\/modesthanim.com\/product\/trenc-kaban-kase-uzun-kollu-kruvaze-kemerli\/"},"modified":"2026-03-22T05:40:58","modified_gmt":"2026-03-22T05:40:58","slug":"trenc-kaban-kase-uzun-kollu-kruvaze-kemerli","status":"publish","type":"product","link":"https:\/\/mod.wisdar.net\/tr\/urun\/trenc-kaban-kase-uzun-kollu-kruvaze-kemerli\/","title":{"rendered":"Tren\u00e7 Kaban Ka\u015fe Uzun Kollu Kruvaze Kemerli"},"content":{"rendered":"<p>Tren\u00e7 kaban, ka\u015fe kuma\u015f\u0131 ve kruvaze kesimi ile hem \u015f\u0131kl\u0131\u011f\u0131 hem de rahatl\u0131\u011f\u0131 bir araya getiriyor. Uzun kol tasar\u0131m\u0131 ile so\u011fuk g\u00fcnlerde s\u0131cak kalman\u0131z\u0131 sa\u011fl\u0131yor. Belindeki kemer detay\u0131 stilinize zarif bir duru\u015f katarken v\u00fccudu sarmal\u0131yor. Cepleri sayesinde pratik kullan\u0131m sunarken, dayanakl\u0131 diki\u015fleri ile uzun s\u00fcreli kullan\u0131m sa\u011fl\u0131yor. Uzun ka\u015fe kaban, hem g\u00fcnl\u00fck ofis tarz\u0131na, hem de ak\u015fam davetleri kombinlerinize rahat\u00e7a e\u015flik edebilecek bir par\u00e7a olarak \u00f6ne \u00e7\u0131k\u0131yor.<\/p>\n<p>Stil \u00d6nerisi<br \/>\nKa\u015fe kaban\u0131, havu\u00e7 pantolon ve ince bir bo\u011fazl\u0131 kazak ile kombinleyerek modern ve \u015f\u0131k bir g\u00f6r\u00fcn\u00fcm elde edebilirsiniz. Topuklu botlar ve deri bir \u00e7anta ile stilinizi tamamlayarak, so\u011fuk k\u0131\u015f g\u00fcnlerinde dahi \u015f\u0131kl\u0131\u011f\u0131n\u0131zdan \u00f6d\u00fcn vermeyin. \u00d6zellikle minimal aksesuarlarla tamamlayabilece\u011finiz bu kombin, hem ofiste hem de g\u00fcnl\u00fck hayatta stilinizi \u00f6n plana \u00e7\u0131karacak.<\/p>\n<p>\u00dcr\u00fcn \u00d6zellikleri<br \/>\nKol Tipi: Uzun Kol<br \/>\nFit: Regular<br \/>\nDetay: Kruvaze, Kemerli, Fleto \u00c7ift Cep<br \/>\nKullan\u0131m Alan\u0131: G\u00fcnl\u00fck Giyim, Ofis Giyim, \u00d6zel G\u00fcnler<\/p>\n<p>Koton&#8217;un trend kaban modelleri ile k\u0131\u015f aylar\u0131nda da stilinizden \u00f6d\u00fcn vermeyin. Modern kesimler ve kaliteli kuma\u015flar\u0131n birle\u015fimi ile gard\u0131robunuza zarif bir dokunu\u015f kat\u0131n!<\/p>\n<p>Respect Life \u2013 Ya\u015fama Sayg\u0131 | Bu \u00fcr\u00fcn geri d\u00f6n\u00fc\u015ft\u00fcr\u00fclm\u00fc\u015f iplikten \u00fcretilmi\u015ftir. Koton&#8217;un insana ve topluma de\u011fer katma, gelecek nesillere daha ya\u015fan\u0131labilir bir d\u00fcnya b\u0131rakma duyarl\u0131l\u0131\u011f\u0131yla haz\u0131rlad\u0131\u011f\u0131 koleksiyonu ke\u015ffedin.<\/p>\n<p>\u2014 Technical Details \u2014<br \/>\nKuma\u015f: %10 V\u0130SKOZ, %90 POL\u0130ESTER<br \/>\nKol Boyu: Uzun Kol<br \/>\nKol Tipi: D\u00fc\u015f\u00fck Omuz<br \/>\nYaka Tipi: Kruvaze yaka<br \/>\nAstar: %100 POL\u0130ESTER<br \/>\nSil\u00fcet: Kruvaze<br \/>\n\u00dcr\u00fcn Tipi \/ Stil: Kruvaze<br \/>\n\u00dcr\u00fcn\u00fcn Alt Markas\u0131: City fashion<\/p>\n","protected":false},"excerpt":{"rendered":"<p>Tren\u00e7 kaban, ka\u015fe kuma\u015f\u0131 ve kruvaze kesimi ile hem \u015f\u0131kl\u0131\u011f\u0131 hem de rahatl\u0131\u011f\u0131 bir araya getiriyor. Uzun kol tasar\u0131m\u0131 ile so\u011fuk g\u00fcnlerde s\u0131cak kalman\u0131z\u0131 sa\u011fl\u0131yor. Belindeki kemer detay\u0131 stilinize zarif bir duru\u015f katarken v\u00fccudu sarmal\u0131yor. Cepleri sayesinde pratik kullan\u0131m sunarken, dayanakl\u0131 diki\u015fleri ile uzun s\u00fcreli kullan\u0131m sa\u011fl\u0131yor. Uzun ka\u015fe kaban, hem g\u00fcnl\u00fck ofis tarz\u0131na, hem [&hellip;]<\/p>\n","protected":false},"featured_media":73355,"comment_status":"open","ping_status":"closed","template":"","meta":[],"product_brand":[],"product_cat":[2047],"product_tag":[6754,6776,6768,6311,6906],"class_list":{"0":"post-73366","1":"product","2":"type-product","3":"status-publish","4":"has-post-thumbnail","6":"product_cat-paltolar","7":"product_tag-ofis-kiyafeti","8":"product_tag-trenckot","9":"product_tag-uzun-kol","10":"product_tag-winter-coat","11":"product_tag-zarif-moda","12":"pa_brand-koton","13":"pa_color-haki","14":"pa_size-4698","15":"pa_size-4701","16":"pa_size-4706","17":"pa_size-4711","18":"pa_size-4713","19":"pa_size-4751","21":"first","22":"outofstock","23":"shipping-taxable","24":"product-type-variable"},"_links":{"self":[{"href":"https:\/\/mod.wisdar.net\/tr\/wp-json\/wp\/v2\/product\/73366","targetHints":{"allow":["GET"]}}],"collection":[{"href":"https:\/\/mod.wisdar.net\/tr\/wp-json\/wp\/v2\/product"}],"about":[{"href":"https:\/\/mod.wisdar.net\/tr\/wp-json\/wp\/v2\/types\/product"}],"replies":[{"embeddable":true,"href":"https:\/\/mod.wisdar.net\/tr\/wp-json\/wp\/v2\/comments?post=73366"}],"wp:featuredmedia":[{"embeddable":true,"href":"https:\/\/mod.wisdar.net\/tr\/wp-json\/wp\/v2\/media\/73355"}],"wp:attachment":[{"href":"https:\/\/mod.wisdar.net\/tr\/wp-json\/wp\/v2\/media?parent=73366"}],"wp:term":[{"taxonomy":"product_brand","embeddable":true,"href":"https:\/\/mod.wisdar.net\/tr\/wp-json\/wp\/v2\/product_brand?post=73366"},{"taxonomy":"product_cat","embeddable":true,"href":"https:\/\/mod.wisdar.net\/tr\/wp-json\/wp\/v2\/product_cat?post=73366"},{"taxonomy":"product_tag","embeddable":true,"href":"https:\/\/mod.wisdar.net\/tr\/wp-json\/wp\/v2\/product_tag?post=73366"}],"curies":[{"name":"wp","href":"https:\/\/api.w.org\/{rel}","templated":true}]}}