{"id":73477,"date":"2026-01-17T21:58:33","date_gmt":"2026-01-17T21:58:33","guid":{"rendered":"https:\/\/modesthanim.com\/product\/suni-kurk-mont-uzun-kollu-kruvaze-crop\/"},"modified":"2026-03-22T05:42:56","modified_gmt":"2026-03-22T05:42:56","slug":"suni-kurk-mont-uzun-kollu-kruvaze-crop","status":"publish","type":"product","link":"https:\/\/mod.wisdar.net\/tr\/urun\/suni-kurk-mont-uzun-kollu-kruvaze-crop\/","title":{"rendered":"Suni K\u00fcrk Mont Uzun Kollu Kruvaze Crop"},"content":{"rendered":"<p>Suni k\u00fcrk mont, trend ve \u015f\u0131k tasar\u0131m\u0131yla stilinize zarafet kat\u0131yor. Uzun kollu ve kruvaze yaka detay\u0131 klasik bir g\u00f6r\u00fcn\u00fcm sa\u011flarken crop boyu modern bir dokunu\u015f sunuyor. Gizli cep detaylar\u0131 ile fonksiyonel bir kullan\u0131m sa\u011fl\u0131yor. Astar\u0131 sayesinde hem s\u0131cak tutuyor hem de konfor sunuyor.<br \/>\nStil \u00d6nerisi<br \/>\nSuni k\u00fcrk mont, skinny pantolonlar ve uzun botlarla kombinleyerek k\u0131\u015f\u0131n zarif ve \u00e7arp\u0131c\u0131 bir stil yarat\u0131yor. Basic bluz ve \u00e7anta ile tamamlad\u0131\u011f\u0131n\u0131zda, casual bir \u015f\u0131kl\u0131k sunuyor. Ofis veya \u00f6zel davetler i\u00e7in kruvaze yaka bluz topuklu ayakkab\u0131larla kombinler yaratabilirsiniz. Minimal tak\u0131larla stilinizi zenginle\u015ftirerek her ortamda dikkat \u00e7ekici bir g\u00f6r\u00fcn\u00fcme sahip olabilirsiniz.<br \/>\n\u00dcr\u00fcn \u00d6zellikleri<br \/>\nKol Tipi: Uzun Kol<br \/>\nYaka Tipi: Kruvaze Yaka<br \/>\nDetay: Kemerli, Cepli<br \/>\nFit: Regular<br \/>\nBoy: Crop<br \/>\nKullan\u0131m Alan\u0131: G\u00fcnl\u00fck Giyim, \u00d6zel G\u00fcnler<br \/>\nKoton mont koleksiyonuyla stilinize sofistike bir dokunu\u015f kat\u0131n. Trend suni k\u00fcrk mont modeliyle her ortamda fark yarat\u0131n!<\/p>\n<p>\u2014 Technical Details \u2014<br \/>\nKol Tipi: D\u00fc\u015f\u00fck Omuz<br \/>\nYaka Tipi: Kruvaze yaka<br \/>\nDetay: Kemerli, Cepli<br \/>\nFit: Regular<br \/>\nBoy: Crop<br \/>\nKullan\u0131m Alan\u0131: G\u00fcnl\u00fck Giyim, \u00d6zel G\u00fcnler<br \/>\nModelin \u00d6l\u00e7\u00fcleri: Boy: 177 \/ Bel: 60 \/ G\u00f6\u011f\u00fcs: 82 \/ Kal\u00e7a: 90<br \/>\nModelin Bedeni: Jean: 27\/32 \/ Modelin Bedeni: S<br \/>\nKuma\u015f: %100 POL\u0130ESTER<br \/>\nKol Boyu: Uzun Kol<br \/>\nAstar: %100 POL\u0130ESTER<br \/>\nSil\u00fcet: Klasik<br \/>\n\u00dcr\u00fcn Tipi \/ Stil: Klasik<br \/>\n\u00dcr\u00fcn\u00fcn Alt Markas\u0131: City fashion<\/p>\n","protected":false},"excerpt":{"rendered":"<p>Suni k\u00fcrk mont, trend ve \u015f\u0131k tasar\u0131m\u0131yla stilinize zarafet kat\u0131yor. Uzun kollu ve kruvaze yaka detay\u0131 klasik bir g\u00f6r\u00fcn\u00fcm sa\u011flarken crop boyu modern bir dokunu\u015f sunuyor. Gizli cep detaylar\u0131 ile fonksiyonel bir kullan\u0131m sa\u011fl\u0131yor. Astar\u0131 sayesinde hem s\u0131cak tutuyor hem de konfor sunuyor. Stil \u00d6nerisi Suni k\u00fcrk mont, skinny pantolonlar ve uzun botlarla kombinleyerek k\u0131\u015f\u0131n [&hellip;]<\/p>\n","protected":false},"featured_media":73454,"comment_status":"open","ping_status":"closed","template":"","meta":[],"product_brand":[],"product_cat":[2047],"product_tag":[8149,6768,6311,6313],"class_list":{"0":"post-73477","1":"product","2":"type-product","3":"status-publish","4":"has-post-thumbnail","6":"product_cat-paltolar","7":"product_tag-suni-kurk-mont","8":"product_tag-uzun-kol","9":"product_tag-winter-coat","10":"product_tag-womens-coat","11":"pa_brand-koton","12":"pa_color-kahverengi","13":"pa_size-4698","14":"pa_size-4701","15":"pa_size-4706","16":"pa_size-4711","17":"pa_size-4713","18":"pa_size-4751","20":"first","21":"outofstock","22":"shipping-taxable","23":"product-type-variable"},"_links":{"self":[{"href":"https:\/\/mod.wisdar.net\/tr\/wp-json\/wp\/v2\/product\/73477","targetHints":{"allow":["GET"]}}],"collection":[{"href":"https:\/\/mod.wisdar.net\/tr\/wp-json\/wp\/v2\/product"}],"about":[{"href":"https:\/\/mod.wisdar.net\/tr\/wp-json\/wp\/v2\/types\/product"}],"replies":[{"embeddable":true,"href":"https:\/\/mod.wisdar.net\/tr\/wp-json\/wp\/v2\/comments?post=73477"}],"wp:featuredmedia":[{"embeddable":true,"href":"https:\/\/mod.wisdar.net\/tr\/wp-json\/wp\/v2\/media\/73454"}],"wp:attachment":[{"href":"https:\/\/mod.wisdar.net\/tr\/wp-json\/wp\/v2\/media?parent=73477"}],"wp:term":[{"taxonomy":"product_brand","embeddable":true,"href":"https:\/\/mod.wisdar.net\/tr\/wp-json\/wp\/v2\/product_brand?post=73477"},{"taxonomy":"product_cat","embeddable":true,"href":"https:\/\/mod.wisdar.net\/tr\/wp-json\/wp\/v2\/product_cat?post=73477"},{"taxonomy":"product_tag","embeddable":true,"href":"https:\/\/mod.wisdar.net\/tr\/wp-json\/wp\/v2\/product_tag?post=73477"}],"curies":[{"name":"wp","href":"https:\/\/api.w.org\/{rel}","templated":true}]}}