{"id":73580,"date":"2026-01-17T22:00:53","date_gmt":"2026-01-17T22:00:53","guid":{"rendered":"https:\/\/modesthanim.com\/product\/suni-kurk-kaban-kruvaze-uzun-kollu\/"},"modified":"2026-04-09T12:51:25","modified_gmt":"2026-04-09T12:51:25","slug":"suni-kurk-kaban-kruvaze-uzun-kollu","status":"publish","type":"product","link":"https:\/\/mod.wisdar.net\/tr\/urun\/suni-kurk-kaban-kruvaze-uzun-kollu\/","title":{"rendered":"Suni K\u00fcrk Kaban Kruvaze Uzun Kollu"},"content":{"rendered":"<p>Uzun kollu ve kruvaze yaka tasar\u0131m\u0131yla dikkat \u00e7eken suni k\u00fcrk kaban, hem s\u0131cak hem de stil sahibi bir duru\u015f sunuyor. Yumu\u015fak dokusuyla konforlu bir kullan\u0131m sa\u011flayan kaban, klasik sil\u00fcetiyle zarif bir \u015f\u0131kl\u0131k kat\u0131yor. Modern ve zamans\u0131z tasar\u0131m\u0131 sayesinde favoriler aras\u0131nda yer alan suni k\u00fcrk kaban hem g\u00fcnl\u00fck giyimde hem de \u00f6zel davetlerde tercih ediliyor. Stil \u00d6nerisi Suni k\u00fcrk kaban, trend bir stil i\u00e7in uzun slip elbiseler ile kombinlenebilir. Topuklu \u00e7izmeler ve zarif bir el \u00e7antas\u0131 ile tamamlanan g\u00f6r\u00fcn\u00fcm, ak\u015fam davetlerinde sofistike bir stil sunacak. Ayr\u0131ca ince bir bo\u011fazl\u0131 kazak ile kombinleyerek so\u011fuk g\u00fcnlerde ekstra s\u0131cakl\u0131k sa\u011flayabilirsiniz. Alt\u0131n rengi aksesuarlarla tamamlanarak stilinizi zenginle\u015ftirebilirsiniz. \u00dcr\u00fcn \u00d6zellikleri Kol Tipi: Uzun Kol Yaka Tipi: Kruvaze Yaka Detay: D\u00fc\u011fmeli Fit: Regular Kullan\u0131m Alan\u0131: G\u00fcnl\u00fck Giyim, \u00d6zel G\u00fcnler Koton&#8217;un \u015f\u0131k ve klasik kaban tasar\u0131m\u0131yla so\u011fuk havalar\u0131 stil sahibi bir \u015fekilde kar\u015f\u0131lay\u0131n. \u015e\u0131kl\u0131\u011f\u0131 ve rahatl\u0131\u011f\u0131 bir arada sunan trend tasar\u0131mlar\u0131 \u015fimdi ke\u015ffedin!<\/p>\n<p>\u2014 Technical Details \u2014<br \/>\nKuma\u015f: %100 POL\u0130ESTER<br \/>\nKol Boyu: Uzun Kol<br \/>\nKol Tipi: D\u00fc\u015f\u00fck Omuz<br \/>\nYaka Tipi: Kruvaze yaka<br \/>\nAstar: %100 POL\u0130ESTER<br \/>\nSil\u00fcet: Klasik<br \/>\n\u00dcr\u00fcn Tipi \/ Stil: Klasik<br \/>\n\u00dcr\u00fcn\u00fcn Alt Markas\u0131: City fashion<br \/>\nSat\u0131c\u0131\/\u0130malat\u00e7\u0131\/\u0130thalat\u00e7\u0131 \u0130smi: Koton Ma\u011fazac\u0131l\u0131k Tekstil Sanayi ve Ticaret A.\u015e.<br \/>\nPosta Adresi: Ayaza\u011fa Mah. Maslak Ayaza\u011fa Cad. No:3 \u0130\u00e7 Kap\u0131 No:5 Sar\u0131yer\/\u0130stanbul<br \/>\nE-Posta Adresi: mim@koton.com<\/p>\n","protected":false},"excerpt":{"rendered":"<p>Uzun kollu ve kruvaze yaka tasar\u0131m\u0131yla dikkat \u00e7eken suni k\u00fcrk kaban, hem s\u0131cak hem de stil sahibi bir duru\u015f sunuyor. Yumu\u015fak dokusuyla konforlu bir kullan\u0131m sa\u011flayan kaban, klasik sil\u00fcetiyle zarif bir \u015f\u0131kl\u0131k kat\u0131yor. Modern ve zamans\u0131z tasar\u0131m\u0131 sayesinde favoriler aras\u0131nda yer alan suni k\u00fcrk kaban hem g\u00fcnl\u00fck giyimde hem de \u00f6zel davetlerde tercih ediliyor. Stil [&hellip;]<\/p>\n","protected":false},"featured_media":73563,"comment_status":"open","ping_status":"closed","template":"","meta":[],"product_brand":[],"product_cat":[2047],"product_tag":[7895,8149,6313],"class_list":{"0":"post-73580","1":"product","2":"type-product","3":"status-publish","4":"has-post-thumbnail","6":"product_cat-paltolar","7":"product_tag-kis-modasi","8":"product_tag-suni-kurk-mont","9":"product_tag-womens-coat","10":"pa_brand-koton","11":"pa_color-bej","12":"pa_size-7846","13":"pa_size-4698","14":"pa_size-4701","15":"pa_size-4706","16":"pa_size-4711","17":"pa_size-4713","18":"pa_size-4751","19":"pa_size-4749","21":"first","22":"instock","23":"sale","24":"shipping-taxable","25":"purchasable","26":"product-type-variable"},"_links":{"self":[{"href":"https:\/\/mod.wisdar.net\/tr\/wp-json\/wp\/v2\/product\/73580","targetHints":{"allow":["GET"]}}],"collection":[{"href":"https:\/\/mod.wisdar.net\/tr\/wp-json\/wp\/v2\/product"}],"about":[{"href":"https:\/\/mod.wisdar.net\/tr\/wp-json\/wp\/v2\/types\/product"}],"replies":[{"embeddable":true,"href":"https:\/\/mod.wisdar.net\/tr\/wp-json\/wp\/v2\/comments?post=73580"}],"wp:featuredmedia":[{"embeddable":true,"href":"https:\/\/mod.wisdar.net\/tr\/wp-json\/wp\/v2\/media\/73563"}],"wp:attachment":[{"href":"https:\/\/mod.wisdar.net\/tr\/wp-json\/wp\/v2\/media?parent=73580"}],"wp:term":[{"taxonomy":"product_brand","embeddable":true,"href":"https:\/\/mod.wisdar.net\/tr\/wp-json\/wp\/v2\/product_brand?post=73580"},{"taxonomy":"product_cat","embeddable":true,"href":"https:\/\/mod.wisdar.net\/tr\/wp-json\/wp\/v2\/product_cat?post=73580"},{"taxonomy":"product_tag","embeddable":true,"href":"https:\/\/mod.wisdar.net\/tr\/wp-json\/wp\/v2\/product_tag?post=73580"}],"curies":[{"name":"wp","href":"https:\/\/api.w.org\/{rel}","templated":true}]}}