{"id":7363,"date":"2025-11-07T20:16:06","date_gmt":"2025-11-01T19:49:51","guid":{"rendered":"https:\/\/modesthanim.com\/product\/cizgili-kemerli-blazer-ceket-indigo\/"},"modified":"2026-04-02T20:21:50","modified_gmt":"2026-04-02T20:21:50","slug":"cizgili-kemerli-blazer-ceket-indigo","status":"publish","type":"product","link":"https:\/\/mod.wisdar.net\/tr\/urun\/cizgili-kemerli-blazer-ceket-indigo\/","title":{"rendered":"\u00c7izgili Kemerli Blazer Ceket \u2013 \u0130ndigo"},"content":{"rendered":"<p>Bel b\u00f6lgesini vurgulayan kemer detay\u0131 ile zamans\u0131z \u00e7izgili desen, klasik blazer formuna modern ve \u015f\u0131k bir dokunu\u015f kat\u0131yor.<\/p>\n<p>Kuma\u015f \u0130\u00e7eri\u011fi: %100 Polyester<br \/>\nDesen: \u00c7izgili<br \/>\nYaka Tipi: Blazer Yaka<br \/>\nKol Tipi: Uzun Kol<br \/>\nCep: Gizli Cep<br \/>\nAstar: Astars\u0131z<br \/>\n\u00dcr\u00fcn Uzunlu\u011fu: 85 cm<br \/>\nKal\u0131p: Normal Kal\u0131p<br \/>\nModelin Giydi\u011fi Beden: 38<br \/>\nModel \u00d6l\u00e7\u00fcleri: Boy: 177 cm, G\u00f6\u011f\u00fcs: 88 cm, Bel: 58 cm, Kal\u00e7a: 93 cm<\/p>\n<p>\u2014 Teknik Detaylar \u2014<br \/>\nDesen: \u00c7izgili<br \/>\nYaka Tipi: Blazer Yaka<br \/>\nKol Tipi: Uzun Kol<br \/>\nCep: Gizli Cep<br \/>\nAstar: Astars\u0131z<br \/>\n\u00dcr\u00fcn Uzunlu\u011fu: 85 cm<br \/>\nKal\u0131p: Normal Kal\u0131p<br \/>\nModelin Giydi\u011fi Beden: 38<br \/>\nModel \u00d6l\u00e7\u00fcleri: Boy: 177 cm, G\u00f6\u011f\u00fcs: 88 cm, Bel: 58 cm, Kal\u00e7a: 93 cm<\/p>\n","protected":false},"excerpt":{"rendered":"<p>Bel b\u00f6lgesini vurgulayan kemer detay\u0131 ile zamans\u0131z \u00e7izgili desen, klasik blazer formuna modern ve \u015f\u0131k bir dokunu\u015f kat\u0131yor. Kuma\u015f \u0130\u00e7eri\u011fi: %100 Polyester Desen: \u00c7izgili Yaka Tipi: Blazer Yaka Kol Tipi: Uzun Kol Cep: Gizli Cep Astar: Astars\u0131z \u00dcr\u00fcn Uzunlu\u011fu: 85 cm Kal\u0131p: Normal Kal\u0131p Modelin Giydi\u011fi Beden: 38 Model \u00d6l\u00e7\u00fcleri: Boy: 177 cm, G\u00f6\u011f\u00fcs: 88 [&hellip;]<\/p>\n","protected":false},"featured_media":0,"comment_status":"open","ping_status":"closed","template":"","meta":[],"product_brand":[],"product_cat":[2050],"product_tag":[7943,7912,4998,7668],"class_list":{"0":"post-7363","1":"product","2":"type-product","3":"status-publish","5":"product_cat-blazer-ceketler","6":"product_tag-blazer","7":"product_tag-cizgili","8":"product_tag-indigo","9":"product_tag-kemerli","10":"pa_brand-tugba","11":"pa_color-indigo","12":"pa_size-4706","13":"pa_size-4711","14":"pa_size-4713","15":"pa_size-4751","17":"first","18":"instock","19":"sale","20":"shipping-taxable","21":"purchasable","22":"product-type-variable"},"_links":{"self":[{"href":"https:\/\/mod.wisdar.net\/tr\/wp-json\/wp\/v2\/product\/7363","targetHints":{"allow":["GET"]}}],"collection":[{"href":"https:\/\/mod.wisdar.net\/tr\/wp-json\/wp\/v2\/product"}],"about":[{"href":"https:\/\/mod.wisdar.net\/tr\/wp-json\/wp\/v2\/types\/product"}],"replies":[{"embeddable":true,"href":"https:\/\/mod.wisdar.net\/tr\/wp-json\/wp\/v2\/comments?post=7363"}],"wp:attachment":[{"href":"https:\/\/mod.wisdar.net\/tr\/wp-json\/wp\/v2\/media?parent=7363"}],"wp:term":[{"taxonomy":"product_brand","embeddable":true,"href":"https:\/\/mod.wisdar.net\/tr\/wp-json\/wp\/v2\/product_brand?post=7363"},{"taxonomy":"product_cat","embeddable":true,"href":"https:\/\/mod.wisdar.net\/tr\/wp-json\/wp\/v2\/product_cat?post=7363"},{"taxonomy":"product_tag","embeddable":true,"href":"https:\/\/mod.wisdar.net\/tr\/wp-json\/wp\/v2\/product_tag?post=7363"}],"curies":[{"name":"wp","href":"https:\/\/api.w.org\/{rel}","templated":true}]}}