{"id":73922,"date":"2026-01-19T10:48:28","date_gmt":"2026-01-19T10:48:28","guid":{"rendered":"https:\/\/modesthanim.com\/product\/genis-mansetli-evaze-elbise-bordo\/"},"modified":"2026-03-22T05:03:04","modified_gmt":"2026-03-22T05:03:04","slug":"genis-mansetli-evaze-elbise-bordo","status":"publish","type":"product","link":"https:\/\/mod.wisdar.net\/tr\/urun\/genis-mansetli-evaze-elbise-bordo\/","title":{"rendered":"Geni\u015f Man\u015fetli Evaze Elbise Bordo"},"content":{"rendered":"<p>Ceplidir. Astars\u0131zd\u0131r, i\u00e7 g\u00f6stermez.<\/p>\n<p>\u2014 Technical Details \u2014<br \/>\n\u00dcr\u00fcn Hakk\u0131nda: Ceplidir.<br \/>\nMarka: Minik Terzi<br \/>\nSezon: BAHAR<br \/>\nCinsiyet: Kad\u0131n<br \/>\nMalzeme: Tensel\/Pamuk<br \/>\nKuma\u015f \u0130\u00e7eri\u011fi: %39 Tensel %33 Cotton %26 Polyester %2 Elastan<br \/>\nKal\u0131p: Tam Kal\u0131p<br \/>\nKol Boyu: Uzun Kollu<br \/>\nYaka Tipi: Bisiklet Yaka<br \/>\nManken \u00d6l\u00e7\u00fcleri: 1,76<br \/>\nMankenin Giydi\u011fi Beden: S Beden<br \/>\nA\u00e7\u0131klama: Astars\u0131zd\u0131r, i\u00e7 g\u00f6stermez.<\/p>\n","protected":false},"excerpt":{"rendered":"<p>Ceplidir. Astars\u0131zd\u0131r, i\u00e7 g\u00f6stermez. \u2014 Technical Details \u2014 \u00dcr\u00fcn Hakk\u0131nda: Ceplidir. Marka: Minik Terzi Sezon: BAHAR Cinsiyet: Kad\u0131n Malzeme: Tensel\/Pamuk Kuma\u015f \u0130\u00e7eri\u011fi: %39 Tensel %33 Cotton %26 Polyester %2 Elastan Kal\u0131p: Tam Kal\u0131p Kol Boyu: Uzun Kollu Yaka Tipi: Bisiklet Yaka Manken \u00d6l\u00e7\u00fcleri: 1,76 Mankenin Giydi\u011fi Beden: S Beden A\u00e7\u0131klama: Astars\u0131zd\u0131r, i\u00e7 g\u00f6stermez.<\/p>\n","protected":false},"featured_media":73915,"comment_status":"open","ping_status":"closed","template":"","meta":[],"product_brand":[],"product_cat":[6249,1933],"product_tag":[7547],"class_list":{"0":"post-73922","1":"product","2":"type-product","3":"status-publish","4":"has-post-thumbnail","6":"product_cat-elbiseler","7":"product_cat-gunluk-ve-gunduz-elbiseleri","8":"product_tag-kadin-giyim","9":"pa_brand-minik-terzi","10":"pa_color-bordo","11":"pa_size-l","12":"pa_size-m","13":"pa_size-s","14":"pa_size-xl","16":"first","17":"instock","18":"sale","19":"shipping-taxable","20":"purchasable","21":"product-type-variable"},"_links":{"self":[{"href":"https:\/\/mod.wisdar.net\/tr\/wp-json\/wp\/v2\/product\/73922","targetHints":{"allow":["GET"]}}],"collection":[{"href":"https:\/\/mod.wisdar.net\/tr\/wp-json\/wp\/v2\/product"}],"about":[{"href":"https:\/\/mod.wisdar.net\/tr\/wp-json\/wp\/v2\/types\/product"}],"replies":[{"embeddable":true,"href":"https:\/\/mod.wisdar.net\/tr\/wp-json\/wp\/v2\/comments?post=73922"}],"wp:featuredmedia":[{"embeddable":true,"href":"https:\/\/mod.wisdar.net\/tr\/wp-json\/wp\/v2\/media\/73915"}],"wp:attachment":[{"href":"https:\/\/mod.wisdar.net\/tr\/wp-json\/wp\/v2\/media?parent=73922"}],"wp:term":[{"taxonomy":"product_brand","embeddable":true,"href":"https:\/\/mod.wisdar.net\/tr\/wp-json\/wp\/v2\/product_brand?post=73922"},{"taxonomy":"product_cat","embeddable":true,"href":"https:\/\/mod.wisdar.net\/tr\/wp-json\/wp\/v2\/product_cat?post=73922"},{"taxonomy":"product_tag","embeddable":true,"href":"https:\/\/mod.wisdar.net\/tr\/wp-json\/wp\/v2\/product_tag?post=73922"}],"curies":[{"name":"wp","href":"https:\/\/api.w.org\/{rel}","templated":true}]}}