{"id":74183,"date":"2026-01-20T14:32:06","date_gmt":"2026-01-20T14:32:06","guid":{"rendered":"https:\/\/modesthanim.com\/product\/aci-kahve-kapusonlu-rahat-tunik\/"},"modified":"2026-04-02T06:42:56","modified_gmt":"2026-04-02T06:42:56","slug":"aci-kahve-kapusonlu-rahat-tunik","status":"publish","type":"product","link":"https:\/\/mod.wisdar.net\/tr\/urun\/aci-kahve-kapusonlu-rahat-tunik\/","title":{"rendered":"Ac\u0131 Kahve-Kap\u00fc\u015fonlu Rahat Tunik"},"content":{"rendered":"<p>\u015e\u0131kl\u0131\u011f\u0131 detaylarda arayanlara \u00f6zel Ac\u0131 Kahve-Kap\u00fc\u015fonlu Rahat Tunik ile zarif bir g\u00f6r\u00fcn\u00fcm yakalay\u0131n. G\u00fcnl\u00fck ve \u00f6zel kombinler i\u00e7in ideal tasar\u0131m ALDAY\u2019de!<\/p>\n<p>\u2014 Technical Details \u2014<br \/>\nKal\u0131p: REGULAR<br \/>\nMalzeme T\u00fcr\u00fc: \u00d6rme<br \/>\nY\u0131kama Talimat\u0131: 30\u00b0 dereceye kadar y\u0131kama yap\u0131labilir<br \/>\nSezon Sat\u0131\u015f D\u00f6nemi: Baharl\u0131k<br \/>\n\u00dcr\u00fcn Ligi: A Kalite<br \/>\nLine: Toptan<br \/>\nTema: 1.Tema<br \/>\nDesen: D\u00fcz<br \/>\nBel: Y\u0131rtma\u00e7l\u0131<br \/>\nSezon: 26-K\u0131\u015f Rpt<br \/>\nTasar\u0131m D\u00f6nemi: 26-K\u0131\u015f<br \/>\nEbat \/ Boy: 117 CM<br \/>\nKol Kal\u0131p: D\u00fc\u015f\u00fck<br \/>\nYaka: Kap\u015fonlu<br \/>\nCep Detay: Cepsiz<br \/>\nKuma\u015f Grubu: Polyester<br \/>\nKuma\u015f \u0130\u00e7eri\u011fi: %70 PAMUK %25 PES %5 EA<\/p>\n","protected":false},"excerpt":{"rendered":"<p>\u015e\u0131kl\u0131\u011f\u0131 detaylarda arayanlara \u00f6zel Ac\u0131 Kahve-Kap\u00fc\u015fonlu Rahat Tunik ile zarif bir g\u00f6r\u00fcn\u00fcm yakalay\u0131n. G\u00fcnl\u00fck ve \u00f6zel kombinler i\u00e7in ideal tasar\u0131m ALDAY\u2019de! \u2014 Technical Details \u2014 Kal\u0131p: REGULAR Malzeme T\u00fcr\u00fc: \u00d6rme Y\u0131kama Talimat\u0131: 30\u00b0 dereceye kadar y\u0131kama yap\u0131labilir Sezon Sat\u0131\u015f D\u00f6nemi: Baharl\u0131k \u00dcr\u00fcn Ligi: A Kalite Line: Toptan Tema: 1.Tema Desen: D\u00fcz Bel: Y\u0131rtma\u00e7l\u0131 Sezon: 26-K\u0131\u015f [&hellip;]<\/p>\n","protected":false},"featured_media":74173,"comment_status":"open","ping_status":"closed","template":"","meta":[],"product_brand":[],"product_cat":[2050],"product_tag":[6243,5340,6188,6240,5311,5092],"class_list":{"0":"post-74183","1":"product","2":"type-product","3":"status-publish","4":"has-post-thumbnail","6":"product_cat-blazer-ceketler","7":"product_tag-alday-fashion","8":"product_tag-comfortable-wear","9":"product_tag-elegant-design","10":"product_tag-hooded-tunic","11":"product_tag-premium-quality","12":"product_tag-spring-collection","13":"pa_brand-allday","14":"pa_color-aci-kahve-1","15":"pa_size-4701","16":"pa_size-4706","17":"pa_size-4711","18":"pa_size-4713","19":"pa_size-4751","21":"first","22":"instock","23":"shipping-taxable","24":"purchasable","25":"product-type-variable"},"_links":{"self":[{"href":"https:\/\/mod.wisdar.net\/tr\/wp-json\/wp\/v2\/product\/74183","targetHints":{"allow":["GET"]}}],"collection":[{"href":"https:\/\/mod.wisdar.net\/tr\/wp-json\/wp\/v2\/product"}],"about":[{"href":"https:\/\/mod.wisdar.net\/tr\/wp-json\/wp\/v2\/types\/product"}],"replies":[{"embeddable":true,"href":"https:\/\/mod.wisdar.net\/tr\/wp-json\/wp\/v2\/comments?post=74183"}],"wp:featuredmedia":[{"embeddable":true,"href":"https:\/\/mod.wisdar.net\/tr\/wp-json\/wp\/v2\/media\/74173"}],"wp:attachment":[{"href":"https:\/\/mod.wisdar.net\/tr\/wp-json\/wp\/v2\/media?parent=74183"}],"wp:term":[{"taxonomy":"product_brand","embeddable":true,"href":"https:\/\/mod.wisdar.net\/tr\/wp-json\/wp\/v2\/product_brand?post=74183"},{"taxonomy":"product_cat","embeddable":true,"href":"https:\/\/mod.wisdar.net\/tr\/wp-json\/wp\/v2\/product_cat?post=74183"},{"taxonomy":"product_tag","embeddable":true,"href":"https:\/\/mod.wisdar.net\/tr\/wp-json\/wp\/v2\/product_tag?post=74183"}],"curies":[{"name":"wp","href":"https:\/\/api.w.org\/{rel}","templated":true}]}}