{"id":74260,"date":"2026-01-20T14:33:24","date_gmt":"2026-01-20T14:33:24","guid":{"rendered":"https:\/\/modesthanim.com\/product\/ftz-women-kadin-lastikli-pantolon-asit-30756\/"},"modified":"2026-04-09T12:06:03","modified_gmt":"2026-04-09T12:06:03","slug":"ftz-women-kadin-lastikli-pantolon-asit-30756","status":"publish","type":"product","link":"https:\/\/mod.wisdar.net\/tr\/urun\/ftz-women-kadin-lastikli-pantolon-asit-30756\/","title":{"rendered":"FTZ Women Kad\u0131n Lastikli Pantolon  Asit 30756"},"content":{"rendered":"<p>Kuma\u015f : %40 Viskon %30 Pamuk %30 Akrilik<br \/>\nKol : \u2013<br \/>\nYaka Tipi : \u2013<br \/>\nDesen : D\u00fcz<br \/>\nKal\u0131p : Standart<br \/>\nModel \u00d6l\u00e7\u00fcs\u00fc<br \/>\nBeden: 36  Boy: 1.73 cm    G\u00f6\u011f\u00fcs: 85 cm    Bel: 63 cm   Kal\u00e7a: 95 cm<br \/>\n\u00dcr\u00fcn \u00d6l\u00e7\u00fcs\u00fc<br \/>\nBoy: 112 cm    G\u00f6\u011f\u00fcs: \u2013    Bel: 35 cm   Kal\u00e7a: 46 cm<br \/>\nY\u0131kama Talimat\u0131 :<br \/>\nMakine ile So\u011fuk Y\u0131kama Yap\u0131n\u0131z (30C veya 65F ile 85F)<br \/>\nKurutma Makinesinde Kurutulamaz<br \/>\nKuru Temizleme , Trikloretilen Ay\u0131r\u0131\u00e7\u0131s\u0131yla Az \u00c7\u00f6z\u00fcc\u00fc Kullan\u0131n\u0131z<br \/>\nD\u00fc\u015f\u00fck Is\u0131da \u00dct\u00fcleme Yap\u0131n\u0131z<br \/>\n\u00c7ama\u015f\u0131r Suyu Kullanmay\u0131n\u0131z<\/p>\n<p>\u2014 Technical Details \u2014<br \/>\nKuma\u015f Tipi: Krep Kuma\u015f<br \/>\nKal\u0131p: Regular<br \/>\nKal\u0131p \u00d6zellikleri: Regular<br \/>\nBoy: 112<br \/>\nDesen: D\u00fcz<br \/>\nAstar Durumu: Astars\u0131z<br \/>\nBel: 35<br \/>\nCep: Var<br \/>\nKal\u0131nl\u0131k: \u0130nce<br \/>\nKemer Ku\u015fak Durumu: Kemersiz<br \/>\nKol Boyu: Kolsuz<br \/>\nKol Tipi: Kolsuz<br \/>\nMateryal: Viskon Kar\u0131\u015f\u0131ml\u0131<br \/>\nPar\u00e7a Say\u0131s\u0131: 1<br \/>\nBeden Aral\u0131\u011f\u0131: (38-40\/42-44)<\/p>\n","protected":false},"excerpt":{"rendered":"<p>Kuma\u015f : %40 Viskon %30 Pamuk %30 Akrilik Kol : \u2013 Yaka Tipi : \u2013 Desen : D\u00fcz Kal\u0131p : Standart Model \u00d6l\u00e7\u00fcs\u00fc Beden: 36 Boy: 1.73 cm G\u00f6\u011f\u00fcs: 85 cm Bel: 63 cm Kal\u00e7a: 95 cm \u00dcr\u00fcn \u00d6l\u00e7\u00fcs\u00fc Boy: 112 cm G\u00f6\u011f\u00fcs: \u2013 Bel: 35 cm Kal\u00e7a: 46 cm Y\u0131kama Talimat\u0131 : Makine ile [&hellip;]<\/p>\n","protected":false},"featured_media":74248,"comment_status":"open","ping_status":"closed","template":"","meta":[],"product_brand":[],"product_cat":[1882],"product_tag":[7426,7859,7948,6765],"class_list":{"0":"post-74260","1":"product","2":"type-product","3":"status-publish","4":"has-post-thumbnail","6":"product_cat-alt-giyim","7":"product_tag-gunluk-giyim-3","8":"product_tag-kadin-pantolon-2","9":"product_tag-krep-kumas","10":"product_tag-lastikli-bel","11":"pa_brand-ftz-women","12":"pa_color-asit","13":"pa_size-4706","14":"pa_size-4711","15":"pa_size-4713","16":"pa_size-4751","18":"first","19":"outofstock","20":"shipping-taxable","21":"product-type-variable"},"_links":{"self":[{"href":"https:\/\/mod.wisdar.net\/tr\/wp-json\/wp\/v2\/product\/74260","targetHints":{"allow":["GET"]}}],"collection":[{"href":"https:\/\/mod.wisdar.net\/tr\/wp-json\/wp\/v2\/product"}],"about":[{"href":"https:\/\/mod.wisdar.net\/tr\/wp-json\/wp\/v2\/types\/product"}],"replies":[{"embeddable":true,"href":"https:\/\/mod.wisdar.net\/tr\/wp-json\/wp\/v2\/comments?post=74260"}],"wp:featuredmedia":[{"embeddable":true,"href":"https:\/\/mod.wisdar.net\/tr\/wp-json\/wp\/v2\/media\/74248"}],"wp:attachment":[{"href":"https:\/\/mod.wisdar.net\/tr\/wp-json\/wp\/v2\/media?parent=74260"}],"wp:term":[{"taxonomy":"product_brand","embeddable":true,"href":"https:\/\/mod.wisdar.net\/tr\/wp-json\/wp\/v2\/product_brand?post=74260"},{"taxonomy":"product_cat","embeddable":true,"href":"https:\/\/mod.wisdar.net\/tr\/wp-json\/wp\/v2\/product_cat?post=74260"},{"taxonomy":"product_tag","embeddable":true,"href":"https:\/\/mod.wisdar.net\/tr\/wp-json\/wp\/v2\/product_tag?post=74260"}],"curies":[{"name":"wp","href":"https:\/\/api.w.org\/{rel}","templated":true}]}}