{"id":7432,"date":"2025-11-07T20:16:06","date_gmt":"2025-11-01T19:51:25","guid":{"rendered":"https:\/\/modesthanim.com\/product\/kemerli-cizgili-blazer-ceket-vizon\/"},"modified":"2026-04-10T14:54:01","modified_gmt":"2026-04-10T14:54:01","slug":"kemerli-cizgili-blazer-ceket-vizon","status":"publish","type":"product","link":"https:\/\/mod.wisdar.net\/tr\/urun\/kemerli-cizgili-blazer-ceket-vizon\/","title":{"rendered":"Kemerli \u00c7izgili Blazer Ceket \u2013 Vizon"},"content":{"rendered":"<p>Dikey \u00e7izgili bu blazer ceket, silueti uzat\u0131r ve inceltirken, beldeki kemer detay\u0131 feminen bir dokunu\u015f katar.<\/p>\n<p>Kuma\u015f \u0130\u00e7eri\u011fi: %100 Polyester<br \/>\nDesen: \u00c7izgili<br \/>\nYaka Tipi: \u00c7apraz Yaka<br \/>\nKol Tipi: Uzun Kol<br \/>\nCep: Gizli Cep<br \/>\nAstar: Astars\u0131z<br \/>\n\u00dcr\u00fcn Uzunlu\u011fu: 85 cm<br \/>\nKal\u0131p: Normal Kal\u0131p<br \/>\nModelin Giydi\u011fi Beden: 38<br \/>\nModel \u00d6l\u00e7\u00fcleri: Boy: 174 cm, G\u00f6\u011f\u00fcs: 81 cm, Bel: 61 cm, Kal\u00e7a: 92 cm<\/p>\n","protected":false},"excerpt":{"rendered":"<p>Dikey \u00e7izgili bu blazer ceket, silueti uzat\u0131r ve inceltirken, beldeki kemer detay\u0131 feminen bir dokunu\u015f katar. Kuma\u015f \u0130\u00e7eri\u011fi: %100 Polyester Desen: \u00c7izgili Yaka Tipi: \u00c7apraz Yaka Kol Tipi: Uzun Kol Cep: Gizli Cep Astar: Astars\u0131z \u00dcr\u00fcn Uzunlu\u011fu: 85 cm Kal\u0131p: Normal Kal\u0131p Modelin Giydi\u011fi Beden: 38 Model \u00d6l\u00e7\u00fcleri: Boy: 174 cm, G\u00f6\u011f\u00fcs: 81 cm, Bel: [&hellip;]<\/p>\n","protected":false},"featured_media":0,"comment_status":"open","ping_status":"closed","template":"","meta":[],"product_brand":[],"product_cat":[2050],"product_tag":[7943,7912,5012],"class_list":{"0":"post-7432","1":"product","2":"type-product","3":"status-publish","5":"product_cat-blazer-ceketler","6":"product_tag-blazer","7":"product_tag-cizgili","8":"product_tag-elegant","9":"pa_brand-tugba","10":"pa_color-mink","11":"pa_size-4706","12":"pa_size-4711","13":"pa_size-4713","14":"pa_size-4751","16":"first","17":"instock","18":"sale","19":"shipping-taxable","20":"purchasable","21":"product-type-variable"},"_links":{"self":[{"href":"https:\/\/mod.wisdar.net\/tr\/wp-json\/wp\/v2\/product\/7432","targetHints":{"allow":["GET"]}}],"collection":[{"href":"https:\/\/mod.wisdar.net\/tr\/wp-json\/wp\/v2\/product"}],"about":[{"href":"https:\/\/mod.wisdar.net\/tr\/wp-json\/wp\/v2\/types\/product"}],"replies":[{"embeddable":true,"href":"https:\/\/mod.wisdar.net\/tr\/wp-json\/wp\/v2\/comments?post=7432"}],"wp:attachment":[{"href":"https:\/\/mod.wisdar.net\/tr\/wp-json\/wp\/v2\/media?parent=7432"}],"wp:term":[{"taxonomy":"product_brand","embeddable":true,"href":"https:\/\/mod.wisdar.net\/tr\/wp-json\/wp\/v2\/product_brand?post=7432"},{"taxonomy":"product_cat","embeddable":true,"href":"https:\/\/mod.wisdar.net\/tr\/wp-json\/wp\/v2\/product_cat?post=7432"},{"taxonomy":"product_tag","embeddable":true,"href":"https:\/\/mod.wisdar.net\/tr\/wp-json\/wp\/v2\/product_tag?post=7432"}],"curies":[{"name":"wp","href":"https:\/\/api.w.org\/{rel}","templated":true}]}}