{"id":74322,"date":"2026-01-20T14:35:31","date_gmt":"2026-01-20T14:35:31","guid":{"rendered":"https:\/\/modesthanim.com\/product\/ftz-women-kadin-dugme-detay-cizgili-hirka-ekru-25149\/"},"modified":"2026-01-20T14:35:44","modified_gmt":"2026-01-20T14:35:44","slug":"ftz-women-kadin-dugme-detay-cizgili-hirka-ekru-25149","status":"publish","type":"product","link":"https:\/\/mod.wisdar.net\/tr\/urun\/ftz-women-kadin-dugme-detay-cizgili-hirka-ekru-25149\/","title":{"rendered":"FTZ Women Kad\u0131n D\u00fc\u011fme Detay \u00c7izgili H\u0131rka  Ekru 25149"},"content":{"rendered":"<p>\u2014 Technical Details \u2014<br \/>\nKuma\u015f Tipi: Triko<br \/>\nKal\u0131p: Normal Kal\u0131p<br \/>\nKal\u0131p \u00d6zellikleri: Normal Kal\u0131p<br \/>\n\u0130P T\u00fcr\u00fc: Corsman ip<br \/>\nDesen: \u00c7izgili<br \/>\nMateryal: Corsman<\/p>\n","protected":false},"excerpt":{"rendered":"<p>\u2014 Technical Details \u2014 Kuma\u015f Tipi: Triko Kal\u0131p: Normal Kal\u0131p Kal\u0131p \u00d6zellikleri: Normal Kal\u0131p \u0130P T\u00fcr\u00fc: Corsman ip Desen: \u00c7izgili Materyal: Corsman<\/p>\n","protected":false},"featured_media":74314,"comment_status":"open","ping_status":"closed","template":"","meta":[],"product_brand":[],"product_cat":[2050],"product_tag":[7402],"class_list":{"0":"post-74322","1":"product","2":"type-product","3":"status-publish","4":"has-post-thumbnail","6":"product_cat-blazer-ceketler","7":"product_tag-kadin-hirka","8":"pa_brand-ftz-women","9":"pa_color-ekru","10":"pa_size-38-40","11":"pa_size-42-44","13":"first","14":"instock","15":"sale","16":"shipping-taxable","17":"purchasable","18":"product-type-variable"},"_links":{"self":[{"href":"https:\/\/mod.wisdar.net\/tr\/wp-json\/wp\/v2\/product\/74322","targetHints":{"allow":["GET"]}}],"collection":[{"href":"https:\/\/mod.wisdar.net\/tr\/wp-json\/wp\/v2\/product"}],"about":[{"href":"https:\/\/mod.wisdar.net\/tr\/wp-json\/wp\/v2\/types\/product"}],"replies":[{"embeddable":true,"href":"https:\/\/mod.wisdar.net\/tr\/wp-json\/wp\/v2\/comments?post=74322"}],"wp:featuredmedia":[{"embeddable":true,"href":"https:\/\/mod.wisdar.net\/tr\/wp-json\/wp\/v2\/media\/74314"}],"wp:attachment":[{"href":"https:\/\/mod.wisdar.net\/tr\/wp-json\/wp\/v2\/media?parent=74322"}],"wp:term":[{"taxonomy":"product_brand","embeddable":true,"href":"https:\/\/mod.wisdar.net\/tr\/wp-json\/wp\/v2\/product_brand?post=74322"},{"taxonomy":"product_cat","embeddable":true,"href":"https:\/\/mod.wisdar.net\/tr\/wp-json\/wp\/v2\/product_cat?post=74322"},{"taxonomy":"product_tag","embeddable":true,"href":"https:\/\/mod.wisdar.net\/tr\/wp-json\/wp\/v2\/product_tag?post=74322"}],"curies":[{"name":"wp","href":"https:\/\/api.w.org\/{rel}","templated":true}]}}