{"id":74368,"date":"2026-01-20T14:36:36","date_gmt":"2026-01-20T14:36:36","guid":{"rendered":"https:\/\/modesthanim.com\/product\/ftz-women-kadin-dugme-detay-cizgili-hirka-siyah-25149\/"},"modified":"2026-04-02T21:58:45","modified_gmt":"2026-04-02T21:58:45","slug":"ftz-women-kadin-dugme-detay-cizgili-hirka-siyah-25149","status":"publish","type":"product","link":"https:\/\/mod.wisdar.net\/tr\/urun\/ftz-women-kadin-dugme-detay-cizgili-hirka-siyah-25149\/","title":{"rendered":"FTZ Women Kad\u0131n D\u00fc\u011fme Detay \u00c7izgili H\u0131rka  Siyah 25149"},"content":{"rendered":"<p>\u2014 Technical Details \u2014<br \/>\nKuma\u015f Tipi: Triko<br \/>\nKal\u0131p: Normal Kal\u0131p<br \/>\nKal\u0131p \u00d6zellikleri: Normal Kal\u0131p<br \/>\n\u0130P T\u00fcr\u00fc: Corsman ip<br \/>\nDesen: \u00c7izgili<br \/>\nMateryal: Corsman<\/p>\n","protected":false},"excerpt":{"rendered":"<p>\u2014 Technical Details \u2014 Kuma\u015f Tipi: Triko Kal\u0131p: Normal Kal\u0131p Kal\u0131p \u00d6zellikleri: Normal Kal\u0131p \u0130P T\u00fcr\u00fc: Corsman ip Desen: \u00c7izgili Materyal: Corsman<\/p>\n","protected":false},"featured_media":74363,"comment_status":"open","ping_status":"closed","template":"","meta":[],"product_brand":[],"product_cat":[2050],"product_tag":[7426,7402],"class_list":{"0":"post-74368","1":"product","2":"type-product","3":"status-publish","4":"has-post-thumbnail","6":"product_cat-blazer-ceketler","7":"product_tag-gunluk-giyim-3","8":"product_tag-kadin-hirka","9":"pa_brand-ftz-women","10":"pa_color-siyah","11":"pa_size-38-40","12":"pa_size-42-44","14":"first","15":"instock","16":"sale","17":"shipping-taxable","18":"purchasable","19":"product-type-variable"},"_links":{"self":[{"href":"https:\/\/mod.wisdar.net\/tr\/wp-json\/wp\/v2\/product\/74368","targetHints":{"allow":["GET"]}}],"collection":[{"href":"https:\/\/mod.wisdar.net\/tr\/wp-json\/wp\/v2\/product"}],"about":[{"href":"https:\/\/mod.wisdar.net\/tr\/wp-json\/wp\/v2\/types\/product"}],"replies":[{"embeddable":true,"href":"https:\/\/mod.wisdar.net\/tr\/wp-json\/wp\/v2\/comments?post=74368"}],"wp:featuredmedia":[{"embeddable":true,"href":"https:\/\/mod.wisdar.net\/tr\/wp-json\/wp\/v2\/media\/74363"}],"wp:attachment":[{"href":"https:\/\/mod.wisdar.net\/tr\/wp-json\/wp\/v2\/media?parent=74368"}],"wp:term":[{"taxonomy":"product_brand","embeddable":true,"href":"https:\/\/mod.wisdar.net\/tr\/wp-json\/wp\/v2\/product_brand?post=74368"},{"taxonomy":"product_cat","embeddable":true,"href":"https:\/\/mod.wisdar.net\/tr\/wp-json\/wp\/v2\/product_cat?post=74368"},{"taxonomy":"product_tag","embeddable":true,"href":"https:\/\/mod.wisdar.net\/tr\/wp-json\/wp\/v2\/product_tag?post=74368"}],"curies":[{"name":"wp","href":"https:\/\/api.w.org\/{rel}","templated":true}]}}