{"id":74418,"date":"2026-01-20T14:46:04","date_gmt":"2026-01-20T14:46:04","guid":{"rendered":"https:\/\/modesthanim.com\/product\/siyah-patli-cep-detayli-tunik\/"},"modified":"2026-02-08T09:30:32","modified_gmt":"2026-02-08T09:30:32","slug":"siyah-patli-cep-detayli-tunik","status":"publish","type":"product","link":"https:\/\/mod.wisdar.net\/tr\/urun\/siyah-patli-cep-detayli-tunik\/","title":{"rendered":"Siyah-Patl\u0131 Cep Detayl\u0131 Tunik"},"content":{"rendered":"<p>\u015e\u0131kl\u0131\u011f\u0131 detaylarda arayanlara \u00f6zel Siyah-Patl\u0131 Cep Detayl\u0131 Tunik ile zarif bir g\u00f6r\u00fcn\u00fcm yakalay\u0131n. G\u00fcnl\u00fck ve \u00f6zel kombinler i\u00e7in ideal tasar\u0131m ALLDAY\u2019de!<\/p>\n<p>\u2014 Technical Details \u2014<br \/>\nSezon: 26-K\u0131\u015f<br \/>\nKuma\u015f \u0130\u00e7eri\u011fi: %65 Pamuk %35 Pes<br \/>\nCep Detay: Cepsiz<br \/>\nYaka: \u015eapkal\u0131<br \/>\nKol Kal\u0131p: D\u00fc\u015f\u00fck<br \/>\nEbat \/ Boy: 91 CM<br \/>\nTasar\u0131m D\u00f6nemi: 26-K\u0131\u015f<br \/>\nKal\u0131p: OVERSIZE<br \/>\nBel: Bant<br \/>\nDesen: D\u00fcz<br \/>\nTema: Bas\u0131c<br \/>\nLine: Bas\u0131c<br \/>\n\u00dcr\u00fcn Ligi: A Kalite<br \/>\nSezon Sat\u0131\u015f D\u00f6nemi: K\u0131\u015f<br \/>\nMalzeme T\u00fcr\u00fc: \u00d6rme<\/p>\n","protected":false},"excerpt":{"rendered":"<p>\u015e\u0131kl\u0131\u011f\u0131 detaylarda arayanlara \u00f6zel Siyah-Patl\u0131 Cep Detayl\u0131 Tunik ile zarif bir g\u00f6r\u00fcn\u00fcm yakalay\u0131n. G\u00fcnl\u00fck ve \u00f6zel kombinler i\u00e7in ideal tasar\u0131m ALLDAY\u2019de! \u2014 Technical Details \u2014 Sezon: 26-K\u0131\u015f Kuma\u015f \u0130\u00e7eri\u011fi: %65 Pamuk %35 Pes Cep Detay: Cepsiz Yaka: \u015eapkal\u0131 Kol Kal\u0131p: D\u00fc\u015f\u00fck Ebat \/ Boy: 91 CM Tasar\u0131m D\u00f6nemi: 26-K\u0131\u015f Kal\u0131p: OVERSIZE Bel: Bant Desen: D\u00fcz [&hellip;]<\/p>\n","protected":false},"featured_media":74410,"comment_status":"open","ping_status":"closed","template":"","meta":[],"product_brand":[],"product_cat":[2050],"product_tag":[4861,8048,7643,7421,7895,7423,7488,7074],"class_list":{"0":"post-74418","1":"product","2":"type-product","3":"status-publish","4":"has-post-thumbnail","6":"product_cat-blazer-ceketler","7":"product_tag-allday","8":"product_tag-cep-detayi","9":"product_tag-fitilli","10":"product_tag-kapusonlu","11":"product_tag-kis-modasi","12":"product_tag-oversize-2","13":"product_tag-pamuk","14":"product_tag-siyah","15":"pa_brand-allday","16":"pa_color-siyah","17":"pa_size-l","18":"pa_size-m","19":"pa_size-s","21":"first","22":"instock","23":"shipping-taxable","24":"purchasable","25":"product-type-variable"},"_links":{"self":[{"href":"https:\/\/mod.wisdar.net\/tr\/wp-json\/wp\/v2\/product\/74418","targetHints":{"allow":["GET"]}}],"collection":[{"href":"https:\/\/mod.wisdar.net\/tr\/wp-json\/wp\/v2\/product"}],"about":[{"href":"https:\/\/mod.wisdar.net\/tr\/wp-json\/wp\/v2\/types\/product"}],"replies":[{"embeddable":true,"href":"https:\/\/mod.wisdar.net\/tr\/wp-json\/wp\/v2\/comments?post=74418"}],"wp:featuredmedia":[{"embeddable":true,"href":"https:\/\/mod.wisdar.net\/tr\/wp-json\/wp\/v2\/media\/74410"}],"wp:attachment":[{"href":"https:\/\/mod.wisdar.net\/tr\/wp-json\/wp\/v2\/media?parent=74418"}],"wp:term":[{"taxonomy":"product_brand","embeddable":true,"href":"https:\/\/mod.wisdar.net\/tr\/wp-json\/wp\/v2\/product_brand?post=74418"},{"taxonomy":"product_cat","embeddable":true,"href":"https:\/\/mod.wisdar.net\/tr\/wp-json\/wp\/v2\/product_cat?post=74418"},{"taxonomy":"product_tag","embeddable":true,"href":"https:\/\/mod.wisdar.net\/tr\/wp-json\/wp\/v2\/product_tag?post=74418"}],"curies":[{"name":"wp","href":"https:\/\/api.w.org\/{rel}","templated":true}]}}