{"id":74427,"date":"2026-01-20T14:46:07","date_gmt":"2026-01-20T14:46:07","guid":{"rendered":"https:\/\/modesthanim.com\/product\/kahve-deri-biyeli-pamuklu-uzun-tunik\/"},"modified":"2026-02-08T09:24:44","modified_gmt":"2026-02-08T09:24:44","slug":"kahve-deri-biyeli-pamuklu-uzun-tunik","status":"publish","type":"product","link":"https:\/\/mod.wisdar.net\/tr\/urun\/kahve-deri-biyeli-pamuklu-uzun-tunik\/","title":{"rendered":"Kahve-Deri Biyeli Pamuklu Uzun Tunik"},"content":{"rendered":"<p>\u015e\u0131kl\u0131\u011f\u0131 detaylarda arayanlara \u00f6zel Kahve-Deri Biyeli Pamuklu Uzun Tunik ile zarif bir g\u00f6r\u00fcn\u00fcm yakalay\u0131n. G\u00fcnl\u00fck ve \u00f6zel kombinler i\u00e7in ideal tasar\u0131m ALLDAY\u2019de!<\/p>\n<p>\u2014 Technical Details \u2014<br \/>\nSezon: 26-K\u0131\u015f<br \/>\nKuma\u015f \u0130\u00e7eri\u011fi: %70 Pamuk %25 Pes %5 Elastan<br \/>\nKuma\u015f Grubu: Pamuk<br \/>\nCep Detay: Cepsiz<br \/>\nYaka: Dik<br \/>\nKol Kal\u0131p: Takma<br \/>\nEbat \/ Boy: 120 CM<br \/>\nTasar\u0131m D\u00f6nemi: 26-K\u0131\u015f<br \/>\nKal\u0131p: RELAX<br \/>\nBel: Y\u0131rtma\u00e7l\u0131<br \/>\nDesen: Garnili<br \/>\nTema: 1.Tema<br \/>\nLine: Toptan<br \/>\n\u00dcr\u00fcn Ligi: A Kalite<br \/>\nSezon Sat\u0131\u015f D\u00f6nemi: K\u0131\u015f<br \/>\nMalzeme T\u00fcr\u00fc: \u00d6rme<\/p>\n","protected":false},"excerpt":{"rendered":"<p>\u015e\u0131kl\u0131\u011f\u0131 detaylarda arayanlara \u00f6zel Kahve-Deri Biyeli Pamuklu Uzun Tunik ile zarif bir g\u00f6r\u00fcn\u00fcm yakalay\u0131n. G\u00fcnl\u00fck ve \u00f6zel kombinler i\u00e7in ideal tasar\u0131m ALLDAY\u2019de! \u2014 Technical Details \u2014 Sezon: 26-K\u0131\u015f Kuma\u015f \u0130\u00e7eri\u011fi: %70 Pamuk %25 Pes %5 Elastan Kuma\u015f Grubu: Pamuk Cep Detay: Cepsiz Yaka: Dik Kol Kal\u0131p: Takma Ebat \/ Boy: 120 CM Tasar\u0131m D\u00f6nemi: 26-K\u0131\u015f [&hellip;]<\/p>\n","protected":false},"featured_media":74415,"comment_status":"open","ping_status":"closed","template":"","meta":[],"product_brand":[],"product_cat":[2050],"product_tag":[7354,7225,7895,6772],"class_list":{"0":"post-74427","1":"product","2":"type-product","3":"status-publish","4":"has-post-thumbnail","6":"product_cat-blazer-ceketler","7":"product_tag-gunluk-giyim-2","8":"product_tag-kahve-kahverengi","9":"product_tag-kis-modasi","10":"product_tag-ozel-gun","11":"pa_brand-allday","12":"pa_color-kahve","13":"pa_size-4701","14":"pa_size-4706","15":"pa_size-4711","16":"pa_size-4713","17":"pa_size-4751","19":"first","20":"instock","21":"shipping-taxable","22":"purchasable","23":"product-type-variable"},"_links":{"self":[{"href":"https:\/\/mod.wisdar.net\/tr\/wp-json\/wp\/v2\/product\/74427","targetHints":{"allow":["GET"]}}],"collection":[{"href":"https:\/\/mod.wisdar.net\/tr\/wp-json\/wp\/v2\/product"}],"about":[{"href":"https:\/\/mod.wisdar.net\/tr\/wp-json\/wp\/v2\/types\/product"}],"replies":[{"embeddable":true,"href":"https:\/\/mod.wisdar.net\/tr\/wp-json\/wp\/v2\/comments?post=74427"}],"wp:featuredmedia":[{"embeddable":true,"href":"https:\/\/mod.wisdar.net\/tr\/wp-json\/wp\/v2\/media\/74415"}],"wp:attachment":[{"href":"https:\/\/mod.wisdar.net\/tr\/wp-json\/wp\/v2\/media?parent=74427"}],"wp:term":[{"taxonomy":"product_brand","embeddable":true,"href":"https:\/\/mod.wisdar.net\/tr\/wp-json\/wp\/v2\/product_brand?post=74427"},{"taxonomy":"product_cat","embeddable":true,"href":"https:\/\/mod.wisdar.net\/tr\/wp-json\/wp\/v2\/product_cat?post=74427"},{"taxonomy":"product_tag","embeddable":true,"href":"https:\/\/mod.wisdar.net\/tr\/wp-json\/wp\/v2\/product_tag?post=74427"}],"curies":[{"name":"wp","href":"https:\/\/api.w.org\/{rel}","templated":true}]}}