{"id":74485,"date":"2026-01-20T14:46:53","date_gmt":"2026-01-20T14:46:53","guid":{"rendered":"https:\/\/modesthanim.com\/product\/antrasit-deri-biyeli-pamuklu-uzun-tunik\/"},"modified":"2026-03-22T04:23:42","modified_gmt":"2026-03-22T04:23:42","slug":"antrasit-deri-biyeli-pamuklu-uzun-tunik","status":"publish","type":"product","link":"https:\/\/mod.wisdar.net\/tr\/urun\/antrasit-deri-biyeli-pamuklu-uzun-tunik\/","title":{"rendered":"Antrasit-Deri Biyeli Pamuklu Uzun Tunik"},"content":{"rendered":"<p>\u015e\u0131kl\u0131\u011f\u0131 detaylarda arayanlara \u00f6zel Antrasit-Deri Biyeli Pamuklu Uzun Tunik ile zarif bir g\u00f6r\u00fcn\u00fcm yakalay\u0131n. G\u00fcnl\u00fck ve \u00f6zel kombinler i\u00e7in ideal tasar\u0131m ALLDAY\u2019de!<\/p>\n<p>\u2014 Teknik Detaylar \u2014<br \/>\nKal\u0131p: RELAX<br \/>\nMalzeme T\u00fcr\u00fc: \u00d6rme<br \/>\nY\u0131kama Talimat\u0131: Hafif \u0131s\u0131da \u00fct\u00fclenebilir<br \/>\nSezon Sat\u0131\u015f D\u00f6nemi: K\u0131\u015f<br \/>\n\u00dcr\u00fcn Ligi: A Kalite<br \/>\nLine: Toptan<br \/>\nTema: 1.Tema<br \/>\nDesen: Garnili<br \/>\nBel: Y\u0131rtma\u00e7l\u0131<br \/>\nSezon: 26-K\u0131\u015f<br \/>\nTasar\u0131m D\u00f6nemi: 26-K\u0131\u015f<br \/>\nEbat \/ Boy: 120 CM<br \/>\nKol Kal\u0131p: Takma<br \/>\nYaka: Dik<br \/>\nCep Detay: Cepsiz<br \/>\nKuma\u015f Grubu: Pamuk<br \/>\nKuma\u015f \u0130\u00e7eri\u011fi: %70 Pamuk %25 Pes %5 Elastan<\/p>\n","protected":false},"excerpt":{"rendered":"<p>\u015e\u0131kl\u0131\u011f\u0131 detaylarda arayanlara \u00f6zel Antrasit-Deri Biyeli Pamuklu Uzun Tunik ile zarif bir g\u00f6r\u00fcn\u00fcm yakalay\u0131n. G\u00fcnl\u00fck ve \u00f6zel kombinler i\u00e7in ideal tasar\u0131m ALLDAY\u2019de! \u2014 Teknik Detaylar \u2014 Kal\u0131p: RELAX Malzeme T\u00fcr\u00fc: \u00d6rme Y\u0131kama Talimat\u0131: Hafif \u0131s\u0131da \u00fct\u00fclenebilir Sezon Sat\u0131\u015f D\u00f6nemi: K\u0131\u015f \u00dcr\u00fcn Ligi: A Kalite Line: Toptan Tema: 1.Tema Desen: Garnili Bel: Y\u0131rtma\u00e7l\u0131 Sezon: 26-K\u0131\u015f Tasar\u0131m [&hellip;]<\/p>\n","protected":false},"featured_media":74475,"comment_status":"open","ping_status":"closed","template":"","meta":[],"product_brand":[],"product_cat":[2050],"product_tag":[],"class_list":{"0":"post-74485","1":"product","2":"type-product","3":"status-publish","4":"has-post-thumbnail","6":"product_cat-blazer-ceketler","7":"pa_brand-allday","8":"pa_color-antrasit","9":"pa_size-4701","10":"pa_size-4706","11":"pa_size-4711","12":"pa_size-4713","13":"pa_size-4751","15":"first","16":"instock","17":"shipping-taxable","18":"purchasable","19":"product-type-variable"},"_links":{"self":[{"href":"https:\/\/mod.wisdar.net\/tr\/wp-json\/wp\/v2\/product\/74485","targetHints":{"allow":["GET"]}}],"collection":[{"href":"https:\/\/mod.wisdar.net\/tr\/wp-json\/wp\/v2\/product"}],"about":[{"href":"https:\/\/mod.wisdar.net\/tr\/wp-json\/wp\/v2\/types\/product"}],"replies":[{"embeddable":true,"href":"https:\/\/mod.wisdar.net\/tr\/wp-json\/wp\/v2\/comments?post=74485"}],"wp:featuredmedia":[{"embeddable":true,"href":"https:\/\/mod.wisdar.net\/tr\/wp-json\/wp\/v2\/media\/74475"}],"wp:attachment":[{"href":"https:\/\/mod.wisdar.net\/tr\/wp-json\/wp\/v2\/media?parent=74485"}],"wp:term":[{"taxonomy":"product_brand","embeddable":true,"href":"https:\/\/mod.wisdar.net\/tr\/wp-json\/wp\/v2\/product_brand?post=74485"},{"taxonomy":"product_cat","embeddable":true,"href":"https:\/\/mod.wisdar.net\/tr\/wp-json\/wp\/v2\/product_cat?post=74485"},{"taxonomy":"product_tag","embeddable":true,"href":"https:\/\/mod.wisdar.net\/tr\/wp-json\/wp\/v2\/product_tag?post=74485"}],"curies":[{"name":"wp","href":"https:\/\/api.w.org\/{rel}","templated":true}]}}