{"id":7452,"date":"2025-11-01T19:51:41","date_gmt":"2025-11-01T19:51:41","guid":{"rendered":"https:\/\/modesthanim.com\/product\/akuadaki-suslemeli-dugmeli-blazer-ceket\/"},"modified":"2026-03-25T22:16:32","modified_gmt":"2026-03-25T22:16:32","slug":"akuadaki-suslemeli-dugmeli-blazer-ceket","status":"publish","type":"product","link":"https:\/\/mod.wisdar.net\/tr\/urun\/akuadaki-suslemeli-dugmeli-blazer-ceket\/","title":{"rendered":"Akuadaki S\u00fcslemeli D\u00fc\u011fmeli Blazer Ceket"},"content":{"rendered":"<p>Klasik \u015f\u0131kl\u0131\u011fa bir dokunu\u015f zarafeti&#8230; Bu blazer ceket, \u00f6zenle tasarlanm\u0131\u015f s\u00fcslemeli d\u00fc\u011fmeleri ile dikkat \u00e7ekiyor ve her detay\u0131yla sofistike ve modern bir g\u00f6r\u00fcn\u00fcm sunuyor.<\/p>\n<p>Kuma\u015f Kompozisyonu: %88 Modal, %12 Polyester<br \/>\nDesen: D\u00fcz<br \/>\nYaka Tipi: Blazer Yaka<br \/>\nKol Tipi: Uzun Kol<br \/>\nCep: Dekoratif D\u00fcnya<br \/>\nAstar: Astars\u0131z<br \/>\n\u00dcr\u00fcn Uzunlu\u011fu: 90 cm<br \/>\nKal\u0131p: Normal Kal\u0131p<br \/>\nModelin Giydi\u011fi Beden: 38<br \/>\nModel \u00d6l\u00e7\u00fcleri: Boy: 177 cm, G\u00f6\u011f\u00fcs: 88 cm, Bel: 58 cm, Kal\u00e7a: 93 cm<\/p>\n<p>\u2014 Teknik Detaylar \u2014<br \/>\nDesen: D\u00fcz<br \/>\nYaka Tipi: Blazer Yaka<br \/>\nKol Tipi: Uzun Kol<br \/>\nCep: Dekoratif D\u00fcnya<br \/>\nAstar: Astars\u0131z<br \/>\n\u00dcr\u00fcn Uzunlu\u011fu: 90 cm<br \/>\nKal\u0131p: Normal Kal\u0131p<br \/>\nModelin Giydi\u011fi Beden: 38<br \/>\nModel \u00d6l\u00e7\u00fcleri: Boy: 177 cm, G\u00f6\u011f\u00fcs: 88 cm, Bel: 58 cm, Kal\u00e7a: 93 cm<\/p>\n","protected":false},"excerpt":{"rendered":"<p>Klasik \u015f\u0131kl\u0131\u011fa bir dokunu\u015f zarafeti&#8230; Bu blazer ceket, \u00f6zenle tasarlanm\u0131\u015f s\u00fcslemeli d\u00fc\u011fmeleri ile dikkat \u00e7ekiyor ve her detay\u0131yla sofistike ve modern bir g\u00f6r\u00fcn\u00fcm sunuyor. Kuma\u015f Kompozisyonu: %88 Modal, %12 Polyester Desen: D\u00fcz Yaka Tipi: Blazer Yaka Kol Tipi: Uzun Kol Cep: Dekoratif D\u00fcnya Astar: Astars\u0131z \u00dcr\u00fcn Uzunlu\u011fu: 90 cm Kal\u0131p: Normal Kal\u0131p Modelin Giydi\u011fi Beden: [&hellip;]<\/p>\n","protected":false},"featured_media":0,"comment_status":"open","ping_status":"closed","template":"","meta":[],"product_brand":[],"product_cat":[2050],"product_tag":[5012,5013,8399],"class_list":{"0":"post-7452","1":"product","2":"type-product","3":"status-publish","5":"product_cat-blazer-ceketler","6":"product_tag-elegant","7":"product_tag-modern","8":"product_tag-sik-2","9":"pa_color-aqua","10":"pa_size-4706","11":"pa_size-4711","12":"pa_size-4713","13":"pa_size-4751","14":"pa_size-4749","15":"pa_size-4747","17":"first","18":"instock","19":"sale","20":"shipping-taxable","21":"purchasable","22":"product-type-variable"},"_links":{"self":[{"href":"https:\/\/mod.wisdar.net\/tr\/wp-json\/wp\/v2\/product\/7452","targetHints":{"allow":["GET"]}}],"collection":[{"href":"https:\/\/mod.wisdar.net\/tr\/wp-json\/wp\/v2\/product"}],"about":[{"href":"https:\/\/mod.wisdar.net\/tr\/wp-json\/wp\/v2\/types\/product"}],"replies":[{"embeddable":true,"href":"https:\/\/mod.wisdar.net\/tr\/wp-json\/wp\/v2\/comments?post=7452"}],"wp:attachment":[{"href":"https:\/\/mod.wisdar.net\/tr\/wp-json\/wp\/v2\/media?parent=7452"}],"wp:term":[{"taxonomy":"product_brand","embeddable":true,"href":"https:\/\/mod.wisdar.net\/tr\/wp-json\/wp\/v2\/product_brand?post=7452"},{"taxonomy":"product_cat","embeddable":true,"href":"https:\/\/mod.wisdar.net\/tr\/wp-json\/wp\/v2\/product_cat?post=7452"},{"taxonomy":"product_tag","embeddable":true,"href":"https:\/\/mod.wisdar.net\/tr\/wp-json\/wp\/v2\/product_tag?post=7452"}],"curies":[{"name":"wp","href":"https:\/\/api.w.org\/{rel}","templated":true}]}}