{"id":74628,"date":"2026-01-20T14:48:43","date_gmt":"2026-01-20T14:48:43","guid":{"rendered":"https:\/\/modesthanim.com\/product\/siyah-deri-biyeli-pamuklu-uzun-tunik\/"},"modified":"2026-04-02T07:33:22","modified_gmt":"2026-04-02T07:33:22","slug":"siyah-deri-biyeli-pamuklu-uzun-tunik","status":"publish","type":"product","link":"https:\/\/mod.wisdar.net\/tr\/urun\/siyah-deri-biyeli-pamuklu-uzun-tunik\/","title":{"rendered":"Siyah-Deri Biyeli Pamuklu Uzun Tunik"},"content":{"rendered":"<p>\u015e\u0131kl\u0131\u011f\u0131 detaylarda arayanlara \u00f6zel Siyah-Deri Biyeli Pamuklu Uzun Tunik ile zarif bir g\u00f6r\u00fcn\u00fcm yakalay\u0131n. G\u00fcnl\u00fck ve \u00f6zel kombinler i\u00e7in ideal tasar\u0131m ALLDAY\u2019de!<\/p>\n<p>\u2014 Technical Details \u2014<br \/>\nSezon: 26-K\u0131\u015f<br \/>\nKuma\u015f \u0130\u00e7eri\u011fi: %70 Pamuk %25 Pes %5 Elastan<br \/>\nKuma\u015f Grubu: Pamuk<br \/>\nCep Detay: Cepsiz<br \/>\nYaka: Dik<br \/>\nKol Kal\u0131p: Takma<br \/>\nEbat \/ Boy: 120 CM<br \/>\nTasar\u0131m D\u00f6nemi: 26-K\u0131\u015f<br \/>\nKal\u0131p: RELAX<br \/>\nBel: Y\u0131rtma\u00e7l\u0131<br \/>\nDesen: Garnili<br \/>\nTema: 1.Tema<br \/>\nLine: Toptan<br \/>\n\u00dcr\u00fcn Ligi: A Kalite<br \/>\nSezon Sat\u0131\u015f D\u00f6nemi: K\u0131\u015f<br \/>\nMalzeme T\u00fcr\u00fc: \u00d6rme<\/p>\n","protected":false},"excerpt":{"rendered":"<p>\u015e\u0131kl\u0131\u011f\u0131 detaylarda arayanlara \u00f6zel Siyah-Deri Biyeli Pamuklu Uzun Tunik ile zarif bir g\u00f6r\u00fcn\u00fcm yakalay\u0131n. G\u00fcnl\u00fck ve \u00f6zel kombinler i\u00e7in ideal tasar\u0131m ALLDAY\u2019de! \u2014 Technical Details \u2014 Sezon: 26-K\u0131\u015f Kuma\u015f \u0130\u00e7eri\u011fi: %70 Pamuk %25 Pes %5 Elastan Kuma\u015f Grubu: Pamuk Cep Detay: Cepsiz Yaka: Dik Kol Kal\u0131p: Takma Ebat \/ Boy: 120 CM Tasar\u0131m D\u00f6nemi: 26-K\u0131\u015f [&hellip;]<\/p>\n","protected":false},"featured_media":74619,"comment_status":"open","ping_status":"closed","template":"","meta":[],"product_brand":[],"product_cat":[2050],"product_tag":[5012,6905,6744,7758,7488],"class_list":{"0":"post-74628","1":"product","2":"type-product","3":"status-publish","4":"has-post-thumbnail","6":"product_cat-blazer-ceketler","7":"product_tag-elegant","8":"product_tag-gunluk-sik","9":"product_tag-kadin-modasi","10":"product_tag-kis-giyim","11":"product_tag-pamuk","12":"pa_brand-allday","13":"pa_color-siyah","14":"pa_size-4701","15":"pa_size-4706","16":"pa_size-4711","17":"pa_size-4713","18":"pa_size-4751","20":"first","21":"instock","22":"shipping-taxable","23":"purchasable","24":"product-type-variable"},"_links":{"self":[{"href":"https:\/\/mod.wisdar.net\/tr\/wp-json\/wp\/v2\/product\/74628","targetHints":{"allow":["GET"]}}],"collection":[{"href":"https:\/\/mod.wisdar.net\/tr\/wp-json\/wp\/v2\/product"}],"about":[{"href":"https:\/\/mod.wisdar.net\/tr\/wp-json\/wp\/v2\/types\/product"}],"replies":[{"embeddable":true,"href":"https:\/\/mod.wisdar.net\/tr\/wp-json\/wp\/v2\/comments?post=74628"}],"wp:featuredmedia":[{"embeddable":true,"href":"https:\/\/mod.wisdar.net\/tr\/wp-json\/wp\/v2\/media\/74619"}],"wp:attachment":[{"href":"https:\/\/mod.wisdar.net\/tr\/wp-json\/wp\/v2\/media?parent=74628"}],"wp:term":[{"taxonomy":"product_brand","embeddable":true,"href":"https:\/\/mod.wisdar.net\/tr\/wp-json\/wp\/v2\/product_brand?post=74628"},{"taxonomy":"product_cat","embeddable":true,"href":"https:\/\/mod.wisdar.net\/tr\/wp-json\/wp\/v2\/product_cat?post=74628"},{"taxonomy":"product_tag","embeddable":true,"href":"https:\/\/mod.wisdar.net\/tr\/wp-json\/wp\/v2\/product_tag?post=74628"}],"curies":[{"name":"wp","href":"https:\/\/api.w.org\/{rel}","templated":true}]}}