{"id":74796,"date":"2026-01-20T14:50:44","date_gmt":"2026-01-20T14:50:44","guid":{"rendered":"https:\/\/modesthanim.com\/product\/siyah-yumusak-dokulu-nervurlu-tunik\/"},"modified":"2026-04-02T07:11:30","modified_gmt":"2026-04-02T07:11:30","slug":"siyah-yumusak-dokulu-nervurlu-tunik","status":"publish","type":"product","link":"https:\/\/mod.wisdar.net\/tr\/urun\/siyah-yumusak-dokulu-nervurlu-tunik\/","title":{"rendered":"Siyah-Yumu\u015fak Dokulu Nerv\u00fcrl\u00fc Tunik"},"content":{"rendered":"<p>\u015e\u0131kl\u0131\u011f\u0131 detaylarda arayanlara \u00f6zel Siyah-Yumu\u015fak Dokulu Nerv\u00fcrl\u00fc Tunik le zarif bir g\u00f6r\u00fcn\u00fcm yakalay\u0131n. G\u00fcnl\u00fck ve \u00f6zel kombinler i\u00e7in ideal tasar\u0131m ALLDAY\u2019de!<\/p>\n<p>\u2014 Technical Details \u2014<br \/>\nSezon: 26-K\u0131\u015f<br \/>\nKuma\u015f \u0130\u00e7eri\u011fi: %51 V\u0130SCON %43 PES %6 EA<br \/>\nKuma\u015f Grubu: Pamuk Polyester<br \/>\nCep Detay: Cepsiz<br \/>\nYaka: Bisiklet<br \/>\nKol Kal\u0131p: Reglan<br \/>\nEbat \/ Boy: 100 CM<br \/>\nTasar\u0131m D\u00f6nemi: 26-K\u0131\u015f<br \/>\nKal\u0131p: RELAX<br \/>\nBel: Y\u0131rtma\u00e7l\u0131<br \/>\nDesen: D\u00fcz<br \/>\nTema: 1.Tema<br \/>\nLine: Toptan<br \/>\n\u00dcr\u00fcn Ligi: A Kalite<br \/>\nSezon Sat\u0131\u015f D\u00f6nemi: K\u0131\u015f<br \/>\nMalzeme T\u00fcr\u00fc: \u00d6rme<\/p>\n","protected":false},"excerpt":{"rendered":"<p>\u015e\u0131kl\u0131\u011f\u0131 detaylarda arayanlara \u00f6zel Siyah-Yumu\u015fak Dokulu Nerv\u00fcrl\u00fc Tunik le zarif bir g\u00f6r\u00fcn\u00fcm yakalay\u0131n. G\u00fcnl\u00fck ve \u00f6zel kombinler i\u00e7in ideal tasar\u0131m ALLDAY\u2019de! \u2014 Technical Details \u2014 Sezon: 26-K\u0131\u015f Kuma\u015f \u0130\u00e7eri\u011fi: %51 V\u0130SCON %43 PES %6 EA Kuma\u015f Grubu: Pamuk Polyester Cep Detay: Cepsiz Yaka: Bisiklet Kol Kal\u0131p: Reglan Ebat \/ Boy: 100 CM Tasar\u0131m D\u00f6nemi: 26-K\u0131\u015f [&hellip;]<\/p>\n","protected":false},"featured_media":74781,"comment_status":"open","ping_status":"closed","template":"","meta":[],"product_brand":[],"product_cat":[2050],"product_tag":[7895],"class_list":{"0":"post-74796","1":"product","2":"type-product","3":"status-publish","4":"has-post-thumbnail","6":"product_cat-blazer-ceketler","7":"product_tag-kis-modasi","8":"pa_brand-allday","9":"pa_color-siyah","10":"pa_size-4701","11":"pa_size-4706","12":"pa_size-4711","13":"pa_size-4713","14":"pa_size-4751","16":"first","17":"instock","18":"shipping-taxable","19":"purchasable","20":"product-type-variable"},"_links":{"self":[{"href":"https:\/\/mod.wisdar.net\/tr\/wp-json\/wp\/v2\/product\/74796","targetHints":{"allow":["GET"]}}],"collection":[{"href":"https:\/\/mod.wisdar.net\/tr\/wp-json\/wp\/v2\/product"}],"about":[{"href":"https:\/\/mod.wisdar.net\/tr\/wp-json\/wp\/v2\/types\/product"}],"replies":[{"embeddable":true,"href":"https:\/\/mod.wisdar.net\/tr\/wp-json\/wp\/v2\/comments?post=74796"}],"wp:featuredmedia":[{"embeddable":true,"href":"https:\/\/mod.wisdar.net\/tr\/wp-json\/wp\/v2\/media\/74781"}],"wp:attachment":[{"href":"https:\/\/mod.wisdar.net\/tr\/wp-json\/wp\/v2\/media?parent=74796"}],"wp:term":[{"taxonomy":"product_brand","embeddable":true,"href":"https:\/\/mod.wisdar.net\/tr\/wp-json\/wp\/v2\/product_brand?post=74796"},{"taxonomy":"product_cat","embeddable":true,"href":"https:\/\/mod.wisdar.net\/tr\/wp-json\/wp\/v2\/product_cat?post=74796"},{"taxonomy":"product_tag","embeddable":true,"href":"https:\/\/mod.wisdar.net\/tr\/wp-json\/wp\/v2\/product_tag?post=74796"}],"curies":[{"name":"wp","href":"https:\/\/api.w.org\/{rel}","templated":true}]}}