{"id":74877,"date":"2026-01-20T14:51:45","date_gmt":"2026-01-20T14:51:45","guid":{"rendered":"https:\/\/modesthanim.com\/product\/vizon-kapusonlu-rahat-tunik\/"},"modified":"2026-03-22T04:14:55","modified_gmt":"2026-03-22T04:14:55","slug":"vizon-kapusonlu-rahat-tunik","status":"publish","type":"product","link":"https:\/\/mod.wisdar.net\/tr\/urun\/vizon-kapusonlu-rahat-tunik\/","title":{"rendered":"Vizon-Kap\u00fc\u015fonlu Rahat Tunik"},"content":{"rendered":"<p>\u015e\u0131kl\u0131\u011f\u0131 detaylarda arayanlara \u00f6zel Vizon-Kap\u00fc\u015fonlu Rahat Tunik ile zarif bir g\u00f6r\u00fcn\u00fcm yakalay\u0131n. G\u00fcnl\u00fck ve \u00f6zel kombinler i\u00e7in ideal tasar\u0131m ALDAY\u2019de!<\/p>\n<p>\u2014 Technical Details \u2014<br \/>\nKal\u0131p: REGULAR<br \/>\nMalzeme T\u00fcr\u00fc: \u00d6rme<br \/>\nY\u0131kama Talimat\u0131: 30\u00b0 dereceye kadar y\u0131kama yap\u0131labilir<br \/>\nSezon Sat\u0131\u015f D\u00f6nemi: Baharl\u0131k<br \/>\n\u00dcr\u00fcn Ligi: A Kalite<br \/>\nLine: Toptan<br \/>\nTema: 1.Tema<br \/>\nDesen: D\u00fcz<br \/>\nBel: Y\u0131rtma\u00e7l\u0131<br \/>\nSezon: 26-K\u0131\u015f Rpt<br \/>\nTasar\u0131m D\u00f6nemi: 26-K\u0131\u015f<br \/>\nEbat \/ Boy: 117 CM<br \/>\nKol Kal\u0131p: D\u00fc\u015f\u00fck<br \/>\nYaka: Kap\u015fonlu<br \/>\nCep Detay: Cepsiz<br \/>\nKuma\u015f Grubu: Polyester<br \/>\nKuma\u015f \u0130\u00e7eri\u011fi: %70 PAMUK %25 PES %5 EA<\/p>\n","protected":false},"excerpt":{"rendered":"<p>\u015e\u0131kl\u0131\u011f\u0131 detaylarda arayanlara \u00f6zel Vizon-Kap\u00fc\u015fonlu Rahat Tunik ile zarif bir g\u00f6r\u00fcn\u00fcm yakalay\u0131n. G\u00fcnl\u00fck ve \u00f6zel kombinler i\u00e7in ideal tasar\u0131m ALDAY\u2019de! \u2014 Technical Details \u2014 Kal\u0131p: REGULAR Malzeme T\u00fcr\u00fc: \u00d6rme Y\u0131kama Talimat\u0131: 30\u00b0 dereceye kadar y\u0131kama yap\u0131labilir Sezon Sat\u0131\u015f D\u00f6nemi: Baharl\u0131k \u00dcr\u00fcn Ligi: A Kalite Line: Toptan Tema: 1.Tema Desen: D\u00fcz Bel: Y\u0131rtma\u00e7l\u0131 Sezon: 26-K\u0131\u015f Rpt [&hellip;]<\/p>\n","protected":false},"featured_media":74860,"comment_status":"open","ping_status":"closed","template":"","meta":[],"product_brand":[],"product_cat":[2050],"product_tag":[5012,7354,7421,6772,7488,7021,6751,7147],"class_list":{"0":"post-74877","1":"product","2":"type-product","3":"status-publish","4":"has-post-thumbnail","6":"product_cat-blazer-ceketler","7":"product_tag-elegant","8":"product_tag-gunluk-giyim-2","9":"product_tag-kapusonlu","10":"product_tag-ozel-gun","11":"product_tag-pamuk","12":"product_tag-polyester","13":"product_tag-rahat","14":"product_tag-vizon","15":"pa_brand-allday","16":"pa_color-vizon","17":"pa_size-4701","18":"pa_size-4706","19":"pa_size-4711","20":"pa_size-4713","21":"pa_size-4751","23":"first","24":"instock","25":"shipping-taxable","26":"purchasable","27":"product-type-variable"},"_links":{"self":[{"href":"https:\/\/mod.wisdar.net\/tr\/wp-json\/wp\/v2\/product\/74877","targetHints":{"allow":["GET"]}}],"collection":[{"href":"https:\/\/mod.wisdar.net\/tr\/wp-json\/wp\/v2\/product"}],"about":[{"href":"https:\/\/mod.wisdar.net\/tr\/wp-json\/wp\/v2\/types\/product"}],"replies":[{"embeddable":true,"href":"https:\/\/mod.wisdar.net\/tr\/wp-json\/wp\/v2\/comments?post=74877"}],"wp:featuredmedia":[{"embeddable":true,"href":"https:\/\/mod.wisdar.net\/tr\/wp-json\/wp\/v2\/media\/74860"}],"wp:attachment":[{"href":"https:\/\/mod.wisdar.net\/tr\/wp-json\/wp\/v2\/media?parent=74877"}],"wp:term":[{"taxonomy":"product_brand","embeddable":true,"href":"https:\/\/mod.wisdar.net\/tr\/wp-json\/wp\/v2\/product_brand?post=74877"},{"taxonomy":"product_cat","embeddable":true,"href":"https:\/\/mod.wisdar.net\/tr\/wp-json\/wp\/v2\/product_cat?post=74877"},{"taxonomy":"product_tag","embeddable":true,"href":"https:\/\/mod.wisdar.net\/tr\/wp-json\/wp\/v2\/product_tag?post=74877"}],"curies":[{"name":"wp","href":"https:\/\/api.w.org\/{rel}","templated":true}]}}