{"id":74942,"date":"2026-01-20T14:52:33","date_gmt":"2026-01-20T14:52:33","guid":{"rendered":"https:\/\/modesthanim.com\/product\/bordo-kapusonlu-rahat-tunik\/"},"modified":"2026-04-09T12:13:23","modified_gmt":"2026-04-09T12:13:23","slug":"bordo-kapusonlu-rahat-tunik","status":"publish","type":"product","link":"https:\/\/mod.wisdar.net\/tr\/urun\/bordo-kapusonlu-rahat-tunik\/","title":{"rendered":"Bordo Kap\u00fc\u015fonlu Rahat Tunik"},"content":{"rendered":"<p>\u015e\u0131kl\u0131\u011f\u0131 detaylarda arayanlar i\u00e7in tasarlanan Bordo Kap\u00fc\u015fonlu Rahat Tunik ile zarif bir g\u00f6r\u00fcn\u00fcm yakalay\u0131n. G\u00fcnl\u00fck ve \u00f6zel kombinler i\u00e7in ideal olan bu \u00fcr\u00fcn ALDAY&#8217;de sizleri bekliyor!<\/p>\n<p>\u2014 Teknik Detaylar \u2014<br \/>\nKal\u0131p: REGULAR<br \/>\nMalzeme T\u00fcr\u00fc: \u00d6rme<br \/>\nY\u0131kama Talimat\u0131: 30\u00b0 dereceye kadar y\u0131kanabilir<br \/>\nSezon Sat\u0131\u015f D\u00f6nemi: Baharl\u0131k<br \/>\n\u00dcr\u00fcn Kalitesi: A Kalite<br \/>\nKategori: Toptan<br \/>\nTema: 1. Tema<br \/>\nDesen: D\u00fcz<br \/>\nBel Detay\u0131: Y\u0131rtma\u00e7l\u0131<br \/>\nSezon: 26-K\u0131\u015f Tekrar<br \/>\nTasar\u0131m D\u00f6nemi: 26-K\u0131\u015f<br \/>\nUzunluk: 117 CM<br \/>\nKol Kal\u0131b\u0131: D\u00fc\u015f\u00fck<br \/>\nYaka Tipi: Kap\u00fc\u015fonlu<br \/>\nCep Detay\u0131: Cepsiz<br \/>\nKuma\u015f Grubu: Polyester<br \/>\nKuma\u015f \u0130\u00e7eri\u011fi: %70 PAMUK %25 PES %5 LYC<\/p>\n","protected":false},"excerpt":{"rendered":"<p>\u015e\u0131kl\u0131\u011f\u0131 detaylarda arayanlar i\u00e7in tasarlanan Bordo Kap\u00fc\u015fonlu Rahat Tunik ile zarif bir g\u00f6r\u00fcn\u00fcm yakalay\u0131n. G\u00fcnl\u00fck ve \u00f6zel kombinler i\u00e7in ideal olan bu \u00fcr\u00fcn ALDAY&#8217;de sizleri bekliyor! \u2014 Teknik Detaylar \u2014 Kal\u0131p: REGULAR Malzeme T\u00fcr\u00fc: \u00d6rme Y\u0131kama Talimat\u0131: 30\u00b0 dereceye kadar y\u0131kanabilir Sezon Sat\u0131\u015f D\u00f6nemi: Baharl\u0131k \u00dcr\u00fcn Kalitesi: A Kalite Kategori: Toptan Tema: 1. Tema Desen: [&hellip;]<\/p>\n","protected":false},"featured_media":74927,"comment_status":"open","ping_status":"closed","template":"","meta":[],"product_brand":[],"product_cat":[2050],"product_tag":[],"class_list":{"0":"post-74942","1":"product","2":"type-product","3":"status-publish","4":"has-post-thumbnail","6":"product_cat-blazer-ceketler","7":"pa_brand-allday","8":"pa_color-bordo","9":"pa_size-4701","10":"pa_size-4706","11":"pa_size-4711","12":"pa_size-4713","13":"pa_size-4751","15":"first","16":"instock","17":"shipping-taxable","18":"purchasable","19":"product-type-variable"},"_links":{"self":[{"href":"https:\/\/mod.wisdar.net\/tr\/wp-json\/wp\/v2\/product\/74942","targetHints":{"allow":["GET"]}}],"collection":[{"href":"https:\/\/mod.wisdar.net\/tr\/wp-json\/wp\/v2\/product"}],"about":[{"href":"https:\/\/mod.wisdar.net\/tr\/wp-json\/wp\/v2\/types\/product"}],"replies":[{"embeddable":true,"href":"https:\/\/mod.wisdar.net\/tr\/wp-json\/wp\/v2\/comments?post=74942"}],"wp:featuredmedia":[{"embeddable":true,"href":"https:\/\/mod.wisdar.net\/tr\/wp-json\/wp\/v2\/media\/74927"}],"wp:attachment":[{"href":"https:\/\/mod.wisdar.net\/tr\/wp-json\/wp\/v2\/media?parent=74942"}],"wp:term":[{"taxonomy":"product_brand","embeddable":true,"href":"https:\/\/mod.wisdar.net\/tr\/wp-json\/wp\/v2\/product_brand?post=74942"},{"taxonomy":"product_cat","embeddable":true,"href":"https:\/\/mod.wisdar.net\/tr\/wp-json\/wp\/v2\/product_cat?post=74942"},{"taxonomy":"product_tag","embeddable":true,"href":"https:\/\/mod.wisdar.net\/tr\/wp-json\/wp\/v2\/product_tag?post=74942"}],"curies":[{"name":"wp","href":"https:\/\/api.w.org\/{rel}","templated":true}]}}