{"id":75020,"date":"2026-01-20T14:53:33","date_gmt":"2026-01-20T14:53:33","guid":{"rendered":"https:\/\/modesthanim.com\/product\/tas-pamuklu-zincir-islemeli-tunik\/"},"modified":"2026-04-02T07:04:31","modified_gmt":"2026-04-02T07:04:31","slug":"tas-pamuklu-zincir-islemeli-tunik","status":"publish","type":"product","link":"https:\/\/mod.wisdar.net\/tr\/urun\/tas-pamuklu-zincir-islemeli-tunik\/","title":{"rendered":"Ta\u015f-Pamuklu Zincir \u0130\u015flemeli Tunik"},"content":{"rendered":"<p>\u015e\u0131kl\u0131\u011f\u0131 detaylarda arayanlara \u00f6zel Ta\u015f-Pamuklu Zincir \u0130\u015flemeli Tunik le zarif bir g\u00f6r\u00fcn\u00fcm yakalay\u0131n. G\u00fcnl\u00fck ve \u00f6zel kombinler i\u00e7in ideal tasar\u0131m ALLDAY\u2019de!<\/p>\n<p>\u2014 Technical Details \u2014<br \/>\nSezon: 26-K\u0131\u015f<br \/>\nKuma\u015f \u0130\u00e7eri\u011fi: %70 Pamuk %25 Pes %5 Elastan<br \/>\nKuma\u015f Grubu: Pamuk<br \/>\nCep Detay: Cepsiz<br \/>\nYaka: Bisiklet<br \/>\nKol Kal\u0131p: Takma<br \/>\nEbat \/ Boy: 120 CM<br \/>\nTasar\u0131m D\u00f6nemi: 26-K\u0131\u015f<br \/>\nKal\u0131p: RELAX<br \/>\nBel: Bel<br \/>\nDesen: D\u00fcz<br \/>\nTema: Toptan<br \/>\nLine: Toptan<br \/>\n\u00dcr\u00fcn Ligi: A Kalite<br \/>\nSezon Sat\u0131\u015f D\u00f6nemi: Baharl\u0131k<br \/>\nMalzeme T\u00fcr\u00fc: \u00d6rme<\/p>\n","protected":false},"excerpt":{"rendered":"<p>\u015e\u0131kl\u0131\u011f\u0131 detaylarda arayanlara \u00f6zel Ta\u015f-Pamuklu Zincir \u0130\u015flemeli Tunik le zarif bir g\u00f6r\u00fcn\u00fcm yakalay\u0131n. G\u00fcnl\u00fck ve \u00f6zel kombinler i\u00e7in ideal tasar\u0131m ALLDAY\u2019de! \u2014 Technical Details \u2014 Sezon: 26-K\u0131\u015f Kuma\u015f \u0130\u00e7eri\u011fi: %70 Pamuk %25 Pes %5 Elastan Kuma\u015f Grubu: Pamuk Cep Detay: Cepsiz Yaka: Bisiklet Kol Kal\u0131p: Takma Ebat \/ Boy: 120 CM Tasar\u0131m D\u00f6nemi: 26-K\u0131\u015f Kal\u0131p: [&hellip;]<\/p>\n","protected":false},"featured_media":75012,"comment_status":"open","ping_status":"closed","template":"","meta":[],"product_brand":[],"product_cat":[2050],"product_tag":[7354,6772,6906],"class_list":{"0":"post-75020","1":"product","2":"type-product","3":"status-publish","4":"has-post-thumbnail","6":"product_cat-blazer-ceketler","7":"product_tag-gunluk-giyim-2","8":"product_tag-ozel-gun","9":"product_tag-zarif-moda","10":"pa_brand-allday","11":"pa_color-tas","12":"pa_size-4701","13":"pa_size-4706","14":"pa_size-4711","15":"pa_size-4713","16":"pa_size-4751","18":"first","19":"outofstock","20":"shipping-taxable","21":"product-type-variable"},"_links":{"self":[{"href":"https:\/\/mod.wisdar.net\/tr\/wp-json\/wp\/v2\/product\/75020","targetHints":{"allow":["GET"]}}],"collection":[{"href":"https:\/\/mod.wisdar.net\/tr\/wp-json\/wp\/v2\/product"}],"about":[{"href":"https:\/\/mod.wisdar.net\/tr\/wp-json\/wp\/v2\/types\/product"}],"replies":[{"embeddable":true,"href":"https:\/\/mod.wisdar.net\/tr\/wp-json\/wp\/v2\/comments?post=75020"}],"wp:featuredmedia":[{"embeddable":true,"href":"https:\/\/mod.wisdar.net\/tr\/wp-json\/wp\/v2\/media\/75012"}],"wp:attachment":[{"href":"https:\/\/mod.wisdar.net\/tr\/wp-json\/wp\/v2\/media?parent=75020"}],"wp:term":[{"taxonomy":"product_brand","embeddable":true,"href":"https:\/\/mod.wisdar.net\/tr\/wp-json\/wp\/v2\/product_brand?post=75020"},{"taxonomy":"product_cat","embeddable":true,"href":"https:\/\/mod.wisdar.net\/tr\/wp-json\/wp\/v2\/product_cat?post=75020"},{"taxonomy":"product_tag","embeddable":true,"href":"https:\/\/mod.wisdar.net\/tr\/wp-json\/wp\/v2\/product_tag?post=75020"}],"curies":[{"name":"wp","href":"https:\/\/api.w.org\/{rel}","templated":true}]}}