{"id":75130,"date":"2026-01-20T15:03:20","date_gmt":"2026-01-20T15:03:20","guid":{"rendered":"https:\/\/modesthanim.com\/product\/siyah-deri-ceket\/"},"modified":"2026-03-22T04:40:36","modified_gmt":"2026-03-22T04:40:36","slug":"siyah-deri-ceket","status":"publish","type":"product","link":"https:\/\/mod.wisdar.net\/tr\/urun\/siyah-deri-ceket\/","title":{"rendered":"Siyah Deri Ceket"},"content":{"rendered":"<p>\u015e\u0131k ve dayan\u0131kl\u0131 siyah deri ceket, her gard\u0131roba modern bir dokunu\u015f katar. Kaliteli malzemelerle \u00fcretilmi\u015f olup, hem g\u00fcnl\u00fck kullan\u0131m hem de \u00f6zel etkinlikler i\u00e7in m\u00fckemmel bir se\u00e7imdir.<\/p>\n","protected":false},"excerpt":{"rendered":"<p>\u015e\u0131k ve dayan\u0131kl\u0131 siyah deri ceket, her gard\u0131roba modern bir dokunu\u015f katar. Kaliteli malzemelerle \u00fcretilmi\u015f olup, hem g\u00fcnl\u00fck kullan\u0131m hem de \u00f6zel etkinlikler i\u00e7in m\u00fckemmel bir se\u00e7imdir.<\/p>\n","protected":false},"featured_media":75121,"comment_status":"open","ping_status":"closed","template":"","meta":[],"product_brand":[],"product_cat":[2044],"product_tag":[],"class_list":{"0":"post-75130","1":"product","2":"type-product","3":"status-publish","4":"has-post-thumbnail","6":"product_cat-ceketler","7":"pa_brand-qooq-up","8":"pa_color-siyah","9":"pa_size-4701","10":"pa_size-4706","11":"pa_size-4711","12":"pa_size-4713","14":"first","15":"instock","16":"sale","17":"shipping-taxable","18":"purchasable","19":"product-type-variable"},"_links":{"self":[{"href":"https:\/\/mod.wisdar.net\/tr\/wp-json\/wp\/v2\/product\/75130","targetHints":{"allow":["GET"]}}],"collection":[{"href":"https:\/\/mod.wisdar.net\/tr\/wp-json\/wp\/v2\/product"}],"about":[{"href":"https:\/\/mod.wisdar.net\/tr\/wp-json\/wp\/v2\/types\/product"}],"replies":[{"embeddable":true,"href":"https:\/\/mod.wisdar.net\/tr\/wp-json\/wp\/v2\/comments?post=75130"}],"wp:featuredmedia":[{"embeddable":true,"href":"https:\/\/mod.wisdar.net\/tr\/wp-json\/wp\/v2\/media\/75121"}],"wp:attachment":[{"href":"https:\/\/mod.wisdar.net\/tr\/wp-json\/wp\/v2\/media?parent=75130"}],"wp:term":[{"taxonomy":"product_brand","embeddable":true,"href":"https:\/\/mod.wisdar.net\/tr\/wp-json\/wp\/v2\/product_brand?post=75130"},{"taxonomy":"product_cat","embeddable":true,"href":"https:\/\/mod.wisdar.net\/tr\/wp-json\/wp\/v2\/product_cat?post=75130"},{"taxonomy":"product_tag","embeddable":true,"href":"https:\/\/mod.wisdar.net\/tr\/wp-json\/wp\/v2\/product_tag?post=75130"}],"curies":[{"name":"wp","href":"https:\/\/api.w.org\/{rel}","templated":true}]}}