{"id":7532,"date":"2025-11-07T20:16:06","date_gmt":"2025-11-01T19:53:14","guid":{"rendered":"https:\/\/modesthanim.com\/product\/kemerli-jakar-ceket-indigo\/"},"modified":"2026-04-10T15:01:40","modified_gmt":"2026-04-10T15:01:40","slug":"kemerli-jakar-ceket-indigo","status":"publish","type":"product","link":"https:\/\/mod.wisdar.net\/tr\/urun\/kemerli-jakar-ceket-indigo\/","title":{"rendered":"Kemerli Jakar Ceket \u2013 \u0130ndigo"},"content":{"rendered":"<p>Bu ceket, zarif jakar dokusu ve kemer detay\u0131 ile feminen bir siluet sunar, stil vurgusu yapar. \u00d6zel g\u00fcnlerden g\u00fcnl\u00fck k\u0131yafetlere kadar geni\u015f bir kullan\u0131m yelpazesi sa\u011flar.<\/p>\n<p>Kuma\u015f \u0130\u00e7eri\u011fi: %88 Lyocell, %14 Polyester<br \/>\nDesen: Jakar Deseni<br \/>\nYaka Tipi: Blazer Yaka<br \/>\nKol Tipi: Uzun Kol<br \/>\nCep: Gizli Cep<br \/>\nAstar: Astars\u0131z<br \/>\n\u00dcr\u00fcn Uzunlu\u011fu: 100 cm<br \/>\nKal\u0131p: Normal Kal\u0131p<br \/>\nModelin Giydi\u011fi Beden: 38<br \/>\nModel \u00d6l\u00e7\u00fcleri: Boy: 176 cm, G\u00f6\u011f\u00fcs: 86 cm, Bel: 61 cm, Kal\u00e7a: 90 cm<\/p>\n<p>\u2014 Teknik Detaylar \u2014<br \/>\nDesen: Jakar Deseni<br \/>\nYaka Tipi: Blazer Yaka<br \/>\nKol Tipi: Uzun Kol<br \/>\nCep: Gizli Cep<br \/>\nAstar: Astars\u0131z<br \/>\n\u00dcr\u00fcn Uzunlu\u011fu: 100 cm<br \/>\nKal\u0131p: Normal Kal\u0131p<br \/>\nModelin Giydi\u011fi Beden: 38<br \/>\nModel \u00d6l\u00e7\u00fcleri: Boy: 176 cm, G\u00f6\u011f\u00fcs: 86 cm, Bel: 61 cm, Kal\u00e7a: 90 cm<\/p>\n","protected":false},"excerpt":{"rendered":"<p>Bu ceket, zarif jakar dokusu ve kemer detay\u0131 ile feminen bir siluet sunar, stil vurgusu yapar. \u00d6zel g\u00fcnlerden g\u00fcnl\u00fck k\u0131yafetlere kadar geni\u015f bir kullan\u0131m yelpazesi sa\u011flar. Kuma\u015f \u0130\u00e7eri\u011fi: %88 Lyocell, %14 Polyester Desen: Jakar Deseni Yaka Tipi: Blazer Yaka Kol Tipi: Uzun Kol Cep: Gizli Cep Astar: Astars\u0131z \u00dcr\u00fcn Uzunlu\u011fu: 100 cm Kal\u0131p: Normal Kal\u0131p [&hellip;]<\/p>\n","protected":false},"featured_media":7502,"comment_status":"open","ping_status":"closed","template":"","meta":[],"product_brand":[],"product_cat":[2044],"product_tag":[5012,7668],"class_list":{"0":"post-7532","1":"product","2":"type-product","3":"status-publish","4":"has-post-thumbnail","6":"product_cat-ceketler","7":"product_tag-elegant","8":"product_tag-kemerli","9":"pa_brand-tugba","10":"pa_color-indigo","11":"pa_size-4706","12":"pa_size-4711","13":"pa_size-4713","14":"pa_size-4751","15":"pa_size-4749","16":"pa_size-4747","18":"first","19":"instock","20":"sale","21":"shipping-taxable","22":"purchasable","23":"product-type-variable"},"_links":{"self":[{"href":"https:\/\/mod.wisdar.net\/tr\/wp-json\/wp\/v2\/product\/7532","targetHints":{"allow":["GET"]}}],"collection":[{"href":"https:\/\/mod.wisdar.net\/tr\/wp-json\/wp\/v2\/product"}],"about":[{"href":"https:\/\/mod.wisdar.net\/tr\/wp-json\/wp\/v2\/types\/product"}],"replies":[{"embeddable":true,"href":"https:\/\/mod.wisdar.net\/tr\/wp-json\/wp\/v2\/comments?post=7532"}],"wp:featuredmedia":[{"embeddable":true,"href":"https:\/\/mod.wisdar.net\/tr\/wp-json\/wp\/v2\/media\/7502"}],"wp:attachment":[{"href":"https:\/\/mod.wisdar.net\/tr\/wp-json\/wp\/v2\/media?parent=7532"}],"wp:term":[{"taxonomy":"product_brand","embeddable":true,"href":"https:\/\/mod.wisdar.net\/tr\/wp-json\/wp\/v2\/product_brand?post=7532"},{"taxonomy":"product_cat","embeddable":true,"href":"https:\/\/mod.wisdar.net\/tr\/wp-json\/wp\/v2\/product_cat?post=7532"},{"taxonomy":"product_tag","embeddable":true,"href":"https:\/\/mod.wisdar.net\/tr\/wp-json\/wp\/v2\/product_tag?post=7532"}],"curies":[{"name":"wp","href":"https:\/\/api.w.org\/{rel}","templated":true}]}}